{"id":12089,"date":"2026-02-27T00:12:47","date_gmt":"2026-02-27T00:12:47","guid":{"rendered":"https:\/\/nordicmart.andreevmaster.com\/product\/songmics-solsegel-uv-skydd\/"},"modified":"2026-02-27T08:07:15","modified_gmt":"2026-02-27T08:07:15","slug":"songmics-solsegel-uv-skydd","status":"publish","type":"product","link":"https:\/\/nordicmart.andreevmaster.com\/sv\/produkt\/songmics-solsegel-uv-skydd\/","title":{"rendered":"SONGMICS solsegel UV-skydd"},"content":{"rendered":"<p>S\u00e5 monterar du solseglet Inga verktyg beh\u00f6vs f\u00f6r monteringen! L\u00e4gg ut solseglet p\u00e5 den plats d\u00e4r du beh\u00f6ver solskydd. Leta sedan upp fyra f\u00e4stpunkter d\u00e4r du vill f\u00e4sta de medf\u00f6ljande linorna. Dessa \u00e4r 2 m l\u00e5nga, s\u00e5 leta upp tr\u00e4d, stolpar eller andra stabila f\u00f6rem\u00e5l inom denna radie. F\u00e4st sedan linorna vid f\u00e4stpunkterna samt vid solseglets robusta \u00f6glor och rostfria ringar, s\u00e5 att presenningen kan sp\u00e4nnas \u00e5t med en lutningsvinkel p\u00e5 minst 25 grader. P\u00e5 s\u00e5 s\u00e4tt rinner regnvattnet av perfekt. Var passar detta solskydd? Finns det 4 f\u00e4stpunkter och tillr\u00e4ckligt med utrymme f\u00f6r seglet som \u00e4r 2 x 3 m stort? D\u00e5 \u00e4r detta den perfekta platsen f\u00f6r ditt nya solskydd, oavsett om det \u00e4r p\u00e5 campingen, i din tr\u00e4dg\u00e5rd eller \u00f6ver din pool. Produktdetaljer: &#8211; F\u00e4rg: r\u00f6kgr\u00e5 &#8211; Material: polyester (160 g\/m\u00b2) &#8211; Storlek: 2 x 3 m &#8211; Vikt: 1,2 kg Leveransomfattning: &#8211; 1 x solsegel med v\u00e4ska &#8211; 4 x f\u00e4strep SONGIMCS Anvisningar:- Luta duken 25 grader f\u00f6r att regnvattnet ska rinna av smidigt. &#8211; F\u00f6rvara solseglet p\u00e5 en skyddad plats under ov\u00e4der eller p\u00e5 vintern. &#8211; Reng\u00f6r seglet med ett milt reng\u00f6ringsmedel eller vatten. Anv\u00e4nd aldrig en borste med h\u00e5rda borst eller kemiska v\u00e4tskor. &#8211; Se till att inte h\u00e4nga upp seglet upp och ner.<\/p>\n","protected":false},"excerpt":{"rendered":"<p>SONGMICS solsegel 2 x 3 m, vattent\u00e4tt upp till minst 1000 mm vattenpelare, 93 % UV-skydd, solskydd av rivfast polyester, v\u00e4derbest\u00e4ndigt, tr\u00e4dg\u00e5rd, balkong, terrass, camping, r\u00f6kgr\u00e5tt GSH23BK<\/p>\n","protected":false},"featured_media":40412,"comment_status":"open","ping_status":"closed","template":"","meta":[],"product_brand":[],"product_cat":[33],"product_tag":[],"class_list":{"0":"post-12089","1":"product","2":"type-product","3":"status-publish","4":"has-post-thumbnail","6":"product_cat-okategoriserad","8":"first","9":"instock","10":"shipping-taxable","11":"purchasable","12":"product-type-simple"},"_links":{"self":[{"href":"https:\/\/nordicmart.andreevmaster.com\/sv\/wp-json\/wp\/v2\/product\/12089","targetHints":{"allow":["GET"]}}],"collection":[{"href":"https:\/\/nordicmart.andreevmaster.com\/sv\/wp-json\/wp\/v2\/product"}],"about":[{"href":"https:\/\/nordicmart.andreevmaster.com\/sv\/wp-json\/wp\/v2\/types\/product"}],"replies":[{"embeddable":true,"href":"https:\/\/nordicmart.andreevmaster.com\/sv\/wp-json\/wp\/v2\/comments?post=12089"}],"wp:featuredmedia":[{"embeddable":true,"href":"https:\/\/nordicmart.andreevmaster.com\/sv\/wp-json\/wp\/v2\/media\/40412"}],"wp:attachment":[{"href":"https:\/\/nordicmart.andreevmaster.com\/sv\/wp-json\/wp\/v2\/media?parent=12089"}],"wp:term":[{"taxonomy":"product_brand","embeddable":true,"href":"https:\/\/nordicmart.andreevmaster.com\/sv\/wp-json\/wp\/v2\/product_brand?post=12089"},{"taxonomy":"product_cat","embeddable":true,"href":"https:\/\/nordicmart.andreevmaster.com\/sv\/wp-json\/wp\/v2\/product_cat?post=12089"},{"taxonomy":"product_tag","embeddable":true,"href":"https:\/\/nordicmart.andreevmaster.com\/sv\/wp-json\/wp\/v2\/product_tag?post=12089"}],"curies":[{"name":"wp","href":"https:\/\/api.w.org\/{rel}","templated":true}]}}