{"id":12088,"date":"2026-02-27T00:12:46","date_gmt":"2026-02-27T00:12:46","guid":{"rendered":"https:\/\/nordicmart.andreevmaster.com\/product\/songmics-sovsack-for-3-4-sasonger\/"},"modified":"2026-02-27T08:07:15","modified_gmt":"2026-02-27T08:07:15","slug":"songmics-sovsack-for-3-4-sasonger","status":"publish","type":"product","link":"https:\/\/nordicmart.andreevmaster.com\/sv\/produkt\/songmics-sovsack-for-3-4-sasonger\/","title":{"rendered":"SONGMICS sovs\u00e4ck f\u00f6r 3-4 s\u00e4songer"},"content":{"rendered":"<p>Njut av maximal komfort V\u00e5r 84 cm breda sovs\u00e4ck erbjuder mer utrymme \u00e4n andra. Fyllningen p\u00e5 300 g\/m\u00b2 av konstsilkeull klumpar sig inte och deformeras inte, vilket g\u00f6r att sovs\u00e4cken \u00e4r bekv\u00e4m och praktisk att tv\u00e4tta i maskin. Dessutom medf\u00f6ljer en f\u00f6rvaringsp\u00e5se s\u00e5 att du enkelt kan packa ihop sovs\u00e4cken och ta med den vart du \u00e4n g\u00e5r. Hur sover du helst? Helt inlindad? Den dubbla dragkedjan p\u00e5 denna sovs\u00e4ck kan st\u00e4ngas helt. Du kan ocks\u00e5 s\u00e4tta p\u00e5 den integrerade huvan och f\u00e4sta kardborrbandet f\u00f6r att svepa s\u00e4cken t\u00e4tt runt kroppen. Vill du ha lite luft till f\u00f6tterna? Inga problem! \u00d6ppna bara den nedre dragkedjan f\u00f6r att kyla ner dem. Produktdetaljer: &#8211; F\u00e4rg: Bl\u00e5gr\u00f6n-turkosbl\u00e5 &#8211; Material: Polyester, konstsilke, mikrofiberfoder &#8211; Storlek utf\u00e4lld: 220 x 84 cm &#8211; Storlek ihopvikt: 28 x 44 cm (\u00d8 x H) &#8211; Vikt: 1,95 kg &#8211; Komforttemperatur: 5-15 \u00b0C &#8211; Extrem temperaturbest\u00e4ndighet: -15 \u00b0C Leveransomfattning: &#8211; 1 x sovs\u00e4ck &#8211; 1 x f\u00f6rvaringsp\u00e5se SONGMICS Anm\u00e4rkningar:- Vi rekommenderar att du best\u00e4ller en sovs\u00e4ck vars extremtemperaturbest\u00e4ndighet \u00e4r l\u00e4gre \u00e4n den f\u00f6rv\u00e4ntade temperaturen p\u00e5 din resedestination. &#8211; Vi rekommenderar att du anv\u00e4nder sovs\u00e4cken tillsammans med ett t\u00e4lt och en campingfilt och inte l\u00e4gger den direkt p\u00e5 den kalla marken. &#8211; F\u00f6r att s\u00e4kerst\u00e4lla optimal v\u00e4rmeisolering b\u00f6r sovs\u00e4cken inte tv\u00e4ttas f\u00f6r ofta.<\/p>\n","protected":false},"excerpt":{"rendered":"<p>SONGMICS sovs\u00e4ck med kompressionsp\u00e5se, bred t\u00e4cksovs\u00e4ck, komforttemperatur 5-15 \u00b0C, 3-4 \u00e5rstider, l\u00e4tt att transportera, camping, vandring, 220 x 84 cm, bl\u00e5gr\u00f6n-turkosbl\u00e5 GSB30BU<\/p>\n","protected":false},"featured_media":40411,"comment_status":"open","ping_status":"closed","template":"","meta":[],"product_brand":[],"product_cat":[33],"product_tag":[],"class_list":{"0":"post-12088","1":"product","2":"type-product","3":"status-publish","4":"has-post-thumbnail","6":"product_cat-okategoriserad","8":"first","9":"instock","10":"shipping-taxable","11":"purchasable","12":"product-type-simple"},"_links":{"self":[{"href":"https:\/\/nordicmart.andreevmaster.com\/sv\/wp-json\/wp\/v2\/product\/12088","targetHints":{"allow":["GET"]}}],"collection":[{"href":"https:\/\/nordicmart.andreevmaster.com\/sv\/wp-json\/wp\/v2\/product"}],"about":[{"href":"https:\/\/nordicmart.andreevmaster.com\/sv\/wp-json\/wp\/v2\/types\/product"}],"replies":[{"embeddable":true,"href":"https:\/\/nordicmart.andreevmaster.com\/sv\/wp-json\/wp\/v2\/comments?post=12088"}],"wp:featuredmedia":[{"embeddable":true,"href":"https:\/\/nordicmart.andreevmaster.com\/sv\/wp-json\/wp\/v2\/media\/40411"}],"wp:attachment":[{"href":"https:\/\/nordicmart.andreevmaster.com\/sv\/wp-json\/wp\/v2\/media?parent=12088"}],"wp:term":[{"taxonomy":"product_brand","embeddable":true,"href":"https:\/\/nordicmart.andreevmaster.com\/sv\/wp-json\/wp\/v2\/product_brand?post=12088"},{"taxonomy":"product_cat","embeddable":true,"href":"https:\/\/nordicmart.andreevmaster.com\/sv\/wp-json\/wp\/v2\/product_cat?post=12088"},{"taxonomy":"product_tag","embeddable":true,"href":"https:\/\/nordicmart.andreevmaster.com\/sv\/wp-json\/wp\/v2\/product_tag?post=12088"}],"curies":[{"name":"wp","href":"https:\/\/api.w.org\/{rel}","templated":true}]}}