{"id":12087,"date":"2026-02-27T00:12:46","date_gmt":"2026-02-27T00:12:46","guid":{"rendered":"https:\/\/nordicmart.andreevmaster.com\/product\/songmics-sovsack-220-x-75-cm-bla\/"},"modified":"2026-02-27T08:07:15","modified_gmt":"2026-02-27T08:07:15","slug":"songmics-sovsack-220-x-75-cm-bla","status":"publish","type":"product","link":"https:\/\/nordicmart.andreevmaster.com\/sv\/produkt\/songmics-sovsack-220-x-75-cm-bla\/","title":{"rendered":"SONGMICS sovs\u00e4ck 220 x 75 cm bl\u00e5"},"content":{"rendered":"<p>K\u00f6p din friluftsutrustning hos SONGMICS! Efter en l\u00e5ng, anstr\u00e4ngande dag utomhus under en kall natt \u00e4r det du beh\u00f6ver mest en bekv\u00e4m s\u00e4ng som hj\u00e4lper dig att ladda batterierna och f\u00f6rbereda dig f\u00f6r n\u00e4sta utmaning. Turligt nog har du kommit r\u00e4tt! V\u00e5r sovs\u00e4ck har flera anv\u00e4ndarv\u00e4nliga funktioner som ger v\u00e4rme och komfort n\u00e4r du \u00e4r ute i den kalla vildmarken. SONGMICS huvudm\u00e5l \u00e4r att v\u00e5ra kunder ska vara n\u00f6jda. V\u00e5r kundtj\u00e4nst finns alltid till hands f\u00f6r dig. V\u00e4nta inte l\u00e4ngre, skaffa din nya sovs\u00e4ck. Dags f\u00f6r n\u00e4sta natur\u00e4ventyr! Produktdetaljer: &#8211; F\u00e4rg: Bl\u00e5 &#8211; Material: Nylon, fyllning av konstsilke, polyester-pongee &#8211; Storlek utf\u00e4lld: 220 x 75 cm &#8211; Storlek ihopvikt: 15 x 25 cm (\u00d8 x H) &#8211; Vikt: 0,95 kg &#8211; Komforttemperatur: 6\u201315 \u00b0C &#8211; Extrem temperaturbest\u00e4ndighet: -7 \u00b0C Leveransomfattning: &#8211; 1 x sovs\u00e4ck &#8211; 1 x f\u00f6rvaringsp\u00e5se SONGMICS Anm\u00e4rkningar: &#8211; Vi rekommenderar att du best\u00e4ller en sovs\u00e4ck vars extremtemperaturbest\u00e4ndighet \u00e4r l\u00e4gre \u00e4n den f\u00f6rv\u00e4ntade temperaturen p\u00e5 din resedestination. Om den f\u00f6rv\u00e4ntade temperaturen p\u00e5 resm\u00e5let \u00e4r 0 \u00b0C b\u00f6r du till exempel v\u00e4lja en sovs\u00e4ck som \u00e4ven kan anv\u00e4ndas vid -3 \u00b0C eller -5 \u00b0C.- Vi rekommenderar att du anv\u00e4nder sovs\u00e4cken tillsammans med ett t\u00e4lt och en campingfilt och inte l\u00e4gger den direkt p\u00e5 den kalla marken. &#8211; F\u00f6r att s\u00e4kerst\u00e4lla optimal v\u00e4rmeisolering b\u00f6r sovs\u00e4cken inte tv\u00e4ttas f\u00f6r ofta.<\/p>\n","protected":false},"excerpt":{"rendered":"<p>SONGMICS Camping sovs\u00e4ck t\u00e4cksovs\u00e4ck fyllning av syntetfibrer utomhus f\u00f6r vuxna med kompressionsp\u00e5se 220 x 84 cm GSB02GB<\/p>\n","protected":false},"featured_media":40410,"comment_status":"open","ping_status":"closed","template":"","meta":[],"product_brand":[],"product_cat":[33],"product_tag":[],"class_list":{"0":"post-12087","1":"product","2":"type-product","3":"status-publish","4":"has-post-thumbnail","6":"product_cat-okategoriserad","8":"first","9":"instock","10":"shipping-taxable","11":"purchasable","12":"product-type-simple"},"_links":{"self":[{"href":"https:\/\/nordicmart.andreevmaster.com\/sv\/wp-json\/wp\/v2\/product\/12087","targetHints":{"allow":["GET"]}}],"collection":[{"href":"https:\/\/nordicmart.andreevmaster.com\/sv\/wp-json\/wp\/v2\/product"}],"about":[{"href":"https:\/\/nordicmart.andreevmaster.com\/sv\/wp-json\/wp\/v2\/types\/product"}],"replies":[{"embeddable":true,"href":"https:\/\/nordicmart.andreevmaster.com\/sv\/wp-json\/wp\/v2\/comments?post=12087"}],"wp:featuredmedia":[{"embeddable":true,"href":"https:\/\/nordicmart.andreevmaster.com\/sv\/wp-json\/wp\/v2\/media\/40410"}],"wp:attachment":[{"href":"https:\/\/nordicmart.andreevmaster.com\/sv\/wp-json\/wp\/v2\/media?parent=12087"}],"wp:term":[{"taxonomy":"product_brand","embeddable":true,"href":"https:\/\/nordicmart.andreevmaster.com\/sv\/wp-json\/wp\/v2\/product_brand?post=12087"},{"taxonomy":"product_cat","embeddable":true,"href":"https:\/\/nordicmart.andreevmaster.com\/sv\/wp-json\/wp\/v2\/product_cat?post=12087"},{"taxonomy":"product_tag","embeddable":true,"href":"https:\/\/nordicmart.andreevmaster.com\/sv\/wp-json\/wp\/v2\/product_tag?post=12087"}],"curies":[{"name":"wp","href":"https:\/\/api.w.org\/{rel}","templated":true}]}}