{"id":12086,"date":"2026-02-27T00:12:46","date_gmt":"2026-02-27T00:12:46","guid":{"rendered":"https:\/\/nordicmart.andreevmaster.com\/product\/songmics-sovsack-220-x-84-cm-svart-gra\/"},"modified":"2026-02-27T08:07:15","modified_gmt":"2026-02-27T08:07:15","slug":"songmics-sovsack-220-x-84-cm-svart-gra","status":"publish","type":"product","link":"https:\/\/nordicmart.andreevmaster.com\/sv\/produkt\/songmics-sovsack-220-x-84-cm-svart-gra\/","title":{"rendered":"SONGMICS sovs\u00e4ck 220 x 84 cm svart-gr\u00e5"},"content":{"rendered":"<p>Produktdetaljer: &#8211; F\u00e4rg: svart och gr\u00e5 &#8211; Material: 230T polyesterv\u00e4v med vattent\u00e4t bel\u00e4ggning (utsida), 190T pongee-polyester (insida) &#8211; Fyllning: 300 g\/m\u00b2 ih\u00e5liga fibrer &#8211; Produktm\u00e5tt: 220 x 84 cm &#8211; Vikt: 1,8 kg Leveransomfattning: &#8211; 1 x sovs\u00e4ck &#8211; 1 x kompressionsp\u00e5se av Oxford-tyg Anvisningar: &#8211; F\u00f6r reng\u00f6ring rekommenderar vi att du endast torkar av sovs\u00e4cken med en fuktig trasa.- Sovs\u00e4cken \u00e4r inte l\u00e4mplig utan extra skydd vid extrem kyla. Anv\u00e4nd sovs\u00e4cken tillsammans med annan campingutrustning. &#8211; Under anv\u00e4ndning b\u00f6r du skydda sovs\u00e4cken fr\u00e5n fukt och v\u00e4rmek\u00e4llor.<\/p>\n","protected":false},"excerpt":{"rendered":"<p>SONGMICS Camping sovs\u00e4ck t\u00e4cksovs\u00e4ck fyllning av syntetfibrer utomhus f\u00f6r vuxna med kompressionsp\u00e5se 220 x 84 cm GSB02GB<\/p>\n","protected":false},"featured_media":40409,"comment_status":"open","ping_status":"closed","template":"","meta":[],"product_brand":[],"product_cat":[33],"product_tag":[],"class_list":{"0":"post-12086","1":"product","2":"type-product","3":"status-publish","4":"has-post-thumbnail","6":"product_cat-okategoriserad","8":"first","9":"instock","10":"shipping-taxable","11":"purchasable","12":"product-type-simple"},"_links":{"self":[{"href":"https:\/\/nordicmart.andreevmaster.com\/sv\/wp-json\/wp\/v2\/product\/12086","targetHints":{"allow":["GET"]}}],"collection":[{"href":"https:\/\/nordicmart.andreevmaster.com\/sv\/wp-json\/wp\/v2\/product"}],"about":[{"href":"https:\/\/nordicmart.andreevmaster.com\/sv\/wp-json\/wp\/v2\/types\/product"}],"replies":[{"embeddable":true,"href":"https:\/\/nordicmart.andreevmaster.com\/sv\/wp-json\/wp\/v2\/comments?post=12086"}],"wp:featuredmedia":[{"embeddable":true,"href":"https:\/\/nordicmart.andreevmaster.com\/sv\/wp-json\/wp\/v2\/media\/40409"}],"wp:attachment":[{"href":"https:\/\/nordicmart.andreevmaster.com\/sv\/wp-json\/wp\/v2\/media?parent=12086"}],"wp:term":[{"taxonomy":"product_brand","embeddable":true,"href":"https:\/\/nordicmart.andreevmaster.com\/sv\/wp-json\/wp\/v2\/product_brand?post=12086"},{"taxonomy":"product_cat","embeddable":true,"href":"https:\/\/nordicmart.andreevmaster.com\/sv\/wp-json\/wp\/v2\/product_cat?post=12086"},{"taxonomy":"product_tag","embeddable":true,"href":"https:\/\/nordicmart.andreevmaster.com\/sv\/wp-json\/wp\/v2\/product_tag?post=12086"}],"curies":[{"name":"wp","href":"https:\/\/api.w.org\/{rel}","templated":true}]}}