{"id":12079,"date":"2026-02-27T00:12:44","date_gmt":"2026-02-27T00:12:44","guid":{"rendered":"https:\/\/nordicmart.andreevmaster.com\/product\/songmics-golvfaste-for-sidomarkisstolpar-passar-sidomarkiser-med-stalstolpar\/"},"modified":"2026-02-27T08:07:14","modified_gmt":"2026-02-27T08:07:14","slug":"songmics-golvfaste-for-sidomarkisstolpar-passar-sidomarkiser-med-stalstolpar","status":"publish","type":"product","link":"https:\/\/nordicmart.andreevmaster.com\/sv\/produkt\/songmics-golvfaste-for-sidomarkisstolpar-passar-sidomarkiser-med-stalstolpar\/","title":{"rendered":"SONGMICS golvf\u00e4ste f\u00f6r sidomarkisstolpar,  passar sidomarkiser med st\u00e5lstolpar"},"content":{"rendered":"<p>Golvf\u00e4ste f\u00f6r sidomarkisstolpe, metallplatta med plastlock, bottenplatta, sidomarkiser med st\u00e5lstolpe, gr\u00e5<br \/>\nProduktdetaljer:<\/p>\n<p>&#8211; F\u00e4rg: Gr\u00e5<br \/>\n&#8211; Material: Pulverlackerad metall, plast<br \/>\n&#8211; Storlek p\u00e5 bottenplatta: 9,6 x 9,6 x 1,3 cm (D x B x H)<br \/>\n&#8211; Storlek p\u00e5 locket: 11,5 x 11,5 x 1,5 cm (D x B x H)<br \/>\n&#8211; Totalvikt: 0,4 kg<\/p>\n<p>Leveransomfattning:<\/p>\n<p>&#8211; 1 x golvf\u00e4ste f\u00f6r sidomarkisstolpe<br \/>\n&#8211; 1 x tillbeh\u00f6rspaket<\/p>\n<p>SONGMICS Anm\u00e4rkningar:<\/p>\n<p>&#8211; Denna golvf\u00e4ste \u00e4r endast l\u00e4mplig f\u00f6r SONGMICS sidomarkiser med st\u00e5lstolpar.<br \/>\n&#8211; Ett golvf\u00e4ste med lock ing\u00e5r i leveransen av SONGMICS sidomarkiser.<\/p>\n","protected":false},"excerpt":{"rendered":"<p>Golvf\u00e4ste f\u00f6r sidomarkisstolpe, metallplatta med plastlock, bottenplatta, sidomarkiser med st\u00e5lstolpe, gr\u00e5<\/p>\n","protected":false},"featured_media":40402,"comment_status":"open","ping_status":"closed","template":"","meta":[],"product_brand":[],"product_cat":[33],"product_tag":[],"class_list":{"0":"post-12079","1":"product","2":"type-product","3":"status-publish","4":"has-post-thumbnail","6":"product_cat-okategoriserad","8":"first","9":"instock","10":"shipping-taxable","11":"purchasable","12":"product-type-simple"},"_links":{"self":[{"href":"https:\/\/nordicmart.andreevmaster.com\/sv\/wp-json\/wp\/v2\/product\/12079","targetHints":{"allow":["GET"]}}],"collection":[{"href":"https:\/\/nordicmart.andreevmaster.com\/sv\/wp-json\/wp\/v2\/product"}],"about":[{"href":"https:\/\/nordicmart.andreevmaster.com\/sv\/wp-json\/wp\/v2\/types\/product"}],"replies":[{"embeddable":true,"href":"https:\/\/nordicmart.andreevmaster.com\/sv\/wp-json\/wp\/v2\/comments?post=12079"}],"wp:featuredmedia":[{"embeddable":true,"href":"https:\/\/nordicmart.andreevmaster.com\/sv\/wp-json\/wp\/v2\/media\/40402"}],"wp:attachment":[{"href":"https:\/\/nordicmart.andreevmaster.com\/sv\/wp-json\/wp\/v2\/media?parent=12079"}],"wp:term":[{"taxonomy":"product_brand","embeddable":true,"href":"https:\/\/nordicmart.andreevmaster.com\/sv\/wp-json\/wp\/v2\/product_brand?post=12079"},{"taxonomy":"product_cat","embeddable":true,"href":"https:\/\/nordicmart.andreevmaster.com\/sv\/wp-json\/wp\/v2\/product_cat?post=12079"},{"taxonomy":"product_tag","embeddable":true,"href":"https:\/\/nordicmart.andreevmaster.com\/sv\/wp-json\/wp\/v2\/product_tag?post=12079"}],"curies":[{"name":"wp","href":"https:\/\/api.w.org\/{rel}","templated":true}]}}