{"id":12077,"date":"2026-02-27T00:12:44","date_gmt":"2026-02-27T00:12:44","guid":{"rendered":"https:\/\/nordicmart.andreevmaster.com\/product\/songmics-stativstolpe-for-markisbox-endast-lamplig-for-songmics-enkel-sidomarkis-med-stalstativstolpe\/"},"modified":"2026-02-27T08:07:13","modified_gmt":"2026-02-27T08:07:13","slug":"songmics-stativstolpe-for-markisbox-endast-lamplig-for-songmics-enkel-sidomarkis-med-stalstativstolpe","status":"publish","type":"product","link":"https:\/\/nordicmart.andreevmaster.com\/sv\/produkt\/songmics-stativstolpe-for-markisbox-endast-lamplig-for-songmics-enkel-sidomarkis-med-stalstativstolpe\/","title":{"rendered":"SONGMICS stativstolpe f\u00f6r markisbox, endast l\u00e4mplig f\u00f6r SONGMICS enkel sidomarkis med st\u00e5lstativstolpe"},"content":{"rendered":"<p>Stolpe f\u00f6r markisbox, st\u00f6dst\u00e5ng, endast l\u00e4mplig f\u00f6r SONGMICS enkel sidomarkis med st\u00e5lstolpe, gr\u00e5<br \/>\nProduktdetaljer:<\/p>\n<p>&#8211; F\u00e4rg: Gr\u00e5<br \/>\n&#8211; Material: Pulverlackerad metall<br \/>\n&#8211; Storlek: 11,5 x 11,5 x 152 cm (D x B x H)<br \/>\n&#8211; Vikt: 1,3 kg<\/p>\n<p>Leveransomfattning:<\/p>\n<p>&#8211; 1 x stolpe f\u00f6r sidomarkis<br \/>\n&#8211; 1 x tillbeh\u00f6rspaket<\/p>\n<p>SONGMICS Anm\u00e4rkningar:<\/p>\n<p>&#8211; Denna stolpe \u00e4r endast l\u00e4mplig f\u00f6r SONGMICS enkla sidomarkiser med st\u00e5lstolpar.<\/p>\n","protected":false},"excerpt":{"rendered":"<p>Stolpe f\u00f6r markisbox, st\u00f6dst\u00e5ng, endast l\u00e4mplig f\u00f6r SONGMICS enkel sidomarkis med st\u00e5lstolpe, gr\u00e5<\/p>\n","protected":false},"featured_media":40400,"comment_status":"open","ping_status":"closed","template":"","meta":[],"product_brand":[],"product_cat":[33],"product_tag":[],"class_list":{"0":"post-12077","1":"product","2":"type-product","3":"status-publish","4":"has-post-thumbnail","6":"product_cat-okategoriserad","8":"first","9":"instock","10":"shipping-taxable","11":"purchasable","12":"product-type-simple"},"_links":{"self":[{"href":"https:\/\/nordicmart.andreevmaster.com\/sv\/wp-json\/wp\/v2\/product\/12077","targetHints":{"allow":["GET"]}}],"collection":[{"href":"https:\/\/nordicmart.andreevmaster.com\/sv\/wp-json\/wp\/v2\/product"}],"about":[{"href":"https:\/\/nordicmart.andreevmaster.com\/sv\/wp-json\/wp\/v2\/types\/product"}],"replies":[{"embeddable":true,"href":"https:\/\/nordicmart.andreevmaster.com\/sv\/wp-json\/wp\/v2\/comments?post=12077"}],"wp:featuredmedia":[{"embeddable":true,"href":"https:\/\/nordicmart.andreevmaster.com\/sv\/wp-json\/wp\/v2\/media\/40400"}],"wp:attachment":[{"href":"https:\/\/nordicmart.andreevmaster.com\/sv\/wp-json\/wp\/v2\/media?parent=12077"}],"wp:term":[{"taxonomy":"product_brand","embeddable":true,"href":"https:\/\/nordicmart.andreevmaster.com\/sv\/wp-json\/wp\/v2\/product_brand?post=12077"},{"taxonomy":"product_cat","embeddable":true,"href":"https:\/\/nordicmart.andreevmaster.com\/sv\/wp-json\/wp\/v2\/product_cat?post=12077"},{"taxonomy":"product_tag","embeddable":true,"href":"https:\/\/nordicmart.andreevmaster.com\/sv\/wp-json\/wp\/v2\/product_tag?post=12077"}],"curies":[{"name":"wp","href":"https:\/\/api.w.org\/{rel}","templated":true}]}}