{"id":12076,"date":"2026-02-27T00:12:44","date_gmt":"2026-02-27T00:12:44","guid":{"rendered":"https:\/\/nordicmart.andreevmaster.com\/product\/songmics-jordankare-for-stativstolpar-till-sidomarkiser-endast-lamplig-for-songmics-sidomarkiser-med-stalstativstolpar\/"},"modified":"2026-02-27T08:07:13","modified_gmt":"2026-02-27T08:07:13","slug":"songmics-jordankare-for-stativstolpar-till-sidomarkiser-endast-lamplig-for-songmics-sidomarkiser-med-stalstativstolpar","status":"publish","type":"product","link":"https:\/\/nordicmart.andreevmaster.com\/sv\/produkt\/songmics-jordankare-for-stativstolpar-till-sidomarkiser-endast-lamplig-for-songmics-sidomarkiser-med-stalstativstolpar\/","title":{"rendered":"SONGMICS jordankare f\u00f6r stativstolpar till sidomarkiser, endast l\u00e4mplig f\u00f6r SONGMICS sidomarkiser med st\u00e5lstativstolpar"},"content":{"rendered":"<p>Jordankare, markankare f\u00f6r stolpar till sidomarkiser, jordspik, sidomarkiser med st\u00e5lstolpar, gr\u00e5<br \/>\nProduktdetaljer:<\/p>\n<p>&#8211; F\u00e4rg: Gr\u00e5<br \/>\n&#8211; Material: Pulverlackerad metall<br \/>\n&#8211; Storlek: 9 x 9 x 46 cm (D x B x H)<br \/>\n&#8211; Vikt: 1,3 kg<\/p>\n<p>Leveransomfattning:<\/p>\n<p>&#8211; 1 x jordankare<br \/>\n&#8211; 1 x tillbeh\u00f6rspaket<\/p>\n<p>SONGMICS Anm\u00e4rkningar:<\/p>\n<p>&#8211; Detta jordankare \u00e4r endast l\u00e4mpligt f\u00f6r SONGMICS sidomarkiser med st\u00e5lstolpar.<br \/>\n&#8211; Om b\u00e5da sidorna ska f\u00e4stas p\u00e5 gr\u00e4smattan kr\u00e4vs tv\u00e5 jordspikar.<\/p>\n","protected":false},"excerpt":{"rendered":"<p>Jordankare, markankare f\u00f6r stolpar till sidomarkiser, jordspik, sidomarkiser med st\u00e5lstolpar, gr\u00e5<\/p>\n","protected":false},"featured_media":40399,"comment_status":"open","ping_status":"closed","template":"","meta":[],"product_brand":[],"product_cat":[33],"product_tag":[],"class_list":{"0":"post-12076","1":"product","2":"type-product","3":"status-publish","4":"has-post-thumbnail","6":"product_cat-okategoriserad","8":"first","9":"instock","10":"shipping-taxable","11":"purchasable","12":"product-type-simple"},"_links":{"self":[{"href":"https:\/\/nordicmart.andreevmaster.com\/sv\/wp-json\/wp\/v2\/product\/12076","targetHints":{"allow":["GET"]}}],"collection":[{"href":"https:\/\/nordicmart.andreevmaster.com\/sv\/wp-json\/wp\/v2\/product"}],"about":[{"href":"https:\/\/nordicmart.andreevmaster.com\/sv\/wp-json\/wp\/v2\/types\/product"}],"replies":[{"embeddable":true,"href":"https:\/\/nordicmart.andreevmaster.com\/sv\/wp-json\/wp\/v2\/comments?post=12076"}],"wp:featuredmedia":[{"embeddable":true,"href":"https:\/\/nordicmart.andreevmaster.com\/sv\/wp-json\/wp\/v2\/media\/40399"}],"wp:attachment":[{"href":"https:\/\/nordicmart.andreevmaster.com\/sv\/wp-json\/wp\/v2\/media?parent=12076"}],"wp:term":[{"taxonomy":"product_brand","embeddable":true,"href":"https:\/\/nordicmart.andreevmaster.com\/sv\/wp-json\/wp\/v2\/product_brand?post=12076"},{"taxonomy":"product_cat","embeddable":true,"href":"https:\/\/nordicmart.andreevmaster.com\/sv\/wp-json\/wp\/v2\/product_cat?post=12076"},{"taxonomy":"product_tag","embeddable":true,"href":"https:\/\/nordicmart.andreevmaster.com\/sv\/wp-json\/wp\/v2\/product_tag?post=12076"}],"curies":[{"name":"wp","href":"https:\/\/api.w.org\/{rel}","templated":true}]}}