{"id":12074,"date":"2026-02-27T00:12:43","date_gmt":"2026-02-27T00:12:43","guid":{"rendered":"https:\/\/nordicmart.andreevmaster.com\/product\/songmics-dubbelsidig-markis-18-x-6-m-h-x-l\/"},"modified":"2026-02-27T08:07:13","modified_gmt":"2026-02-27T08:07:13","slug":"songmics-dubbelsidig-markis-18-x-6-m-h-x-l","status":"publish","type":"product","link":"https:\/\/nordicmart.andreevmaster.com\/sv\/produkt\/songmics-dubbelsidig-markis-18-x-6-m-h-x-l\/","title":{"rendered":"SONGMICS dubbelsidig markis, 1,8 x 6 m (H x L)"},"content":{"rendered":"<p>Flexibel anv\u00e4ndning av dubbelsidig markis St\u00e4ll upp den dubbelsidiga markisen rakt eller i h\u00f6rn. P\u00e5 s\u00e5 s\u00e4tt kan du \u00e4ven anv\u00e4nda markisen vid h\u00f6rn p\u00e5 tomten eller vid din pool och skapa lite avskildhet. Dra ut markisen p\u00e5 b\u00e5da sidor, varje sida har en l\u00e4ngd p\u00e5 3 meter, eller anv\u00e4nd vid behov endast en sida som skuggskydd eller vindskydd. Du kan ocks\u00e5 s\u00e4tta upp den dubbla sidomarkisen inomhus, till exempel p\u00e5 kontoret, i mottagningen, i atelj\u00e9n eller i f\u00f6rs\u00e4ljningslokalen. Enkel att hantera Sidorullgardinerna \u00e4r l\u00e4tta att anv\u00e4nda och f\u00e4sts s\u00e4kert och stadigt p\u00e5 sidostolparna med ett handgrepp. En automatisk upprullningsfunktion f\u00f6renklar upprullningen av sidorullgardinen n\u00e4r den inte anv\u00e4nds. I markisboxen skyddas sidomarkisen fr\u00e5n smuts och damm. Rulla in markisen endast n\u00e4r den \u00e4r torr f\u00f6r att undvika m\u00f6gel och fl\u00e4ckar. Sidorullgardin med T\u00dcV-certifikat V\u00e5r dubbla markis \u00e4r certifierad av T\u00dcV S\u00fcd. Du kan d\u00e4rf\u00f6r lita p\u00e5 den h\u00f6ga kvaliteten och vara s\u00e4ker p\u00e5 att du har k\u00f6pt en h\u00f6gkvalitativ och s\u00e4ker produkt. Enkel montering Tack vare den illustrerade bruksanvisningen p\u00e5 olika spr\u00e5k kan du enkelt och snabbt s\u00e4tta upp sidomarkisen. Allt f\u00e4stmaterial ing\u00e5r i leveransen, s\u00e5 att du kan b\u00f6rja montera direkt efter leveransen. Produktdetaljer: &#8211; Markisbox: aluminium  &#8211; Markistyg: polyester (280 g\/m\u00b2) + vattent\u00e4t PU-bel\u00e4ggning Leveransomfattning: &#8211; 1 x dubbelsidig markis &#8211; 1 x instruktioner (DE, EN, FR, IT, ES) SONGMICS Anm\u00e4rkningar: &#8211; Anv\u00e4nd den dubbelsidiga markisen endast vid svag vind. Vid stark vind, kraftig regn och sn\u00f6fall ska du omedelbart f\u00e4lla in markisen s\u00e5 att den inte skadas.  <\/p>\n","protected":false},"excerpt":{"rendered":"<p>Dubbel sidomarkis, 1,8 x 6 m (H x L), utdragbar sidomarkis, insynsskydd, solskydd, sidorulle, f\u00f6r balkong, terrass och tr\u00e4dg\u00e5rd, antracit<\/p>\n","protected":false},"featured_media":40397,"comment_status":"open","ping_status":"closed","template":"","meta":[],"product_brand":[],"product_cat":[33],"product_tag":[],"class_list":{"0":"post-12074","1":"product","2":"type-product","3":"status-publish","4":"has-post-thumbnail","6":"product_cat-okategoriserad","8":"first","9":"instock","10":"shipping-taxable","11":"purchasable","12":"product-type-simple"},"_links":{"self":[{"href":"https:\/\/nordicmart.andreevmaster.com\/sv\/wp-json\/wp\/v2\/product\/12074","targetHints":{"allow":["GET"]}}],"collection":[{"href":"https:\/\/nordicmart.andreevmaster.com\/sv\/wp-json\/wp\/v2\/product"}],"about":[{"href":"https:\/\/nordicmart.andreevmaster.com\/sv\/wp-json\/wp\/v2\/types\/product"}],"replies":[{"embeddable":true,"href":"https:\/\/nordicmart.andreevmaster.com\/sv\/wp-json\/wp\/v2\/comments?post=12074"}],"wp:featuredmedia":[{"embeddable":true,"href":"https:\/\/nordicmart.andreevmaster.com\/sv\/wp-json\/wp\/v2\/media\/40397"}],"wp:attachment":[{"href":"https:\/\/nordicmart.andreevmaster.com\/sv\/wp-json\/wp\/v2\/media?parent=12074"}],"wp:term":[{"taxonomy":"product_brand","embeddable":true,"href":"https:\/\/nordicmart.andreevmaster.com\/sv\/wp-json\/wp\/v2\/product_brand?post=12074"},{"taxonomy":"product_cat","embeddable":true,"href":"https:\/\/nordicmart.andreevmaster.com\/sv\/wp-json\/wp\/v2\/product_cat?post=12074"},{"taxonomy":"product_tag","embeddable":true,"href":"https:\/\/nordicmart.andreevmaster.com\/sv\/wp-json\/wp\/v2\/product_tag?post=12074"}],"curies":[{"name":"wp","href":"https:\/\/api.w.org\/{rel}","templated":true}]}}