{"id":12071,"date":"2026-02-27T00:12:43","date_gmt":"2026-02-27T00:12:43","guid":{"rendered":"https:\/\/nordicmart.andreevmaster.com\/product\/songmics-dubbelsidig-markis-16-x-6-m-h-x-l\/"},"modified":"2026-02-27T08:07:12","modified_gmt":"2026-02-27T08:07:12","slug":"songmics-dubbelsidig-markis-16-x-6-m-h-x-l","status":"publish","type":"product","link":"https:\/\/nordicmart.andreevmaster.com\/sv\/produkt\/songmics-dubbelsidig-markis-16-x-6-m-h-x-l\/","title":{"rendered":"SONGMICS dubbelsidig markis, 1,6 x 6 m (H x L)"},"content":{"rendered":"<p>Med den dubbla sidomarkisen i din tr\u00e4dg\u00e5rd, med justerbar vinkel och en total bredd p\u00e5 6 m, kan du njuta av en avkopplande och trevlig stund med v\u00e4nner och familj. Den dubbelsidiga designen g\u00f6r det m\u00f6jligt att justera vinkeln individuellt, s\u00e5 att du enkelt kan st\u00e4lla in den efter dina \u00f6nskem\u00e5l. Skapa en avkopplande plats i din tr\u00e4dg\u00e5rd: Du kan njuta av en trevlig stund med dina v\u00e4nner och din familj.Separat utdragbar markisduk: Om du vill njuta av mer sol kan du ocks\u00e5 anv\u00e4nda bara ena sidan. Fullst\u00e4ndig utdragningsbredd (total bredd) 6 m: Den ger dig tillr\u00e4ckligt med insynsskydd och solskydd, precis som en v\u00e4gg, och med sin extra stora bredd \u00e4r den praktisk f\u00f6r ett optimalt utrymme. Anm\u00e4rkningar: Markiser \u00e4r i f\u00f6rsta hand ett solskydd. Anv\u00e4nd dem endast n\u00e4r det \u00e4r vindstilla eller endast svag vind. Vid stark vind, liksom vid kraftig regn eller sn\u00f6fall, ska de d\u00e4rf\u00f6r dras in omedelbart. Annars kan de skadas.Produktdetaljer: Markisbox: Aluminium Markisduk: Polyester (280 g\/m\u00b2), vattent\u00e4t PU-bel\u00e4ggning M\u00e5tt: 160 cm x 600 cm (H x L) Vikt: 14,5 kg Leveransomfattning: 1 x dubbel sidomarkis 1 x bruksanvisning (DE, EN, FR, IT, ES)<\/p>\n","protected":false},"excerpt":{"rendered":"<p>Dubbel sidomarkis, 1,8 x 6 m (H x L), utdragbar sidomarkis, insynsskydd, solskydd, sidorulle, f\u00f6r balkong, terrass och tr\u00e4dg\u00e5rd, antracit<\/p>\n","protected":false},"featured_media":40394,"comment_status":"open","ping_status":"closed","template":"","meta":[],"product_brand":[],"product_cat":[33],"product_tag":[],"class_list":{"0":"post-12071","1":"product","2":"type-product","3":"status-publish","4":"has-post-thumbnail","6":"product_cat-okategoriserad","8":"first","9":"instock","10":"shipping-taxable","11":"purchasable","12":"product-type-simple"},"_links":{"self":[{"href":"https:\/\/nordicmart.andreevmaster.com\/sv\/wp-json\/wp\/v2\/product\/12071","targetHints":{"allow":["GET"]}}],"collection":[{"href":"https:\/\/nordicmart.andreevmaster.com\/sv\/wp-json\/wp\/v2\/product"}],"about":[{"href":"https:\/\/nordicmart.andreevmaster.com\/sv\/wp-json\/wp\/v2\/types\/product"}],"replies":[{"embeddable":true,"href":"https:\/\/nordicmart.andreevmaster.com\/sv\/wp-json\/wp\/v2\/comments?post=12071"}],"wp:featuredmedia":[{"embeddable":true,"href":"https:\/\/nordicmart.andreevmaster.com\/sv\/wp-json\/wp\/v2\/media\/40394"}],"wp:attachment":[{"href":"https:\/\/nordicmart.andreevmaster.com\/sv\/wp-json\/wp\/v2\/media?parent=12071"}],"wp:term":[{"taxonomy":"product_brand","embeddable":true,"href":"https:\/\/nordicmart.andreevmaster.com\/sv\/wp-json\/wp\/v2\/product_brand?post=12071"},{"taxonomy":"product_cat","embeddable":true,"href":"https:\/\/nordicmart.andreevmaster.com\/sv\/wp-json\/wp\/v2\/product_cat?post=12071"},{"taxonomy":"product_tag","embeddable":true,"href":"https:\/\/nordicmart.andreevmaster.com\/sv\/wp-json\/wp\/v2\/product_tag?post=12071"}],"curies":[{"name":"wp","href":"https:\/\/api.w.org\/{rel}","templated":true}]}}