{"id":12063,"date":"2026-02-27T00:12:41","date_gmt":"2026-02-27T00:12:41","guid":{"rendered":"https:\/\/nordicmart.andreevmaster.com\/product\/songmics-klammarkis-balkongmarkis-hoj-och-sankbar\/"},"modified":"2026-02-27T08:07:11","modified_gmt":"2026-02-27T08:07:11","slug":"songmics-klammarkis-balkongmarkis-hoj-och-sankbar","status":"publish","type":"product","link":"https:\/\/nordicmart.andreevmaster.com\/sv\/produkt\/songmics-klammarkis-balkongmarkis-hoj-och-sankbar\/","title":{"rendered":"SONGMICS kl\u00e4mmarkis, balkongmarkis, h\u00f6j- och s\u00e4nkbar"},"content":{"rendered":"<p>Kl\u00e4mmarkis, balkongmarkis, h\u00f6j- och s\u00e4nkbar, med vev, solskydd, f\u00f6r balkong, terrass, tr\u00e4dg\u00e5rd, 400 x 120 cm, antracit<br \/>\nProduktdetaljer:<br \/>\n&#8211; F\u00e4rg: antracit<br \/>\n&#8211; Material: Pulverlackerat st\u00e5l, aluminiumlegering, polyester med PA-bel\u00e4ggning (180 g\/m\u00b2)<br \/>\n&#8211; Storlek: 200 x 120 cm (L x B)<br \/>\n&#8211; H\u00f6jd: 220\u2013300 cm<br \/>\n&#8211; Vevl\u00e4ngd: 120 cm<br \/>\n&#8211; Vikt: 8,3 kg<\/p>\n<p>Leveransomfattning:<br \/>\n1 x kl\u00e4mmarkis med vev<br \/>\n1 x bruksanvisning<\/p>\n<p>Anvisningar:<br \/>\n&#8211; Anv\u00e4nd inte markisen vid stark vind, regn eller sn\u00f6fall. F\u00e4ll in markisen omedelbart vid v\u00e4deromslag, eftersom den annars kan skadas.<br \/>\n&#8211; Kontrollera i f\u00f6rv\u00e4g att storleken passar.<\/p>\n","protected":false},"excerpt":{"rendered":"<p>Kl\u00e4mmarkis, balkongmarkis, h\u00f6j- och s\u00e4nkbar, med vev, solskydd, f\u00f6r balkong, terrass, tr\u00e4dg\u00e5rd, 400 x 120 cm, antracit<\/p>\n","protected":false},"featured_media":40387,"comment_status":"open","ping_status":"closed","template":"","meta":[],"product_brand":[],"product_cat":[33],"product_tag":[],"class_list":{"0":"post-12063","1":"product","2":"type-product","3":"status-publish","4":"has-post-thumbnail","6":"product_cat-okategoriserad","8":"first","9":"instock","10":"shipping-taxable","11":"purchasable","12":"product-type-simple"},"_links":{"self":[{"href":"https:\/\/nordicmart.andreevmaster.com\/sv\/wp-json\/wp\/v2\/product\/12063","targetHints":{"allow":["GET"]}}],"collection":[{"href":"https:\/\/nordicmart.andreevmaster.com\/sv\/wp-json\/wp\/v2\/product"}],"about":[{"href":"https:\/\/nordicmart.andreevmaster.com\/sv\/wp-json\/wp\/v2\/types\/product"}],"replies":[{"embeddable":true,"href":"https:\/\/nordicmart.andreevmaster.com\/sv\/wp-json\/wp\/v2\/comments?post=12063"}],"wp:featuredmedia":[{"embeddable":true,"href":"https:\/\/nordicmart.andreevmaster.com\/sv\/wp-json\/wp\/v2\/media\/40387"}],"wp:attachment":[{"href":"https:\/\/nordicmart.andreevmaster.com\/sv\/wp-json\/wp\/v2\/media?parent=12063"}],"wp:term":[{"taxonomy":"product_brand","embeddable":true,"href":"https:\/\/nordicmart.andreevmaster.com\/sv\/wp-json\/wp\/v2\/product_brand?post=12063"},{"taxonomy":"product_cat","embeddable":true,"href":"https:\/\/nordicmart.andreevmaster.com\/sv\/wp-json\/wp\/v2\/product_cat?post=12063"},{"taxonomy":"product_tag","embeddable":true,"href":"https:\/\/nordicmart.andreevmaster.com\/sv\/wp-json\/wp\/v2\/product_tag?post=12063"}],"curies":[{"name":"wp","href":"https:\/\/api.w.org\/{rel}","templated":true}]}}