{"id":12053,"date":"2026-02-27T00:12:39","date_gmt":"2026-02-27T00:12:39","guid":{"rendered":"https:\/\/nordicmart.andreevmaster.com\/product\/songmics-sidomarkis-med-stalbox-rostbestandig-utdragbar\/"},"modified":"2026-02-27T08:07:10","modified_gmt":"2026-02-27T08:07:10","slug":"songmics-sidomarkis-med-stalbox-rostbestandig-utdragbar","status":"publish","type":"product","link":"https:\/\/nordicmart.andreevmaster.com\/sv\/produkt\/songmics-sidomarkis-med-stalbox-rostbestandig-utdragbar\/","title":{"rendered":"SONGMICS sidomarkis med st\u00e5lbox, rostbest\u00e4ndig, utdragbar"},"content":{"rendered":"<p>Sidomarkis med st\u00e5lk\u00e5pa, rostfri, utdragbar, insynsskydd, solskydd, f\u00f6r balkong, terrass, tr\u00e4dg\u00e5rd, ljusgr\u00e5<br \/>\nProduktdetaljer:<br \/>\n&#8211; F\u00e4rg: Ljusgr\u00e5<br \/>\n&#8211; Material: Pulverlackerat st\u00e5l, polyester (220 g\/m\u00b2), PU-bel\u00e4ggning<br \/>\n&#8211; M\u00e5tt: 300,1 x 140,1 cm (B x H)<br \/>\n&#8211; Vikt: 6,4 kg<\/p>\n<p>Leveransomfattning:<br \/>\n&#8211; 1 x sidomarkis<br \/>\n&#8211; 1 x golvf\u00e4ste<br \/>\n&#8211; 1 x skyddsk\u00e5pa<br \/>\n&#8211; 1 x tillbeh\u00f6rspaket<br \/>\n&#8211; 1 x bruksanvisning<\/p>\n<p>Anm\u00e4rkningar:<br \/>\n&#8211; Sidomarkisen \u00e4r endast avsedd f\u00f6r anv\u00e4ndning under soliga eller l\u00e4tt bl\u00e5siga dagar. F\u00e4ll in markisen omedelbart vid stark vind eller storm f\u00f6r att undvika skador.<br \/>\n&#8211; Anv\u00e4nd en fuktig trasa f\u00f6r att reng\u00f6ra denna terrassmarkis.<br \/>\n&#8211; Kontrollera i f\u00f6rv\u00e4g att storleken passar.<\/p>\n","protected":false},"excerpt":{"rendered":"<p>Sidomarkis med st\u00e5lk\u00e5pa, rostfri, utdragbar, insynsskydd, solskydd, f\u00f6r balkong, terrass, tr\u00e4dg\u00e5rd, ljusgr\u00e5<\/p>\n","protected":false},"featured_media":40377,"comment_status":"open","ping_status":"closed","template":"","meta":[],"product_brand":[],"product_cat":[33],"product_tag":[],"class_list":{"0":"post-12053","1":"product","2":"type-product","3":"status-publish","4":"has-post-thumbnail","6":"product_cat-okategoriserad","8":"first","9":"instock","10":"shipping-taxable","11":"purchasable","12":"product-type-simple"},"_links":{"self":[{"href":"https:\/\/nordicmart.andreevmaster.com\/sv\/wp-json\/wp\/v2\/product\/12053","targetHints":{"allow":["GET"]}}],"collection":[{"href":"https:\/\/nordicmart.andreevmaster.com\/sv\/wp-json\/wp\/v2\/product"}],"about":[{"href":"https:\/\/nordicmart.andreevmaster.com\/sv\/wp-json\/wp\/v2\/types\/product"}],"replies":[{"embeddable":true,"href":"https:\/\/nordicmart.andreevmaster.com\/sv\/wp-json\/wp\/v2\/comments?post=12053"}],"wp:featuredmedia":[{"embeddable":true,"href":"https:\/\/nordicmart.andreevmaster.com\/sv\/wp-json\/wp\/v2\/media\/40377"}],"wp:attachment":[{"href":"https:\/\/nordicmart.andreevmaster.com\/sv\/wp-json\/wp\/v2\/media?parent=12053"}],"wp:term":[{"taxonomy":"product_brand","embeddable":true,"href":"https:\/\/nordicmart.andreevmaster.com\/sv\/wp-json\/wp\/v2\/product_brand?post=12053"},{"taxonomy":"product_cat","embeddable":true,"href":"https:\/\/nordicmart.andreevmaster.com\/sv\/wp-json\/wp\/v2\/product_cat?post=12053"},{"taxonomy":"product_tag","embeddable":true,"href":"https:\/\/nordicmart.andreevmaster.com\/sv\/wp-json\/wp\/v2\/product_tag?post=12053"}],"curies":[{"name":"wp","href":"https:\/\/api.w.org\/{rel}","templated":true}]}}