{"id":12051,"date":"2026-02-27T00:12:38","date_gmt":"2026-02-27T00:12:38","guid":{"rendered":"https:\/\/nordicmart.andreevmaster.com\/product\/songmics-markisstolpe-endast-lamplig-for-songmics-aluminium-sidomarkiser\/"},"modified":"2026-02-27T08:07:09","modified_gmt":"2026-02-27T08:07:09","slug":"songmics-markisstolpe-endast-lamplig-for-songmics-aluminium-sidomarkiser","status":"publish","type":"product","link":"https:\/\/nordicmart.andreevmaster.com\/sv\/produkt\/songmics-markisstolpe-endast-lamplig-for-songmics-aluminium-sidomarkiser\/","title":{"rendered":"SONGMICS markisstolpe, endast l\u00e4mplig f\u00f6r SONGMICS aluminium-sidomarkiser"},"content":{"rendered":"<p>Ett golvf\u00e4ste ing\u00e5r i leveransen av SONGMICS sidomarkis. Vi f\u00e5r ofta fr\u00e5gan om sidomarkisens stolpe kan tas bort efter installationen. Med denna golvplatta \u00e4r det faktiskt m\u00f6jligt! Skjut bara in stolpens nedre del i golvf\u00e4stet n\u00e4r du vill anv\u00e4nda din sidomarkis och skydda dig mot sol, vind eller nyfikna blickar. Dra ut f\u00e4stet igen och rulla in markisen n\u00e4r du beh\u00f6ver lite mer utrymme p\u00e5 din terrass eller i din tr\u00e4dg\u00e5rd. Produktdetaljer: &#8211; F\u00e4rg: Gr\u00e5 &#8211; Material: Pulverlackerat j\u00e4rn, plast &#8211; Storlek p\u00e5 bottenplattan: 9,6 x 9,6 x 1,3 cm (L x B x H) &#8211; Storlek p\u00e5 locket: 11,5 x 11,5 x 1,5 cm (L x B x H) &#8211; Vikt: 0,7 kg Leveransomfattning: &#8211; 1 x markisf\u00e4ste f\u00f6r markisstolpe &#8211; 1 x beh\u00e5llare med skruvar<\/p>\n","protected":false},"excerpt":{"rendered":"<p>Golvf\u00e4ste f\u00f6r sidomarkisstolpar, metallplatta med plastlock, utdragbar fixering, endast l\u00e4mplig f\u00f6r SONGMICS aluminium-sidomarkiser, gr\u00e5<\/p>\n","protected":false},"featured_media":40375,"comment_status":"open","ping_status":"closed","template":"","meta":[],"product_brand":[],"product_cat":[33],"product_tag":[],"class_list":{"0":"post-12051","1":"product","2":"type-product","3":"status-publish","4":"has-post-thumbnail","6":"product_cat-okategoriserad","8":"first","9":"instock","10":"shipping-taxable","11":"purchasable","12":"product-type-simple"},"_links":{"self":[{"href":"https:\/\/nordicmart.andreevmaster.com\/sv\/wp-json\/wp\/v2\/product\/12051","targetHints":{"allow":["GET"]}}],"collection":[{"href":"https:\/\/nordicmart.andreevmaster.com\/sv\/wp-json\/wp\/v2\/product"}],"about":[{"href":"https:\/\/nordicmart.andreevmaster.com\/sv\/wp-json\/wp\/v2\/types\/product"}],"replies":[{"embeddable":true,"href":"https:\/\/nordicmart.andreevmaster.com\/sv\/wp-json\/wp\/v2\/comments?post=12051"}],"wp:featuredmedia":[{"embeddable":true,"href":"https:\/\/nordicmart.andreevmaster.com\/sv\/wp-json\/wp\/v2\/media\/40375"}],"wp:attachment":[{"href":"https:\/\/nordicmart.andreevmaster.com\/sv\/wp-json\/wp\/v2\/media?parent=12051"}],"wp:term":[{"taxonomy":"product_brand","embeddable":true,"href":"https:\/\/nordicmart.andreevmaster.com\/sv\/wp-json\/wp\/v2\/product_brand?post=12051"},{"taxonomy":"product_cat","embeddable":true,"href":"https:\/\/nordicmart.andreevmaster.com\/sv\/wp-json\/wp\/v2\/product_cat?post=12051"},{"taxonomy":"product_tag","embeddable":true,"href":"https:\/\/nordicmart.andreevmaster.com\/sv\/wp-json\/wp\/v2\/product_tag?post=12051"}],"curies":[{"name":"wp","href":"https:\/\/api.w.org\/{rel}","templated":true}]}}