{"id":12050,"date":"2026-02-27T00:12:38","date_gmt":"2026-02-27T00:12:38","guid":{"rendered":"https:\/\/nordicmart.andreevmaster.com\/product\/songmics-stativstolpe-for-markisbox-endast-lamplig-for-songmics-aluminium-sidomarkiser\/"},"modified":"2026-02-27T08:07:09","modified_gmt":"2026-02-27T08:07:09","slug":"songmics-stativstolpe-for-markisbox-endast-lamplig-for-songmics-aluminium-sidomarkiser","status":"publish","type":"product","link":"https:\/\/nordicmart.andreevmaster.com\/sv\/produkt\/songmics-stativstolpe-for-markisbox-endast-lamplig-for-songmics-aluminium-sidomarkiser\/","title":{"rendered":"SONGMICS stativstolpe f\u00f6r markisbox, endast l\u00e4mplig f\u00f6r SONGMICS aluminium-sidomarkiser"},"content":{"rendered":"<p>En sidomarkis i din tr\u00e4dg\u00e5rd skulle vara mycket praktisk, men det finns ingen l\u00e4mplig v\u00e4gg att montera solskyddet p\u00e5? Inga problem, denna stativstolpe hj\u00e4lper dig ur knipan. Anslut den helt enkelt till markisboxen p\u00e5 en sidomarkis fr\u00e5n SONGMICS s\u00e5 skapas en privat relaxzon! Produktdetaljer: &#8211; F\u00e4rg: Gr\u00e5 &#8211; Material: Pulverlackerat j\u00e4rn &#8211; Storlek: 11,5 x 11,5 x 152 cm (L x B x H) &#8211; Vikt: 3,9 kg Leveransomfattning: &#8211; 1 x stolpe f\u00f6r sidomarkis &#8211; 1 x beh\u00e5llare f\u00f6r skruvar<\/p>\n","protected":false},"excerpt":{"rendered":"<p>St\u00f6dstolpe f\u00f6r markisbox, st\u00f6dst\u00e5ng, ingen v\u00e4ggmontering av markisen kr\u00e4vs, endast l\u00e4mplig f\u00f6r SONGMICS aluminium-sidomarkiser, gr\u00e5<\/p>\n","protected":false},"featured_media":40374,"comment_status":"open","ping_status":"closed","template":"","meta":[],"product_brand":[],"product_cat":[33],"product_tag":[],"class_list":{"0":"post-12050","1":"product","2":"type-product","3":"status-publish","4":"has-post-thumbnail","6":"product_cat-okategoriserad","8":"first","9":"instock","10":"shipping-taxable","11":"purchasable","12":"product-type-simple"},"_links":{"self":[{"href":"https:\/\/nordicmart.andreevmaster.com\/sv\/wp-json\/wp\/v2\/product\/12050","targetHints":{"allow":["GET"]}}],"collection":[{"href":"https:\/\/nordicmart.andreevmaster.com\/sv\/wp-json\/wp\/v2\/product"}],"about":[{"href":"https:\/\/nordicmart.andreevmaster.com\/sv\/wp-json\/wp\/v2\/types\/product"}],"replies":[{"embeddable":true,"href":"https:\/\/nordicmart.andreevmaster.com\/sv\/wp-json\/wp\/v2\/comments?post=12050"}],"wp:featuredmedia":[{"embeddable":true,"href":"https:\/\/nordicmart.andreevmaster.com\/sv\/wp-json\/wp\/v2\/media\/40374"}],"wp:attachment":[{"href":"https:\/\/nordicmart.andreevmaster.com\/sv\/wp-json\/wp\/v2\/media?parent=12050"}],"wp:term":[{"taxonomy":"product_brand","embeddable":true,"href":"https:\/\/nordicmart.andreevmaster.com\/sv\/wp-json\/wp\/v2\/product_brand?post=12050"},{"taxonomy":"product_cat","embeddable":true,"href":"https:\/\/nordicmart.andreevmaster.com\/sv\/wp-json\/wp\/v2\/product_cat?post=12050"},{"taxonomy":"product_tag","embeddable":true,"href":"https:\/\/nordicmart.andreevmaster.com\/sv\/wp-json\/wp\/v2\/product_tag?post=12050"}],"curies":[{"name":"wp","href":"https:\/\/api.w.org\/{rel}","templated":true}]}}