{"id":12048,"date":"2026-02-27T00:12:38","date_gmt":"2026-02-27T00:12:38","guid":{"rendered":"https:\/\/nordicmart.andreevmaster.com\/product\/songmics-sidomarkis-18-m-hog\/"},"modified":"2026-02-27T08:07:09","modified_gmt":"2026-02-27T08:07:09","slug":"songmics-sidomarkis-18-m-hog","status":"publish","type":"product","link":"https:\/\/nordicmart.andreevmaster.com\/sv\/produkt\/songmics-sidomarkis-18-m-hog\/","title":{"rendered":"SONGMICS sidomarkis 1,8 m h\u00f6g"},"content":{"rendered":"<p>Denna sidomarkis fr\u00e5n SONGMICS \u00e4r din perfekta partner om du vill skydda dig mot solens str\u00e5lar och nyfikna blickar fr\u00e5n dina grannar. M\u00e5nga anv\u00e4ndningsm\u00f6jligheter Du kan anv\u00e4nda denna m\u00e5ngsidiga produkt b\u00e5de inomhus, till exempel i kontorslandskap, mottagningar, omkl\u00e4dningsrum eller fotostudior, och utomhus, till exempel p\u00e5 din terrass, i tr\u00e4dg\u00e5rden, vid poolen eller p\u00e5 din campingplats.Golvf\u00e4ste och skyddsk\u00e5pa ing\u00e5r I leveransen ing\u00e5r ett golvf\u00e4ste f\u00f6r att f\u00e4sta sidostolpen. T\u00e4ck \u00f6ver f\u00e4stet med den medf\u00f6ljande skyddsk\u00e5pan n\u00e4r du inte anv\u00e4nder markisen f\u00f6r s\u00e4kerhets skull. P\u00e5 s\u00e5 s\u00e4tt blir f\u00e4stet n\u00e4stan osynligt. Premiummarkisbox i metall Markisboxen i pulverlackerat metall \u00e4r rost- och korrosionsbest\u00e4ndig. Boxen skyddar dessutom markisduken helt mot UV-str\u00e5lning, regn och damm, vilket f\u00f6rl\u00e4nger dess livsl\u00e4ngd. Produktdetaljer: &#8211; F\u00e4rg: Antracit &#8211; Material: Pulverlackerad metall (markisbox\/sidostolpar), j\u00e4rn (dukvals), 220 g\/m\u00b2 PVC-belagd polyester (markisduk) &#8211; Storlek: 180 x 450 cm (H x L) &#8211; Vikt: 8,7 kg Leveransomfattning:- 1 x sidomarkis &#8211; 1 x tillbeh\u00f6rspaket &#8211; 1 x bruksanvisning SONGMICS Anm\u00e4rkningar: &#8211; Denna produkt \u00e4r endast avsedd f\u00f6r anv\u00e4ndning under soliga eller l\u00e4tt bl\u00e5siga dagar. F\u00e4ll in markisen omedelbart vid stark vind eller storm f\u00f6r att undvika skador. &#8211; Reng\u00f6r endast denna produkt med vatten, en fuktig trasa eller ett neutralt reng\u00f6ringsmedel.<\/p>\n","protected":false},"excerpt":{"rendered":"<p>SONGMICS sidomarkis, 180 x 450 cm (H x L), insynsskydd, solskydd, sidorulle, f\u00f6r balkong, terrass, tr\u00e4dg\u00e5rd, r\u00f6kgr\u00e5 GSA589G01<\/p>\n","protected":false},"featured_media":40372,"comment_status":"open","ping_status":"closed","template":"","meta":[],"product_brand":[],"product_cat":[33],"product_tag":[],"class_list":{"0":"post-12048","1":"product","2":"type-product","3":"status-publish","4":"has-post-thumbnail","6":"product_cat-okategoriserad","8":"first","9":"instock","10":"shipping-taxable","11":"purchasable","12":"product-type-simple"},"_links":{"self":[{"href":"https:\/\/nordicmart.andreevmaster.com\/sv\/wp-json\/wp\/v2\/product\/12048","targetHints":{"allow":["GET"]}}],"collection":[{"href":"https:\/\/nordicmart.andreevmaster.com\/sv\/wp-json\/wp\/v2\/product"}],"about":[{"href":"https:\/\/nordicmart.andreevmaster.com\/sv\/wp-json\/wp\/v2\/types\/product"}],"replies":[{"embeddable":true,"href":"https:\/\/nordicmart.andreevmaster.com\/sv\/wp-json\/wp\/v2\/comments?post=12048"}],"wp:featuredmedia":[{"embeddable":true,"href":"https:\/\/nordicmart.andreevmaster.com\/sv\/wp-json\/wp\/v2\/media\/40372"}],"wp:attachment":[{"href":"https:\/\/nordicmart.andreevmaster.com\/sv\/wp-json\/wp\/v2\/media?parent=12048"}],"wp:term":[{"taxonomy":"product_brand","embeddable":true,"href":"https:\/\/nordicmart.andreevmaster.com\/sv\/wp-json\/wp\/v2\/product_brand?post=12048"},{"taxonomy":"product_cat","embeddable":true,"href":"https:\/\/nordicmart.andreevmaster.com\/sv\/wp-json\/wp\/v2\/product_cat?post=12048"},{"taxonomy":"product_tag","embeddable":true,"href":"https:\/\/nordicmart.andreevmaster.com\/sv\/wp-json\/wp\/v2\/product_tag?post=12048"}],"curies":[{"name":"wp","href":"https:\/\/api.w.org\/{rel}","templated":true}]}}