{"id":12044,"date":"2026-02-27T00:12:37","date_gmt":"2026-02-27T00:12:37","guid":{"rendered":"https:\/\/nordicmart.andreevmaster.com\/product\/songmics-vaggfaste-for-sidomarkiser-endast-lampligt-for-songmics-sidomarkiser-med-stalstativ\/"},"modified":"2026-02-27T08:07:08","modified_gmt":"2026-02-27T08:07:08","slug":"songmics-vaggfaste-for-sidomarkiser-endast-lampligt-for-songmics-sidomarkiser-med-stalstativ","status":"publish","type":"product","link":"https:\/\/nordicmart.andreevmaster.com\/sv\/produkt\/songmics-vaggfaste-for-sidomarkiser-endast-lampligt-for-songmics-sidomarkiser-med-stalstativ\/","title":{"rendered":"SONGMICS v\u00e4ggf\u00e4ste f\u00f6r sidomarkiser, endast l\u00e4mpligt f\u00f6r SONGMICS sidomarkiser med st\u00e5lstativ"},"content":{"rendered":"<p>SONGMICS v\u00e4ggf\u00e4ste f\u00f6r sidomarkiser, v\u00e4ggh\u00e5llare, utdragsfixering, endast l\u00e4mplig f\u00f6r SONGMICS sidomarkiser med st\u00e5lstativ, gr\u00e5 GSA505Y01<br \/>\nF\u00e4rg: Gr\u00e5<br \/>\nMaterial: PP-plast<br \/>\nProduktm\u00e5tt: 8 x 9 x 11,5 cm (D x B x H)<br \/>\nVikt: 0,1 kg<\/p>\n","protected":false},"excerpt":{"rendered":"<p>SONGMICS v\u00e4ggf\u00e4ste f\u00f6r sidomarkiser, v\u00e4ggh\u00e5llare, utdragsfixering, endast l\u00e4mplig f\u00f6r SONGMICS sidomarkiser med st\u00e5lstativ, gr\u00e5 GSA505Y01<\/p>\n","protected":false},"featured_media":40368,"comment_status":"open","ping_status":"closed","template":"","meta":[],"product_brand":[],"product_cat":[33],"product_tag":[],"class_list":{"0":"post-12044","1":"product","2":"type-product","3":"status-publish","4":"has-post-thumbnail","6":"product_cat-okategoriserad","8":"first","9":"instock","10":"shipping-taxable","11":"purchasable","12":"product-type-simple"},"_links":{"self":[{"href":"https:\/\/nordicmart.andreevmaster.com\/sv\/wp-json\/wp\/v2\/product\/12044","targetHints":{"allow":["GET"]}}],"collection":[{"href":"https:\/\/nordicmart.andreevmaster.com\/sv\/wp-json\/wp\/v2\/product"}],"about":[{"href":"https:\/\/nordicmart.andreevmaster.com\/sv\/wp-json\/wp\/v2\/types\/product"}],"replies":[{"embeddable":true,"href":"https:\/\/nordicmart.andreevmaster.com\/sv\/wp-json\/wp\/v2\/comments?post=12044"}],"wp:featuredmedia":[{"embeddable":true,"href":"https:\/\/nordicmart.andreevmaster.com\/sv\/wp-json\/wp\/v2\/media\/40368"}],"wp:attachment":[{"href":"https:\/\/nordicmart.andreevmaster.com\/sv\/wp-json\/wp\/v2\/media?parent=12044"}],"wp:term":[{"taxonomy":"product_brand","embeddable":true,"href":"https:\/\/nordicmart.andreevmaster.com\/sv\/wp-json\/wp\/v2\/product_brand?post=12044"},{"taxonomy":"product_cat","embeddable":true,"href":"https:\/\/nordicmart.andreevmaster.com\/sv\/wp-json\/wp\/v2\/product_cat?post=12044"},{"taxonomy":"product_tag","embeddable":true,"href":"https:\/\/nordicmart.andreevmaster.com\/sv\/wp-json\/wp\/v2\/product_tag?post=12044"}],"curies":[{"name":"wp","href":"https:\/\/api.w.org\/{rel}","templated":true}]}}