{"id":12042,"date":"2026-02-27T00:12:36","date_gmt":"2026-02-27T00:12:36","guid":{"rendered":"https:\/\/nordicmart.andreevmaster.com\/product\/songmics-golvfaste-for-sidomarkisstolpar-sidomarkiser-med-stalstolpar\/"},"modified":"2026-02-27T08:07:08","modified_gmt":"2026-02-27T08:07:08","slug":"songmics-golvfaste-for-sidomarkisstolpar-sidomarkiser-med-stalstolpar","status":"publish","type":"product","link":"https:\/\/nordicmart.andreevmaster.com\/sv\/produkt\/songmics-golvfaste-for-sidomarkisstolpar-sidomarkiser-med-stalstolpar\/","title":{"rendered":"SONGMICS golvf\u00e4ste f\u00f6r sidomarkisstolpar,  sidomarkiser med st\u00e5lstolpar"},"content":{"rendered":"<p>F\u00e4rg: Gr\u00e5<br \/>\nMaterial: Pulverlackerad metall, plast<br \/>\nStorlek p\u00e5 bottenplattan: 9,6 x 9,6 x 1,3 cm (D x B x H)<br \/>\nLuckans storlek: 11,5 x 11,5 x 1,5 cm (D x B x H)<br \/>\nTotalvikt: 0,4 kg<\/p>\n","protected":false},"excerpt":{"rendered":"<p>F\u00e4rg: Gr\u00e5 Material: Pulverlackerad metall, plast Storlek p\u00e5 bottenplattan: 9,6 x 9,6 x 1,3 cm (D x B x H) Luckans storlek: 11,5 x 11,5 x 1,5 cm (D x B x H) Totalvikt: 0,4 kg<\/p>\n","protected":false},"featured_media":40366,"comment_status":"open","ping_status":"closed","template":"","meta":[],"product_brand":[],"product_cat":[33],"product_tag":[],"class_list":{"0":"post-12042","1":"product","2":"type-product","3":"status-publish","4":"has-post-thumbnail","6":"product_cat-okategoriserad","8":"first","9":"instock","10":"shipping-taxable","11":"purchasable","12":"product-type-simple"},"_links":{"self":[{"href":"https:\/\/nordicmart.andreevmaster.com\/sv\/wp-json\/wp\/v2\/product\/12042","targetHints":{"allow":["GET"]}}],"collection":[{"href":"https:\/\/nordicmart.andreevmaster.com\/sv\/wp-json\/wp\/v2\/product"}],"about":[{"href":"https:\/\/nordicmart.andreevmaster.com\/sv\/wp-json\/wp\/v2\/types\/product"}],"replies":[{"embeddable":true,"href":"https:\/\/nordicmart.andreevmaster.com\/sv\/wp-json\/wp\/v2\/comments?post=12042"}],"wp:featuredmedia":[{"embeddable":true,"href":"https:\/\/nordicmart.andreevmaster.com\/sv\/wp-json\/wp\/v2\/media\/40366"}],"wp:attachment":[{"href":"https:\/\/nordicmart.andreevmaster.com\/sv\/wp-json\/wp\/v2\/media?parent=12042"}],"wp:term":[{"taxonomy":"product_brand","embeddable":true,"href":"https:\/\/nordicmart.andreevmaster.com\/sv\/wp-json\/wp\/v2\/product_brand?post=12042"},{"taxonomy":"product_cat","embeddable":true,"href":"https:\/\/nordicmart.andreevmaster.com\/sv\/wp-json\/wp\/v2\/product_cat?post=12042"},{"taxonomy":"product_tag","embeddable":true,"href":"https:\/\/nordicmart.andreevmaster.com\/sv\/wp-json\/wp\/v2\/product_tag?post=12042"}],"curies":[{"name":"wp","href":"https:\/\/api.w.org\/{rel}","templated":true}]}}