{"id":12041,"date":"2026-02-27T00:12:36","date_gmt":"2026-02-27T00:12:36","guid":{"rendered":"https:\/\/nordicmart.andreevmaster.com\/product\/songmics-sidomarkis-utdragbar-200-x-400-cm-insynsskydd\/"},"modified":"2026-02-27T08:07:08","modified_gmt":"2026-02-27T08:07:08","slug":"songmics-sidomarkis-utdragbar-200-x-400-cm-insynsskydd","status":"publish","type":"product","link":"https:\/\/nordicmart.andreevmaster.com\/sv\/produkt\/songmics-sidomarkis-utdragbar-200-x-400-cm-insynsskydd\/","title":{"rendered":"SONGMICS sidomarkis, utdragbar, 200 x 400 cm, insynsskydd"},"content":{"rendered":"<p>SONGMICS markisf\u00e4ste f\u00f6r sidomarkisstolpar, metallplatta med plastlock, utdragbar fixering, bottenplatta, endast l\u00e4mplig f\u00f6r SONGMICS sidomarkiser med st\u00e5lstolpar<br \/>\nF\u00e4rg: Ljusgr\u00e5<br \/>\nMaterial: Pulverlackerat st\u00e5l, polyester (220 g\/m\u00b2), PU-bel\u00e4ggning<br \/>\nM\u00e5tt: 200 x 400 cm (H x L)<br \/>\nVikt: 10,8 kg<\/p>\n","protected":false},"excerpt":{"rendered":"<p>SONGMICS markisf\u00e4ste f\u00f6r sidomarkisstolpar, metallplatta med plastlock, utdragbar fixering, bottenplatta, endast l\u00e4mplig f\u00f6r SONGMICS sidomarkiser med st\u00e5lstolpar<\/p>\n","protected":false},"featured_media":40365,"comment_status":"open","ping_status":"closed","template":"","meta":[],"product_brand":[],"product_cat":[33],"product_tag":[],"class_list":{"0":"post-12041","1":"product","2":"type-product","3":"status-publish","4":"has-post-thumbnail","6":"product_cat-okategoriserad","8":"first","9":"instock","10":"shipping-taxable","11":"purchasable","12":"product-type-simple"},"_links":{"self":[{"href":"https:\/\/nordicmart.andreevmaster.com\/sv\/wp-json\/wp\/v2\/product\/12041","targetHints":{"allow":["GET"]}}],"collection":[{"href":"https:\/\/nordicmart.andreevmaster.com\/sv\/wp-json\/wp\/v2\/product"}],"about":[{"href":"https:\/\/nordicmart.andreevmaster.com\/sv\/wp-json\/wp\/v2\/types\/product"}],"replies":[{"embeddable":true,"href":"https:\/\/nordicmart.andreevmaster.com\/sv\/wp-json\/wp\/v2\/comments?post=12041"}],"wp:featuredmedia":[{"embeddable":true,"href":"https:\/\/nordicmart.andreevmaster.com\/sv\/wp-json\/wp\/v2\/media\/40365"}],"wp:attachment":[{"href":"https:\/\/nordicmart.andreevmaster.com\/sv\/wp-json\/wp\/v2\/media?parent=12041"}],"wp:term":[{"taxonomy":"product_brand","embeddable":true,"href":"https:\/\/nordicmart.andreevmaster.com\/sv\/wp-json\/wp\/v2\/product_brand?post=12041"},{"taxonomy":"product_cat","embeddable":true,"href":"https:\/\/nordicmart.andreevmaster.com\/sv\/wp-json\/wp\/v2\/product_cat?post=12041"},{"taxonomy":"product_tag","embeddable":true,"href":"https:\/\/nordicmart.andreevmaster.com\/sv\/wp-json\/wp\/v2\/product_tag?post=12041"}],"curies":[{"name":"wp","href":"https:\/\/api.w.org\/{rel}","templated":true}]}}