{"id":12039,"date":"2026-02-27T00:12:36","date_gmt":"2026-02-27T00:12:36","guid":{"rendered":"https:\/\/nordicmart.andreevmaster.com\/product\/songmics-jordankare-for-sidomarkisstolpar-endast-lampliga-for-songmics-sidomarkiser-med-stalstolpar\/"},"modified":"2026-02-27T08:07:08","modified_gmt":"2026-02-27T08:07:08","slug":"songmics-jordankare-for-sidomarkisstolpar-endast-lampliga-for-songmics-sidomarkiser-med-stalstolpar","status":"publish","type":"product","link":"https:\/\/nordicmart.andreevmaster.com\/sv\/produkt\/songmics-jordankare-for-sidomarkisstolpar-endast-lampliga-for-songmics-sidomarkiser-med-stalstolpar\/","title":{"rendered":"SONGMICS jordankare f\u00f6r sidomarkisstolpar, endast l\u00e4mpliga f\u00f6r SONGMICS sidomarkiser med st\u00e5lstolpar"},"content":{"rendered":"<p>SONGMICS jordankare, markankare f\u00f6r sidomarkisstolpar, jordspik, sidomarkiser med st\u00e5lstolpar, gr\u00e5 GSA501Y01<br \/>\nF\u00e4rg: Gr\u00e5<br \/>\nMaterial: Pulverlackerad metall<br \/>\nStorlek: 9 x 9 x 46 cm (D x B x H)<br \/>\nVikt: 1,3 kg<\/p>\n","protected":false},"excerpt":{"rendered":"<p>SONGMICS jordankare, markankare f\u00f6r sidomarkisstolpar, jordspik, sidomarkiser med st\u00e5lstolpar, gr\u00e5 GSA501Y01<\/p>\n","protected":false},"featured_media":40363,"comment_status":"open","ping_status":"closed","template":"","meta":[],"product_brand":[],"product_cat":[33],"product_tag":[],"class_list":{"0":"post-12039","1":"product","2":"type-product","3":"status-publish","4":"has-post-thumbnail","6":"product_cat-okategoriserad","8":"first","9":"instock","10":"shipping-taxable","11":"purchasable","12":"product-type-simple"},"_links":{"self":[{"href":"https:\/\/nordicmart.andreevmaster.com\/sv\/wp-json\/wp\/v2\/product\/12039","targetHints":{"allow":["GET"]}}],"collection":[{"href":"https:\/\/nordicmart.andreevmaster.com\/sv\/wp-json\/wp\/v2\/product"}],"about":[{"href":"https:\/\/nordicmart.andreevmaster.com\/sv\/wp-json\/wp\/v2\/types\/product"}],"replies":[{"embeddable":true,"href":"https:\/\/nordicmart.andreevmaster.com\/sv\/wp-json\/wp\/v2\/comments?post=12039"}],"wp:featuredmedia":[{"embeddable":true,"href":"https:\/\/nordicmart.andreevmaster.com\/sv\/wp-json\/wp\/v2\/media\/40363"}],"wp:attachment":[{"href":"https:\/\/nordicmart.andreevmaster.com\/sv\/wp-json\/wp\/v2\/media?parent=12039"}],"wp:term":[{"taxonomy":"product_brand","embeddable":true,"href":"https:\/\/nordicmart.andreevmaster.com\/sv\/wp-json\/wp\/v2\/product_brand?post=12039"},{"taxonomy":"product_cat","embeddable":true,"href":"https:\/\/nordicmart.andreevmaster.com\/sv\/wp-json\/wp\/v2\/product_cat?post=12039"},{"taxonomy":"product_tag","embeddable":true,"href":"https:\/\/nordicmart.andreevmaster.com\/sv\/wp-json\/wp\/v2\/product_tag?post=12039"}],"curies":[{"name":"wp","href":"https:\/\/api.w.org\/{rel}","templated":true}]}}