{"id":12038,"date":"2026-02-27T00:12:35","date_gmt":"2026-02-27T00:12:35","guid":{"rendered":"https:\/\/nordicmart.andreevmaster.com\/product\/songmics-klammarkis-for-solskydd-400-x-120-cm-beige\/"},"modified":"2026-02-27T08:07:07","modified_gmt":"2026-02-27T08:07:07","slug":"songmics-klammarkis-for-solskydd-400-x-120-cm-beige","status":"publish","type":"product","link":"https:\/\/nordicmart.andreevmaster.com\/sv\/produkt\/songmics-klammarkis-for-solskydd-400-x-120-cm-beige\/","title":{"rendered":"SONGMICS kl\u00e4mmarkis f\u00f6r solskydd 400 x 120 cm beige"},"content":{"rendered":"<p>SONGMICS kl\u00e4mmarkis, balkongmarkis, h\u00f6j- och s\u00e4nkbar, med vev, solskydd, f\u00f6r balkong, terrass, tr\u00e4dg\u00e5rd<br \/>\nF\u00e4rg: Beige<br \/>\nMaterial: Pulverlackerat st\u00e5l, aluminiumlegering, polyester med PA-bel\u00e4ggning (180 g\/m\u00b2)<br \/>\nStorlek: 400 x 120 cm (L x B)<br \/>\nH\u00f6jd: 220\u2013300 cm<br \/>\nVevl\u00e4ngd: 120 cm<br \/>\nVikt: 10,4 kg<\/p>\n","protected":false},"excerpt":{"rendered":"<p>SONGMICS kl\u00e4mmarkis, balkongmarkis, h\u00f6j- och s\u00e4nkbar, med vev, solskydd, f\u00f6r balkong, terrass, tr\u00e4dg\u00e5rd<\/p>\n","protected":false},"featured_media":40362,"comment_status":"open","ping_status":"closed","template":"","meta":[],"product_brand":[],"product_cat":[33],"product_tag":[],"class_list":{"0":"post-12038","1":"product","2":"type-product","3":"status-publish","4":"has-post-thumbnail","6":"product_cat-okategoriserad","8":"first","9":"instock","10":"shipping-taxable","11":"purchasable","12":"product-type-simple"},"_links":{"self":[{"href":"https:\/\/nordicmart.andreevmaster.com\/sv\/wp-json\/wp\/v2\/product\/12038","targetHints":{"allow":["GET"]}}],"collection":[{"href":"https:\/\/nordicmart.andreevmaster.com\/sv\/wp-json\/wp\/v2\/product"}],"about":[{"href":"https:\/\/nordicmart.andreevmaster.com\/sv\/wp-json\/wp\/v2\/types\/product"}],"replies":[{"embeddable":true,"href":"https:\/\/nordicmart.andreevmaster.com\/sv\/wp-json\/wp\/v2\/comments?post=12038"}],"wp:featuredmedia":[{"embeddable":true,"href":"https:\/\/nordicmart.andreevmaster.com\/sv\/wp-json\/wp\/v2\/media\/40362"}],"wp:attachment":[{"href":"https:\/\/nordicmart.andreevmaster.com\/sv\/wp-json\/wp\/v2\/media?parent=12038"}],"wp:term":[{"taxonomy":"product_brand","embeddable":true,"href":"https:\/\/nordicmart.andreevmaster.com\/sv\/wp-json\/wp\/v2\/product_brand?post=12038"},{"taxonomy":"product_cat","embeddable":true,"href":"https:\/\/nordicmart.andreevmaster.com\/sv\/wp-json\/wp\/v2\/product_cat?post=12038"},{"taxonomy":"product_tag","embeddable":true,"href":"https:\/\/nordicmart.andreevmaster.com\/sv\/wp-json\/wp\/v2\/product_tag?post=12038"}],"curies":[{"name":"wp","href":"https:\/\/api.w.org\/{rel}","templated":true}]}}