{"id":12035,"date":"2026-02-27T00:12:35","date_gmt":"2026-02-27T00:12:35","guid":{"rendered":"https:\/\/nordicmart.andreevmaster.com\/product\/songmics-dubbelsidig-markis-6-m-beige\/"},"modified":"2026-02-27T08:07:07","modified_gmt":"2026-02-27T08:07:07","slug":"songmics-dubbelsidig-markis-6-m-beige","status":"publish","type":"product","link":"https:\/\/nordicmart.andreevmaster.com\/sv\/produkt\/songmics-dubbelsidig-markis-6-m-beige\/","title":{"rendered":"SONGMICS dubbelsidig markis 6 m beige"},"content":{"rendered":"<p>Flexibel anv\u00e4ndning av dubbelsidig markis St\u00e4ll upp den dubbelsidiga markisen rakt eller i h\u00f6rn. P\u00e5 s\u00e5 s\u00e4tt kan du \u00e4ven anv\u00e4nda markisen vid h\u00f6rn p\u00e5 tomten eller vid din pool och skapa lite avskildhet. Dra ut markisen p\u00e5 b\u00e5da sidor, varje sida har en l\u00e4ngd p\u00e5 3 meter, eller anv\u00e4nd vid behov endast en sida som skugga eller vindskydd. Du kan ocks\u00e5 s\u00e4tta upp den dubbla sidomarkisen inomhus, till exempel p\u00e5 kontoret, i mottagningen, i atelj\u00e9n eller i f\u00f6rs\u00e4ljningslokalen.  Enkel att hantera Sidorullgardinerna \u00e4r l\u00e4tta att anv\u00e4nda och f\u00e4sts s\u00e4kert och stadigt p\u00e5 sidostolparna med ett handgrepp. En automatisk upprullningsfunktion f\u00f6renklar upprullningen av sidorullgardinen n\u00e4r den inte anv\u00e4nds. I markisboxen skyddas sidomarkisen fr\u00e5n smuts och damm. Rulla in markisen endast n\u00e4r den \u00e4r torr f\u00f6r att undvika m\u00f6gel och fl\u00e4ckar.  Enkel montering Tack vare illustrerade instruktioner p\u00e5 olika spr\u00e5k kan du enkelt och snabbt s\u00e4tta upp sidomarkisen. Allt f\u00e4stmaterial ing\u00e5r i leveransen, s\u00e5 att du kan b\u00f6rja montera direkt efter leveransen. Produktdetaljer: &#8211; F\u00e4rg: beige, r\u00f6kgr\u00e5 &#8211; Markisbox: aluminium  &#8211; Markistyg: polyester (280 g\/m\u00b2) + vattent\u00e4t PU-bel\u00e4ggning Leveransomfattning: &#8211; 1 x dubbel sidomarkis &#8211; 1 x instruktioner (DE, EN, FR, IT, ES)  SONGMICS Anm\u00e4rkningar: &#8211; Anv\u00e4nd endast dubbelsidig markis vid svag vind. Vid stark vind, kraftig regn och sn\u00f6fall ska markisen omedelbart dras in s\u00e5 att den inte skadas.  <\/p>\n","protected":false},"excerpt":{"rendered":"<p>SONGMICS 180 x 600 cm (H x L), utdragbar dubbelsidig markis, insynsskydd, solskydd, T\u00dcV S\u00dcD GS-certifierad, f\u00f6rtjockad polyester 280 g\/\u33a1, beige GSA360E<\/p>\n","protected":false},"featured_media":40359,"comment_status":"open","ping_status":"closed","template":"","meta":[],"product_brand":[],"product_cat":[33],"product_tag":[],"class_list":{"0":"post-12035","1":"product","2":"type-product","3":"status-publish","4":"has-post-thumbnail","6":"product_cat-okategoriserad","8":"first","9":"instock","10":"shipping-taxable","11":"purchasable","12":"product-type-simple"},"_links":{"self":[{"href":"https:\/\/nordicmart.andreevmaster.com\/sv\/wp-json\/wp\/v2\/product\/12035","targetHints":{"allow":["GET"]}}],"collection":[{"href":"https:\/\/nordicmart.andreevmaster.com\/sv\/wp-json\/wp\/v2\/product"}],"about":[{"href":"https:\/\/nordicmart.andreevmaster.com\/sv\/wp-json\/wp\/v2\/types\/product"}],"replies":[{"embeddable":true,"href":"https:\/\/nordicmart.andreevmaster.com\/sv\/wp-json\/wp\/v2\/comments?post=12035"}],"wp:featuredmedia":[{"embeddable":true,"href":"https:\/\/nordicmart.andreevmaster.com\/sv\/wp-json\/wp\/v2\/media\/40359"}],"wp:attachment":[{"href":"https:\/\/nordicmart.andreevmaster.com\/sv\/wp-json\/wp\/v2\/media?parent=12035"}],"wp:term":[{"taxonomy":"product_brand","embeddable":true,"href":"https:\/\/nordicmart.andreevmaster.com\/sv\/wp-json\/wp\/v2\/product_brand?post=12035"},{"taxonomy":"product_cat","embeddable":true,"href":"https:\/\/nordicmart.andreevmaster.com\/sv\/wp-json\/wp\/v2\/product_cat?post=12035"},{"taxonomy":"product_tag","embeddable":true,"href":"https:\/\/nordicmart.andreevmaster.com\/sv\/wp-json\/wp\/v2\/product_tag?post=12035"}],"curies":[{"name":"wp","href":"https:\/\/api.w.org\/{rel}","templated":true}]}}