{"id":12026,"date":"2026-02-27T00:12:33","date_gmt":"2026-02-27T00:12:33","guid":{"rendered":"https:\/\/nordicmart.andreevmaster.com\/product\/songmics-klammarkis-300-x-130-cm-med-vev\/"},"modified":"2026-02-27T08:07:05","modified_gmt":"2026-02-27T08:07:05","slug":"songmics-klammarkis-300-x-130-cm-med-vev","status":"publish","type":"product","link":"https:\/\/nordicmart.andreevmaster.com\/sv\/produkt\/songmics-klammarkis-300-x-130-cm-med-vev\/","title":{"rendered":"SONGMICS kl\u00e4mmarkis 300 x 130 cm med vev"},"content":{"rendered":"<p>Njut av sommaren utan komplicerad montering: Vill du ha en markis utan att beh\u00f6va borra h\u00e5l? D\u00e5 \u00e4r denna balkongmarkis fr\u00e5n SONGMICS precis r\u00e4tt f\u00f6r dig. Utan borrning eller skruvar \u2013 du beh\u00f6ver bara montera stativet och justera h\u00f6jden p\u00e5 st\u00e4ngerna och markisen s\u00e5 att st\u00e4ngerna sitter fast mellan golv och tak.Justerbar och skyddad: Markisens h\u00f6gkvalitativa tyg skyddar dig inte bara mot UV-str\u00e5lar utan ocks\u00e5 mot regn. Med veven kan du justera markisens vinkel och bredd, oavsett om den sitter p\u00e5 balkongen, terrassen eller utomhus, och den ger dig fullst\u00e4ndigt skydd. Produktdetaljer: F\u00e4rg: Antracit Material: Pulverlackerade st\u00e5lst\u00e4nger, aluminium (tygvals: \u00d8 38 mm), 280 g\/m\u00b2 polyester, PU-bel\u00e4ggning Storlek: 300 x 130 cm (L x B) H\u00f6jd: 2,2-3 m Vikt: 10,5 kg Leveransomfattning: 1 x kl\u00e4mmarkis 1 x bruksanvisning SONGMICS Anm\u00e4rkningar: Monteringen b\u00f6r utf\u00f6ras av 2 personer. Kontrollera efter monteringen att st\u00e4ngerna sitter ordentligt fast. Anv\u00e4nd inte produkten vid stark vind, regn eller sn\u00f6fall. F\u00e4ll in markisen omedelbart vid v\u00e4deromslag, eftersom det annars kan uppst\u00e5 skador. Vrid inte vidare p\u00e5 veven efter att markisduken har f\u00e4llts ut helt. Duken ska reng\u00f6ras med en mjuk trasa fuktad med vatten eller milt reng\u00f6ringsmedel.<\/p>\n","protected":false},"excerpt":{"rendered":"<p>SONGMICS kl\u00e4mmarkis, 300 x 130 cm, balkongmarkis, h\u00f6jdjusterbar, med vev, solskydd, f\u00f6r balkong, terrass, tr\u00e4dg\u00e5rd, antracit GSA313G02<\/p>\n","protected":false},"featured_media":40350,"comment_status":"open","ping_status":"closed","template":"","meta":[],"product_brand":[],"product_cat":[33],"product_tag":[],"class_list":{"0":"post-12026","1":"product","2":"type-product","3":"status-publish","4":"has-post-thumbnail","6":"product_cat-okategoriserad","8":"first","9":"instock","10":"shipping-taxable","11":"purchasable","12":"product-type-simple"},"_links":{"self":[{"href":"https:\/\/nordicmart.andreevmaster.com\/sv\/wp-json\/wp\/v2\/product\/12026","targetHints":{"allow":["GET"]}}],"collection":[{"href":"https:\/\/nordicmart.andreevmaster.com\/sv\/wp-json\/wp\/v2\/product"}],"about":[{"href":"https:\/\/nordicmart.andreevmaster.com\/sv\/wp-json\/wp\/v2\/types\/product"}],"replies":[{"embeddable":true,"href":"https:\/\/nordicmart.andreevmaster.com\/sv\/wp-json\/wp\/v2\/comments?post=12026"}],"wp:featuredmedia":[{"embeddable":true,"href":"https:\/\/nordicmart.andreevmaster.com\/sv\/wp-json\/wp\/v2\/media\/40350"}],"wp:attachment":[{"href":"https:\/\/nordicmart.andreevmaster.com\/sv\/wp-json\/wp\/v2\/media?parent=12026"}],"wp:term":[{"taxonomy":"product_brand","embeddable":true,"href":"https:\/\/nordicmart.andreevmaster.com\/sv\/wp-json\/wp\/v2\/product_brand?post=12026"},{"taxonomy":"product_cat","embeddable":true,"href":"https:\/\/nordicmart.andreevmaster.com\/sv\/wp-json\/wp\/v2\/product_cat?post=12026"},{"taxonomy":"product_tag","embeddable":true,"href":"https:\/\/nordicmart.andreevmaster.com\/sv\/wp-json\/wp\/v2\/product_tag?post=12026"}],"curies":[{"name":"wp","href":"https:\/\/api.w.org\/{rel}","templated":true}]}}