{"id":12017,"date":"2026-02-27T00:12:31","date_gmt":"2026-02-27T00:12:31","guid":{"rendered":"https:\/\/nordicmart.andreevmaster.com\/product\/songmics-sidomarkis-200-x-350-cm-antracit\/"},"modified":"2026-02-27T08:07:04","modified_gmt":"2026-02-27T08:07:04","slug":"songmics-sidomarkis-200-x-350-cm-antracit","status":"publish","type":"product","link":"https:\/\/nordicmart.andreevmaster.com\/sv\/produkt\/songmics-sidomarkis-200-x-350-cm-antracit\/","title":{"rendered":"SONGMICS sidomarkis 200 x 350 cm antracit"},"content":{"rendered":"<p>Smakfull insynsskydd f\u00f6r balkong och terrass Med SONGMICS sidomarkis kan du njuta av frukost eller brunch utan nyfikna blickar fr\u00e5n grannarna. Dessutom ger markisen svalkande skugga p\u00e5 sommaren och skyddar mot vind. Njut av sommarens temperaturer och koppla av p\u00e5 din terrass eller balkong. Tack vare den l\u00e4ttf\u00f6rst\u00e5eliga monteringsanvisningen g\u00e5r det snabbt och enkelt att montera sidomarkisen. N\u00e4r den \u00e4r monterad \u00e4r den enkel att anv\u00e4nda och kan rullas upp igen lika snabbt efter anv\u00e4ndning. Det senare rekommenderas s\u00e4rskilt vid stark vind, kraftig regn eller sn\u00f6fall, s\u00e5 att du kan njuta av ditt insynsskydd under l\u00e5ng tid. Produktdetaljer:- Markisbox: aluminium &#8211; Markistyg: polyester (280 g\/m\u00b2) + vattent\u00e4t PU-bel\u00e4ggning Leveransomfattning: &#8211; 1 x sidomarkis &#8211; 1 x golvf\u00e4ste &#8211; 1 x instruktioner (DE, EN, FR, IT, ES)<\/p>\n","protected":false},"excerpt":{"rendered":"<p>SONGMICS sidomarkis, utdragbar, 200 x 350 cm, insynsskydd, solskydd, ogenomskinlig, sidorulle, f\u00f6r balkong, terrass, tr\u00e4dg\u00e5rd, antracit GSA205G<\/p>\n","protected":false},"featured_media":40341,"comment_status":"open","ping_status":"closed","template":"","meta":[],"product_brand":[],"product_cat":[33],"product_tag":[],"class_list":{"0":"post-12017","1":"product","2":"type-product","3":"status-publish","4":"has-post-thumbnail","6":"product_cat-okategoriserad","8":"first","9":"instock","10":"shipping-taxable","11":"purchasable","12":"product-type-simple"},"_links":{"self":[{"href":"https:\/\/nordicmart.andreevmaster.com\/sv\/wp-json\/wp\/v2\/product\/12017","targetHints":{"allow":["GET"]}}],"collection":[{"href":"https:\/\/nordicmart.andreevmaster.com\/sv\/wp-json\/wp\/v2\/product"}],"about":[{"href":"https:\/\/nordicmart.andreevmaster.com\/sv\/wp-json\/wp\/v2\/types\/product"}],"replies":[{"embeddable":true,"href":"https:\/\/nordicmart.andreevmaster.com\/sv\/wp-json\/wp\/v2\/comments?post=12017"}],"wp:featuredmedia":[{"embeddable":true,"href":"https:\/\/nordicmart.andreevmaster.com\/sv\/wp-json\/wp\/v2\/media\/40341"}],"wp:attachment":[{"href":"https:\/\/nordicmart.andreevmaster.com\/sv\/wp-json\/wp\/v2\/media?parent=12017"}],"wp:term":[{"taxonomy":"product_brand","embeddable":true,"href":"https:\/\/nordicmart.andreevmaster.com\/sv\/wp-json\/wp\/v2\/product_brand?post=12017"},{"taxonomy":"product_cat","embeddable":true,"href":"https:\/\/nordicmart.andreevmaster.com\/sv\/wp-json\/wp\/v2\/product_cat?post=12017"},{"taxonomy":"product_tag","embeddable":true,"href":"https:\/\/nordicmart.andreevmaster.com\/sv\/wp-json\/wp\/v2\/product_tag?post=12017"}],"curies":[{"name":"wp","href":"https:\/\/api.w.org\/{rel}","templated":true}]}}