{"id":12011,"date":"2026-02-27T00:12:30","date_gmt":"2026-02-27T00:12:30","guid":{"rendered":"https:\/\/nordicmart.andreevmaster.com\/product\/songmics-utdragbar-sidomarkis-i-beige\/"},"modified":"2026-02-27T08:07:03","modified_gmt":"2026-02-27T08:07:03","slug":"songmics-utdragbar-sidomarkis-i-beige","status":"publish","type":"product","link":"https:\/\/nordicmart.andreevmaster.com\/sv\/produkt\/songmics-utdragbar-sidomarkis-i-beige\/","title":{"rendered":"SONGMICS utdragbar sidomarkis i beige"},"content":{"rendered":"<p>Siktsskydd f\u00f6r terrass och balkong   Tack vare sidomarkiserna fr\u00e5n SONGMICS kan du njuta av en trevlig frukost p\u00e5 terrassen utan att beh\u00f6va oroa dig f\u00f6r nyfikna blickar fr\u00e5n grannarna. Anv\u00e4nd dessutom skuggan f\u00f6r att blockera skadliga solstr\u00e5lar. P\u00e5 s\u00e5 s\u00e4tt kan du njuta av de varma sommardagarna utomhus p\u00e5 ett lugnt och avslappnat s\u00e4tt. L\u00e4mplig f\u00f6r inomhus- och utomhusbruk   Du kan anv\u00e4nda denna m\u00e5ngsidiga produkt b\u00e5de inomhus, till exempel i kontorslandskap, mottagningar, omkl\u00e4dningsrum eller fotostudior, och utomhus, till exempel p\u00e5 din terrass, i tr\u00e4dg\u00e5rden, vid poolen eller p\u00e5 din campingplats. Produktdetaljer: &#8211; F\u00e4rg: Beige &#8211; Material: Aluminium, 280 g\/m\u00b2 PU-belagd, vattenavvisande polyester (markistyg) &#8211; Storlek: 200 x 400 cm (H x L) &#8211; Vikt: 11 kg Leveransomfattning: &#8211; 1 x sidomarkis &#8211; 1 x tillbeh\u00f6rspaket &#8211; 1 x bruksanvisning (DE, EN, IT, ES, FR)<\/p>\n","protected":false},"excerpt":{"rendered":"<p>SONGMICS sidomarkis, utdragbar, 200 x 400 cm, insynsskydd, solskydd, ogenomskinlig, sidorulle, f\u00f6r balkong, terrass, tr\u00e4dg\u00e5rd, antracit GSA204G01<\/p>\n","protected":false},"featured_media":40335,"comment_status":"open","ping_status":"closed","template":"","meta":[],"product_brand":[],"product_cat":[33],"product_tag":[],"class_list":{"0":"post-12011","1":"product","2":"type-product","3":"status-publish","4":"has-post-thumbnail","6":"product_cat-okategoriserad","8":"first","9":"instock","10":"shipping-taxable","11":"purchasable","12":"product-type-simple"},"_links":{"self":[{"href":"https:\/\/nordicmart.andreevmaster.com\/sv\/wp-json\/wp\/v2\/product\/12011","targetHints":{"allow":["GET"]}}],"collection":[{"href":"https:\/\/nordicmart.andreevmaster.com\/sv\/wp-json\/wp\/v2\/product"}],"about":[{"href":"https:\/\/nordicmart.andreevmaster.com\/sv\/wp-json\/wp\/v2\/types\/product"}],"replies":[{"embeddable":true,"href":"https:\/\/nordicmart.andreevmaster.com\/sv\/wp-json\/wp\/v2\/comments?post=12011"}],"wp:featuredmedia":[{"embeddable":true,"href":"https:\/\/nordicmart.andreevmaster.com\/sv\/wp-json\/wp\/v2\/media\/40335"}],"wp:attachment":[{"href":"https:\/\/nordicmart.andreevmaster.com\/sv\/wp-json\/wp\/v2\/media?parent=12011"}],"wp:term":[{"taxonomy":"product_brand","embeddable":true,"href":"https:\/\/nordicmart.andreevmaster.com\/sv\/wp-json\/wp\/v2\/product_brand?post=12011"},{"taxonomy":"product_cat","embeddable":true,"href":"https:\/\/nordicmart.andreevmaster.com\/sv\/wp-json\/wp\/v2\/product_cat?post=12011"},{"taxonomy":"product_tag","embeddable":true,"href":"https:\/\/nordicmart.andreevmaster.com\/sv\/wp-json\/wp\/v2\/product_tag?post=12011"}],"curies":[{"name":"wp","href":"https:\/\/api.w.org\/{rel}","templated":true}]}}