{"id":12007,"date":"2026-02-27T00:12:29","date_gmt":"2026-02-27T00:12:29","guid":{"rendered":"https:\/\/nordicmart.andreevmaster.com\/product\/songmics-sidomarkis-200-x-300-cm-antracit\/"},"modified":"2026-02-27T08:07:03","modified_gmt":"2026-02-27T08:07:03","slug":"songmics-sidomarkis-200-x-300-cm-antracit","status":"publish","type":"product","link":"https:\/\/nordicmart.andreevmaster.com\/sv\/produkt\/songmics-sidomarkis-200-x-300-cm-antracit\/","title":{"rendered":"SONGMICS sidomarkis 200 x 300 cm antracit"},"content":{"rendered":"<p>Elegant insynsskydd p\u00e5 terrassen och balkongen Njut av din frukost eller brunch utan nyfikna blickar fr\u00e5n grannarna. Utnyttja den svalkande skuggan p\u00e5 sommaren och skyddet mot vinden och njut av de sommarliga temperaturerna medan du kopplar av p\u00e5 din terrass eller balkong. Flexibel sidomarkis f\u00f6r utomhus- och inomhusbruk Du kan ocks\u00e5 anv\u00e4nda sidomarkisen inomhus, till exempel i en mottagning eller ett atelj\u00e9. Du beh\u00f6ver bara en stabil v\u00e4gg d\u00e4r sidorullen kan f\u00e4stas. Med golvf\u00e4stet kan markisstolpen enkelt tas bort, s\u00e5 att det bara finns ett l\u00e5gt, litet f\u00e4ste p\u00e5 golvet som inte syns. Enkel montering och hanteringMonteringen g\u00e5r snabbt och enkelt tack vare den medf\u00f6ljande monteringsanvisningen. N\u00e4r sidomarkisen \u00e4r uppsatt \u00e4r den enkel att anv\u00e4nda och lika snabb att rulla upp igen n\u00e4r du inte beh\u00f6ver den l\u00e4ngre. Rulla upp markisen vid stark vind, kraftig regn eller sn\u00f6fall f\u00f6r att kunna njuta av ditt insynsskydd under l\u00e5ng tid. Produktdetaljer: &#8211; F\u00e4rg: antracit &#8211; Material: aluminiumlegering, polyester (280 g\/m\u00b2), PU-bel\u00e4ggning &#8211; Storlek: 200 x 300 cm (H x L) &#8211; Vikt: 9 kg Leveransomfattning: &#8211; 1 x sidomarkis &#8211; 1 x tillbeh\u00f6rspaket &#8211; 1 x instruktioner SONGMICS Anm\u00e4rkningar:- Produkten \u00e4r endast avsedd f\u00f6r anv\u00e4ndning under soliga eller l\u00e4tt bl\u00e5siga dagar. F\u00e4ll in markisen omedelbart vid stark vind eller storm f\u00f6r att undvika skador. &#8211; Anv\u00e4nd en fuktig trasa f\u00f6r att reng\u00f6ra produkten. &#8211; Kontrollera att storleken passar innan du best\u00e4ller.<\/p>\n","protected":false},"excerpt":{"rendered":"<p>SONGMICS sidomarkis, utdragbar, 200 x 350 cm, insynsskydd, solskydd, ogenomskinlig, sidorulle, f\u00f6r balkong, terrass, tr\u00e4dg\u00e5rd, antracit GSA205G<\/p>\n","protected":false},"featured_media":40331,"comment_status":"open","ping_status":"closed","template":"","meta":[],"product_brand":[],"product_cat":[33],"product_tag":[],"class_list":{"0":"post-12007","1":"product","2":"type-product","3":"status-publish","4":"has-post-thumbnail","6":"product_cat-okategoriserad","8":"first","9":"instock","10":"shipping-taxable","11":"purchasable","12":"product-type-simple"},"_links":{"self":[{"href":"https:\/\/nordicmart.andreevmaster.com\/sv\/wp-json\/wp\/v2\/product\/12007","targetHints":{"allow":["GET"]}}],"collection":[{"href":"https:\/\/nordicmart.andreevmaster.com\/sv\/wp-json\/wp\/v2\/product"}],"about":[{"href":"https:\/\/nordicmart.andreevmaster.com\/sv\/wp-json\/wp\/v2\/types\/product"}],"replies":[{"embeddable":true,"href":"https:\/\/nordicmart.andreevmaster.com\/sv\/wp-json\/wp\/v2\/comments?post=12007"}],"wp:featuredmedia":[{"embeddable":true,"href":"https:\/\/nordicmart.andreevmaster.com\/sv\/wp-json\/wp\/v2\/media\/40331"}],"wp:attachment":[{"href":"https:\/\/nordicmart.andreevmaster.com\/sv\/wp-json\/wp\/v2\/media?parent=12007"}],"wp:term":[{"taxonomy":"product_brand","embeddable":true,"href":"https:\/\/nordicmart.andreevmaster.com\/sv\/wp-json\/wp\/v2\/product_brand?post=12007"},{"taxonomy":"product_cat","embeddable":true,"href":"https:\/\/nordicmart.andreevmaster.com\/sv\/wp-json\/wp\/v2\/product_cat?post=12007"},{"taxonomy":"product_tag","embeddable":true,"href":"https:\/\/nordicmart.andreevmaster.com\/sv\/wp-json\/wp\/v2\/product_tag?post=12007"}],"curies":[{"name":"wp","href":"https:\/\/api.w.org\/{rel}","templated":true}]}}