{"id":12004,"date":"2026-02-27T00:12:29","date_gmt":"2026-02-27T00:12:29","guid":{"rendered":"https:\/\/nordicmart.andreevmaster.com\/product\/songmics-utdragbar-vertikal-markis-beige\/"},"modified":"2026-02-27T08:07:02","modified_gmt":"2026-02-27T08:07:02","slug":"songmics-utdragbar-vertikal-markis-beige","status":"publish","type":"product","link":"https:\/\/nordicmart.andreevmaster.com\/sv\/produkt\/songmics-utdragbar-vertikal-markis-beige\/","title":{"rendered":"SONGMICS utdragbar vertikal markis beige"},"content":{"rendered":"<p>Din komfort \u00e4r viktig Denna vertikala markis fr\u00e5n SONGMICS \u00e4r en idealisk l\u00f6sning som solskydd och insynsskydd mot nyfikna blickar fr\u00e5n grannarna. Den skyddar \u00e4ven mot l\u00e4tt vind. P\u00e5 s\u00e5 s\u00e4tt kan du skapa en avslappnad atmosf\u00e4r i tr\u00e4dg\u00e5rdspaviljongen, p\u00e5 balkongen eller p\u00e5 terrassen. H\u00f6jdpunkterna i korthet: &#8211; Den 2,5 x 1,8 m stora vertikala markisen i elegant beige ger ett modernt utseende &#8211; Markisboxen \u00e4r tillverkad av en h\u00f6gkvalitativ aluminiumlegering och erbjuder god robusthet och rostbest\u00e4ndighet &#8211; Det slutna h\u00f6ljet skyddar tyget och m\u00f6jligg\u00f6r en l\u00e5ng livsl\u00e4ngd &#8211; Det starka markistyg (280 g\/m\u00b2) med PU-bel\u00e4ggning \u00e4r rivfast och vattent\u00e5ligt &#8211; Med en handvev kan markisduken flexibelt dras ner och upp &#8211; Du kan anv\u00e4nda markisen b\u00e5de utomhus och inomhus, till exempel i ett kontorslandskap eller i omkl\u00e4dningsrum Produktdetaljer: &#8211; F\u00e4rg: Beige &#8211; Material: aluminiumlegering, polyester (280 g\/m\u00b2), PU-bel\u00e4ggning &#8211; M\u00e5tt: 2,5 x 1,8 m (L x B) &#8211; Vikt: 9,5 kg Leveransomfattning: &#8211; 1 x sidomarkis &#8211; 1 x tillbeh\u00f6rspaket &#8211; 1 x bruksanvisning (DE, EN, FR, IT, ES) SONGMICS Anm\u00e4rkningar:- Produkten \u00e4r endast avsedd f\u00f6r anv\u00e4ndning under soliga eller l\u00e4tt bl\u00e5siga dagar. F\u00e4ll in markisen omedelbart vid stark vind eller storm f\u00f6r att undvika skador. &#8211; Anv\u00e4nd en fuktig trasa f\u00f6r att reng\u00f6ra produkten.<\/p>\n","protected":false},"excerpt":{"rendered":"<p>SONGMICS 1,6 x 2,5 m vertikal markis f\u00f6r balkong, terrass, vertikal markis f\u00f6r utomhusbruk, markis f\u00f6r vindskydd, solskydd och insynsskydd, vattent\u00e4t, beige Serien Classic GSA165BE<\/p>\n","protected":false},"featured_media":40329,"comment_status":"open","ping_status":"closed","template":"","meta":[],"product_brand":[],"product_cat":[33],"product_tag":[],"class_list":{"0":"post-12004","1":"product","2":"type-product","3":"status-publish","4":"has-post-thumbnail","6":"product_cat-okategoriserad","8":"first","9":"instock","10":"shipping-taxable","11":"purchasable","12":"product-type-simple"},"_links":{"self":[{"href":"https:\/\/nordicmart.andreevmaster.com\/sv\/wp-json\/wp\/v2\/product\/12004","targetHints":{"allow":["GET"]}}],"collection":[{"href":"https:\/\/nordicmart.andreevmaster.com\/sv\/wp-json\/wp\/v2\/product"}],"about":[{"href":"https:\/\/nordicmart.andreevmaster.com\/sv\/wp-json\/wp\/v2\/types\/product"}],"replies":[{"embeddable":true,"href":"https:\/\/nordicmart.andreevmaster.com\/sv\/wp-json\/wp\/v2\/comments?post=12004"}],"wp:featuredmedia":[{"embeddable":true,"href":"https:\/\/nordicmart.andreevmaster.com\/sv\/wp-json\/wp\/v2\/media\/40329"}],"wp:attachment":[{"href":"https:\/\/nordicmart.andreevmaster.com\/sv\/wp-json\/wp\/v2\/media?parent=12004"}],"wp:term":[{"taxonomy":"product_brand","embeddable":true,"href":"https:\/\/nordicmart.andreevmaster.com\/sv\/wp-json\/wp\/v2\/product_brand?post=12004"},{"taxonomy":"product_cat","embeddable":true,"href":"https:\/\/nordicmart.andreevmaster.com\/sv\/wp-json\/wp\/v2\/product_cat?post=12004"},{"taxonomy":"product_tag","embeddable":true,"href":"https:\/\/nordicmart.andreevmaster.com\/sv\/wp-json\/wp\/v2\/product_tag?post=12004"}],"curies":[{"name":"wp","href":"https:\/\/api.w.org\/{rel}","templated":true}]}}