{"id":12001,"date":"2026-02-27T00:12:28","date_gmt":"2026-02-27T00:12:28","guid":{"rendered":"https:\/\/nordicmart.andreevmaster.com\/product\/songmics-utdragbar-sidomarkis-gra\/"},"modified":"2026-02-27T08:07:02","modified_gmt":"2026-02-27T08:07:02","slug":"songmics-utdragbar-sidomarkis-gra","status":"publish","type":"product","link":"https:\/\/nordicmart.andreevmaster.com\/sv\/produkt\/songmics-utdragbar-sidomarkis-gra\/","title":{"rendered":"SONGMICS utdragbar sidomarkis, gr\u00e5"},"content":{"rendered":"<p>Denna markis \u00e4r det perfekta valet om du vill skydda dig mot solstr\u00e5lar och l\u00e4tt vind. H\u00f6jdpunkterna i korthet: &#8211; Markisboxen i aluminiumlegering \u00e4r robust och rostbest\u00e4ndig &#8211; Den vinklade stolpen ger en bra sp\u00e4nning f\u00f6r markisduken &#8211; Den h\u00f6gdensitetsmarkisduken (280 g\/m\u00b2) har en vattenavvisande PU-bel\u00e4ggning och t\u00e5l regn &#8211; Rullfunktion f\u00f6r enkel utdragning och upprullning av markisduken &#8211; T\u00e4ck golvf\u00e4stet med skyddsk\u00e5pan s\u00e5 att det inte st\u00f6r i vardagen &#8211; Du kan anv\u00e4nda markisen b\u00e5de utomhus och inomhus Flera monteringsalternativ: &#8211; F\u00e4st l\u00e5dan p\u00e5 v\u00e4ggen (\u226510 cm tjocklek) och stolpen p\u00e5 golvet. Stolpen kan s\u00e4ttas i golvf\u00e4stet s\u00e5 att du enkelt kan dra ut den n\u00e4r den inte anv\u00e4nds. &#8211; Om b\u00e5da sidorna av markisen ska monteras p\u00e5 v\u00e4ggar m\u00e5ste ett v\u00e4ggf\u00e4ste f\u00f6r handtaget f\u00f6rberedas. Om l\u00e5dan inte ska monteras p\u00e5 v\u00e4ggen kr\u00e4vs en stolpe som f\u00e4ste. &#8211; Om b\u00e5da sidorna ska f\u00e4stas p\u00e5 gr\u00e4s m\u00e5ste en f\u00e4ststolpe och 2 markankare f\u00f6rberedas; om endast sidostolpen ska f\u00e4stas p\u00e5 gr\u00e4s r\u00e4cker det med 1 markankare. Produktdetaljer:- F\u00e4rg: Gr\u00e5- Material: aluminiumlegering, polyester (280 g\/m\u00b2), PU-bel\u00e4ggning &#8211; M\u00e5tt: 1,8 x 3,5 m (H x L) &#8211; Vikt: 9,5 kg Leveransomfattning: &#8211; 1 x sidomarkis &#8211; 1 x tillbeh\u00f6rspaket &#8211; 1 x bruksanvisning (DE, EN, FR, IT, ES) SONGMICS Anm\u00e4rkningar:- Produkten \u00e4r endast avsedd f\u00f6r anv\u00e4ndning under soliga eller l\u00e4tt bl\u00e5siga dagar. F\u00e4ll in markisen omedelbart vid stark vind eller storm f\u00f6r att undvika skador. &#8211; Anv\u00e4nd en fuktig trasa f\u00f6r att reng\u00f6ra produkten.<\/p>\n","protected":false},"excerpt":{"rendered":"<p>SONGMICS sidomarkis f\u00f6r balkong och terrass, sidorulle, insynsskydd, sk\u00e4rm, utomhus, tr\u00e4dg\u00e5rd, T\u00dcV S\u00dcD GS-certifierad, beige GSA180E<\/p>\n","protected":false},"featured_media":40326,"comment_status":"open","ping_status":"closed","template":"","meta":[],"product_brand":[],"product_cat":[33],"product_tag":[],"class_list":{"0":"post-12001","1":"product","2":"type-product","3":"status-publish","4":"has-post-thumbnail","6":"product_cat-okategoriserad","8":"first","9":"instock","10":"shipping-taxable","11":"purchasable","12":"product-type-simple"},"_links":{"self":[{"href":"https:\/\/nordicmart.andreevmaster.com\/sv\/wp-json\/wp\/v2\/product\/12001","targetHints":{"allow":["GET"]}}],"collection":[{"href":"https:\/\/nordicmart.andreevmaster.com\/sv\/wp-json\/wp\/v2\/product"}],"about":[{"href":"https:\/\/nordicmart.andreevmaster.com\/sv\/wp-json\/wp\/v2\/types\/product"}],"replies":[{"embeddable":true,"href":"https:\/\/nordicmart.andreevmaster.com\/sv\/wp-json\/wp\/v2\/comments?post=12001"}],"wp:featuredmedia":[{"embeddable":true,"href":"https:\/\/nordicmart.andreevmaster.com\/sv\/wp-json\/wp\/v2\/media\/40326"}],"wp:attachment":[{"href":"https:\/\/nordicmart.andreevmaster.com\/sv\/wp-json\/wp\/v2\/media?parent=12001"}],"wp:term":[{"taxonomy":"product_brand","embeddable":true,"href":"https:\/\/nordicmart.andreevmaster.com\/sv\/wp-json\/wp\/v2\/product_brand?post=12001"},{"taxonomy":"product_cat","embeddable":true,"href":"https:\/\/nordicmart.andreevmaster.com\/sv\/wp-json\/wp\/v2\/product_cat?post=12001"},{"taxonomy":"product_tag","embeddable":true,"href":"https:\/\/nordicmart.andreevmaster.com\/sv\/wp-json\/wp\/v2\/product_tag?post=12001"}],"curies":[{"name":"wp","href":"https:\/\/api.w.org\/{rel}","templated":true}]}}