{"id":11998,"date":"2026-02-27T00:12:28","date_gmt":"2026-02-27T00:12:28","guid":{"rendered":"https:\/\/nordicmart.andreevmaster.com\/product\/songmics-utdragbar-sidomarkis-180-x-400-cm-for-balkong\/"},"modified":"2026-02-27T08:07:01","modified_gmt":"2026-02-27T08:07:01","slug":"songmics-utdragbar-sidomarkis-180-x-400-cm-for-balkong","status":"publish","type":"product","link":"https:\/\/nordicmart.andreevmaster.com\/sv\/produkt\/songmics-utdragbar-sidomarkis-180-x-400-cm-for-balkong\/","title":{"rendered":"SONGMICS utdragbar sidomarkis 180 x 400 cm f\u00f6r balkong"},"content":{"rendered":"<p>SONGMICS sidomarkis f\u00f6r balkong och terrass, sidorulle, insynsskydd, sk\u00e4rm, utomhus, tr\u00e4dg\u00e5rd, T\u00dcV S\u00dcD GS-certifierad, beige GSA180E<br \/>\nF\u00e4rg: Gr\u00e5<br \/>\nMaterial: Aluminiumlegering, polyester (280 g\/m\u00b2), PU-bel\u00e4ggning<br \/>\nM\u00e5tt: 180 x 400 cm (H x L)<br \/>\nVikt: 11,3 kg<\/p>\n","protected":false},"excerpt":{"rendered":"<p>SONGMICS sidomarkis f\u00f6r balkong och terrass, sidorulle, insynsskydd, sk\u00e4rm, utomhus, tr\u00e4dg\u00e5rd, T\u00dcV S\u00dcD GS-certifierad, beige GSA180E<\/p>\n","protected":false},"featured_media":40323,"comment_status":"open","ping_status":"closed","template":"","meta":[],"product_brand":[],"product_cat":[33],"product_tag":[],"class_list":{"0":"post-11998","1":"product","2":"type-product","3":"status-publish","4":"has-post-thumbnail","6":"product_cat-okategoriserad","8":"first","9":"instock","10":"shipping-taxable","11":"purchasable","12":"product-type-simple"},"_links":{"self":[{"href":"https:\/\/nordicmart.andreevmaster.com\/sv\/wp-json\/wp\/v2\/product\/11998","targetHints":{"allow":["GET"]}}],"collection":[{"href":"https:\/\/nordicmart.andreevmaster.com\/sv\/wp-json\/wp\/v2\/product"}],"about":[{"href":"https:\/\/nordicmart.andreevmaster.com\/sv\/wp-json\/wp\/v2\/types\/product"}],"replies":[{"embeddable":true,"href":"https:\/\/nordicmart.andreevmaster.com\/sv\/wp-json\/wp\/v2\/comments?post=11998"}],"wp:featuredmedia":[{"embeddable":true,"href":"https:\/\/nordicmart.andreevmaster.com\/sv\/wp-json\/wp\/v2\/media\/40323"}],"wp:attachment":[{"href":"https:\/\/nordicmart.andreevmaster.com\/sv\/wp-json\/wp\/v2\/media?parent=11998"}],"wp:term":[{"taxonomy":"product_brand","embeddable":true,"href":"https:\/\/nordicmart.andreevmaster.com\/sv\/wp-json\/wp\/v2\/product_brand?post=11998"},{"taxonomy":"product_cat","embeddable":true,"href":"https:\/\/nordicmart.andreevmaster.com\/sv\/wp-json\/wp\/v2\/product_cat?post=11998"},{"taxonomy":"product_tag","embeddable":true,"href":"https:\/\/nordicmart.andreevmaster.com\/sv\/wp-json\/wp\/v2\/product_tag?post=11998"}],"curies":[{"name":"wp","href":"https:\/\/api.w.org\/{rel}","templated":true}]}}