{"id":11992,"date":"2026-02-27T00:12:26","date_gmt":"2026-02-27T00:12:26","guid":{"rendered":"https:\/\/nordicmart.andreevmaster.com\/product\/songmics-sidomarkis-180-x-300-cm-beige\/"},"modified":"2026-02-27T08:07:00","modified_gmt":"2026-02-27T08:07:00","slug":"songmics-sidomarkis-180-x-300-cm-beige","status":"publish","type":"product","link":"https:\/\/nordicmart.andreevmaster.com\/sv\/produkt\/songmics-sidomarkis-180-x-300-cm-beige\/","title":{"rendered":"SONGMICS sidomarkis 180 x 300 cm beige"},"content":{"rendered":"<p>Produktdetaljer: &#8211; F\u00e4rg: Beige &#8211; Markisbox: Aluminium &#8211; Markistyg: Polyester (280 g\/m\u00b2) + vattent\u00e4t PU-bel\u00e4ggning &#8211; M\u00e5tt: 180 x 300 cm (H x L) &#8211; Vikt: 10 kg Leveransomfattning: &#8211; 1 x sidomarkis &#8211; 1 x golvf\u00e4ste &#8211; 1 x bruksanvisning (DE, EN, FR, IT, ES)<\/p>\n","protected":false},"excerpt":{"rendered":"<p>SONGMICS sidomarkis f\u00f6r balkong och terrass, sidorulle, insynsskydd, sk\u00e4rm, utomhus, tr\u00e4dg\u00e5rd, T\u00dcV S\u00dcD GS-certifierad, beige GSA180E<\/p>\n","protected":false},"featured_media":40317,"comment_status":"open","ping_status":"closed","template":"","meta":[],"product_brand":[],"product_cat":[33],"product_tag":[],"class_list":{"0":"post-11992","1":"product","2":"type-product","3":"status-publish","4":"has-post-thumbnail","6":"product_cat-okategoriserad","8":"first","9":"instock","10":"shipping-taxable","11":"purchasable","12":"product-type-simple"},"_links":{"self":[{"href":"https:\/\/nordicmart.andreevmaster.com\/sv\/wp-json\/wp\/v2\/product\/11992","targetHints":{"allow":["GET"]}}],"collection":[{"href":"https:\/\/nordicmart.andreevmaster.com\/sv\/wp-json\/wp\/v2\/product"}],"about":[{"href":"https:\/\/nordicmart.andreevmaster.com\/sv\/wp-json\/wp\/v2\/types\/product"}],"replies":[{"embeddable":true,"href":"https:\/\/nordicmart.andreevmaster.com\/sv\/wp-json\/wp\/v2\/comments?post=11992"}],"wp:featuredmedia":[{"embeddable":true,"href":"https:\/\/nordicmart.andreevmaster.com\/sv\/wp-json\/wp\/v2\/media\/40317"}],"wp:attachment":[{"href":"https:\/\/nordicmart.andreevmaster.com\/sv\/wp-json\/wp\/v2\/media?parent=11992"}],"wp:term":[{"taxonomy":"product_brand","embeddable":true,"href":"https:\/\/nordicmart.andreevmaster.com\/sv\/wp-json\/wp\/v2\/product_brand?post=11992"},{"taxonomy":"product_cat","embeddable":true,"href":"https:\/\/nordicmart.andreevmaster.com\/sv\/wp-json\/wp\/v2\/product_cat?post=11992"},{"taxonomy":"product_tag","embeddable":true,"href":"https:\/\/nordicmart.andreevmaster.com\/sv\/wp-json\/wp\/v2\/product_tag?post=11992"}],"curies":[{"name":"wp","href":"https:\/\/api.w.org\/{rel}","templated":true}]}}