{"id":11989,"date":"2026-02-27T00:12:26","date_gmt":"2026-02-27T00:12:26","guid":{"rendered":"https:\/\/nordicmart.andreevmaster.com\/product\/songmics-sidomarkis-160-x-350-cm-antracit\/"},"modified":"2026-02-27T08:07:00","modified_gmt":"2026-02-27T08:07:00","slug":"songmics-sidomarkis-160-x-350-cm-antracit","status":"publish","type":"product","link":"https:\/\/nordicmart.andreevmaster.com\/sv\/produkt\/songmics-sidomarkis-160-x-350-cm-antracit\/","title":{"rendered":"SONGMICS sidomarkis 160 x 350 cm antracit"},"content":{"rendered":"<p>Elegant insynsskydd p\u00e5 terrassen och balkongen Njut av din frukost eller brunch utan nyfikna blickar fr\u00e5n grannarna. Utnyttja den svalkande skuggan p\u00e5 sommaren och skyddet mot vinden och njut av de sommarliga temperaturerna medan du kopplar av p\u00e5 din terrass eller balkong. Flexibel sidogardin f\u00f6r utomhus- och inomhusbruk Du kan ocks\u00e5 anv\u00e4nda sidogardinen inomhus, till exempel i en mottagning eller ett atelj\u00e9. Du beh\u00f6ver bara en stabil v\u00e4gg d\u00e4r sidogardinen kan f\u00e4stas. Med golvf\u00e4stet kan markisstolpen enkelt tas bort, s\u00e5 att endast ett l\u00e5gt, litet f\u00e4ste finns kvar p\u00e5 golvet, vilket inte syns s\u00e4rskilt mycket. Enkel montering och hantering Monteringen g\u00e5r snabbt och enkelt tack vare den medf\u00f6ljande monteringsanvisningen. N\u00e4r sidomarkisen \u00e4r uppsatt \u00e4r den enkel att anv\u00e4nda och kan rullas upp lika snabbt n\u00e4r du inte l\u00e4ngre beh\u00f6ver den. Rulla in markisen vid stark vind, kraftig regn eller sn\u00f6fall f\u00f6r att kunna njuta av ditt insynsskydd under l\u00e5ng tid. Produktdetaljer: &#8211; F\u00e4rg: antracit &#8211; Markisbox: Aluminium &#8211; Markistyg: Polyester (280 g\/m\u00b2) + vattent\u00e4t PU-bel\u00e4ggning &#8211; M\u00e5tt: 160 x 350 cm (H x L) &#8211; Vikt: 9 kg Leveransomfattning: &#8211; 1 x sidomarkis &#8211; 1 x golvf\u00e4ste &#8211; 1 x instruktioner (DE, EN, FR, IT, ES)<\/p>\n","protected":false},"excerpt":{"rendered":"<p>SONGMICS GSA160G sidomarkis f\u00f6r balkong och terrass, T\u00dcV S\u00dcD GS-certifierad, insynsskydd, solskydd<\/p>\n","protected":false},"featured_media":40314,"comment_status":"open","ping_status":"closed","template":"","meta":[],"product_brand":[],"product_cat":[33],"product_tag":[],"class_list":{"0":"post-11989","1":"product","2":"type-product","3":"status-publish","4":"has-post-thumbnail","6":"product_cat-okategoriserad","8":"first","9":"instock","10":"shipping-taxable","11":"purchasable","12":"product-type-simple"},"_links":{"self":[{"href":"https:\/\/nordicmart.andreevmaster.com\/sv\/wp-json\/wp\/v2\/product\/11989","targetHints":{"allow":["GET"]}}],"collection":[{"href":"https:\/\/nordicmart.andreevmaster.com\/sv\/wp-json\/wp\/v2\/product"}],"about":[{"href":"https:\/\/nordicmart.andreevmaster.com\/sv\/wp-json\/wp\/v2\/types\/product"}],"replies":[{"embeddable":true,"href":"https:\/\/nordicmart.andreevmaster.com\/sv\/wp-json\/wp\/v2\/comments?post=11989"}],"wp:featuredmedia":[{"embeddable":true,"href":"https:\/\/nordicmart.andreevmaster.com\/sv\/wp-json\/wp\/v2\/media\/40314"}],"wp:attachment":[{"href":"https:\/\/nordicmart.andreevmaster.com\/sv\/wp-json\/wp\/v2\/media?parent=11989"}],"wp:term":[{"taxonomy":"product_brand","embeddable":true,"href":"https:\/\/nordicmart.andreevmaster.com\/sv\/wp-json\/wp\/v2\/product_brand?post=11989"},{"taxonomy":"product_cat","embeddable":true,"href":"https:\/\/nordicmart.andreevmaster.com\/sv\/wp-json\/wp\/v2\/product_cat?post=11989"},{"taxonomy":"product_tag","embeddable":true,"href":"https:\/\/nordicmart.andreevmaster.com\/sv\/wp-json\/wp\/v2\/product_tag?post=11989"}],"curies":[{"name":"wp","href":"https:\/\/api.w.org\/{rel}","templated":true}]}}