{"id":11986,"date":"2026-02-27T00:12:25","date_gmt":"2026-02-27T00:12:25","guid":{"rendered":"https:\/\/nordicmart.andreevmaster.com\/product\/songmics-utdragbar-sidomarkis-160-x-400-cm-for-balkong\/"},"modified":"2026-02-27T08:07:00","modified_gmt":"2026-02-27T08:07:00","slug":"songmics-utdragbar-sidomarkis-160-x-400-cm-for-balkong","status":"publish","type":"product","link":"https:\/\/nordicmart.andreevmaster.com\/sv\/produkt\/songmics-utdragbar-sidomarkis-160-x-400-cm-for-balkong\/","title":{"rendered":"SONGMICS utdragbar sidomarkis 160 x 400 cm f\u00f6r balkong"},"content":{"rendered":"<p>SONGMICS sidomarkis, utdragbar, 160 x 400 cm, insynsskydd, solskydd, ogenomskinlig, sidorulle, f\u00f6r balkong, terrass, tr\u00e4dg\u00e5rd, gr\u00e5 GSA164G03<br \/>\nF\u00e4rg: Gr\u00e5<br \/>\nMaterial: Aluminiumlegering, polyester (280 g\/m\u00b2), PU-bel\u00e4ggning<br \/>\nM\u00e5tt: 160 x 400 cm (H x L)<br \/>\nVikt: 9,7 kg<\/p>\n","protected":false},"excerpt":{"rendered":"<p>SONGMICS sidomarkis, utdragbar, 160 x 400 cm, insynsskydd, solskydd, ogenomskinlig, sidorulle, f\u00f6r balkong, terrass, tr\u00e4dg\u00e5rd, gr\u00e5 GSA164G03<\/p>\n","protected":false},"featured_media":40311,"comment_status":"open","ping_status":"closed","template":"","meta":[],"product_brand":[],"product_cat":[33],"product_tag":[],"class_list":{"0":"post-11986","1":"product","2":"type-product","3":"status-publish","4":"has-post-thumbnail","6":"product_cat-okategoriserad","8":"first","9":"instock","10":"shipping-taxable","11":"purchasable","12":"product-type-simple"},"_links":{"self":[{"href":"https:\/\/nordicmart.andreevmaster.com\/sv\/wp-json\/wp\/v2\/product\/11986","targetHints":{"allow":["GET"]}}],"collection":[{"href":"https:\/\/nordicmart.andreevmaster.com\/sv\/wp-json\/wp\/v2\/product"}],"about":[{"href":"https:\/\/nordicmart.andreevmaster.com\/sv\/wp-json\/wp\/v2\/types\/product"}],"replies":[{"embeddable":true,"href":"https:\/\/nordicmart.andreevmaster.com\/sv\/wp-json\/wp\/v2\/comments?post=11986"}],"wp:featuredmedia":[{"embeddable":true,"href":"https:\/\/nordicmart.andreevmaster.com\/sv\/wp-json\/wp\/v2\/media\/40311"}],"wp:attachment":[{"href":"https:\/\/nordicmart.andreevmaster.com\/sv\/wp-json\/wp\/v2\/media?parent=11986"}],"wp:term":[{"taxonomy":"product_brand","embeddable":true,"href":"https:\/\/nordicmart.andreevmaster.com\/sv\/wp-json\/wp\/v2\/product_brand?post=11986"},{"taxonomy":"product_cat","embeddable":true,"href":"https:\/\/nordicmart.andreevmaster.com\/sv\/wp-json\/wp\/v2\/product_cat?post=11986"},{"taxonomy":"product_tag","embeddable":true,"href":"https:\/\/nordicmart.andreevmaster.com\/sv\/wp-json\/wp\/v2\/product_tag?post=11986"}],"curies":[{"name":"wp","href":"https:\/\/api.w.org\/{rel}","templated":true}]}}