{"id":11981,"date":"2026-02-27T00:12:24","date_gmt":"2026-02-27T00:12:24","guid":{"rendered":"https:\/\/nordicmart.andreevmaster.com\/product\/songmics-sidomarkis-160-x-300-cm-beige\/"},"modified":"2026-02-27T08:06:59","modified_gmt":"2026-02-27T08:06:59","slug":"songmics-sidomarkis-160-x-300-cm-beige","status":"publish","type":"product","link":"https:\/\/nordicmart.andreevmaster.com\/sv\/produkt\/songmics-sidomarkis-160-x-300-cm-beige\/","title":{"rendered":"SONGMICS sidomarkis 160 x 300 cm beige"},"content":{"rendered":"<p>Elegant insynsskydd p\u00e5 terrassen och balkongen Njut av din frukost eller brunch utan nyfikna blickar fr\u00e5n grannarna. Utnyttja den svalkande skuggan p\u00e5 sommaren och skyddet mot vind och njut av de sommarliga temperaturerna f\u00f6r att koppla av p\u00e5 din terrass eller balkong. Flexibel sidomarkis f\u00f6r utomhus- och inomhusbruk Du kan ocks\u00e5 anv\u00e4nda sidomarkisen inomhus, till exempel i en mottagning eller ett atelj\u00e9. Du beh\u00f6ver bara en stabil v\u00e4gg d\u00e4r sidorullen kan f\u00e4stas. Med golvf\u00e4stet kan markisstolpen enkelt tas bort, s\u00e5 att endast ett l\u00e5gt, litet f\u00e4ste finns kvar p\u00e5 golvet, vilket inte syns s\u00e4rskilt mycket. Enkel montering och hanteringMonteringen g\u00e5r snabbt och enkelt tack vare den medf\u00f6ljande monteringsanvisningen. N\u00e4r sidomarkisen \u00e4r uppsatt \u00e4r den enkel att anv\u00e4nda och lika snabb att rulla upp igen n\u00e4r du inte beh\u00f6ver den l\u00e4ngre. Rulla upp markisen vid stark vind, kraftig regn eller sn\u00f6fall f\u00f6r att kunna njuta av ditt insynsskydd under l\u00e5ng tid. Produktdetaljer: &#8211; Markisbox: aluminium &#8211; Markistyg: polyester (280 g\/m\u00b2) + vattent\u00e4t PU-bel\u00e4ggning Leveransomfattning: &#8211; 1 x sidomarkis &#8211; 1 x golvf\u00e4ste &#8211; 1 x instruktioner (DE, EN, FR, IT, ES)<\/p>\n","protected":false},"excerpt":{"rendered":"<p>SONGMICS GSA160G sidomarkis f\u00f6r balkong och terrass, T\u00dcV S\u00dcD GS-certifierad, insynsskydd, solskydd<\/p>\n","protected":false},"featured_media":40306,"comment_status":"open","ping_status":"closed","template":"","meta":[],"product_brand":[],"product_cat":[33],"product_tag":[],"class_list":{"0":"post-11981","1":"product","2":"type-product","3":"status-publish","4":"has-post-thumbnail","6":"product_cat-okategoriserad","8":"first","9":"instock","10":"shipping-taxable","11":"purchasable","12":"product-type-simple"},"_links":{"self":[{"href":"https:\/\/nordicmart.andreevmaster.com\/sv\/wp-json\/wp\/v2\/product\/11981","targetHints":{"allow":["GET"]}}],"collection":[{"href":"https:\/\/nordicmart.andreevmaster.com\/sv\/wp-json\/wp\/v2\/product"}],"about":[{"href":"https:\/\/nordicmart.andreevmaster.com\/sv\/wp-json\/wp\/v2\/types\/product"}],"replies":[{"embeddable":true,"href":"https:\/\/nordicmart.andreevmaster.com\/sv\/wp-json\/wp\/v2\/comments?post=11981"}],"wp:featuredmedia":[{"embeddable":true,"href":"https:\/\/nordicmart.andreevmaster.com\/sv\/wp-json\/wp\/v2\/media\/40306"}],"wp:attachment":[{"href":"https:\/\/nordicmart.andreevmaster.com\/sv\/wp-json\/wp\/v2\/media?parent=11981"}],"wp:term":[{"taxonomy":"product_brand","embeddable":true,"href":"https:\/\/nordicmart.andreevmaster.com\/sv\/wp-json\/wp\/v2\/product_brand?post=11981"},{"taxonomy":"product_cat","embeddable":true,"href":"https:\/\/nordicmart.andreevmaster.com\/sv\/wp-json\/wp\/v2\/product_cat?post=11981"},{"taxonomy":"product_tag","embeddable":true,"href":"https:\/\/nordicmart.andreevmaster.com\/sv\/wp-json\/wp\/v2\/product_tag?post=11981"}],"curies":[{"name":"wp","href":"https:\/\/api.w.org\/{rel}","templated":true}]}}