{"id":11980,"date":"2026-02-27T00:12:24","date_gmt":"2026-02-27T00:12:24","guid":{"rendered":"https:\/\/nordicmart.andreevmaster.com\/product\/songmics-klammarkis-150-x-130-cm-gra\/"},"modified":"2026-02-27T08:06:59","modified_gmt":"2026-02-27T08:06:59","slug":"songmics-klammarkis-150-x-130-cm-gra","status":"publish","type":"product","link":"https:\/\/nordicmart.andreevmaster.com\/sv\/produkt\/songmics-klammarkis-150-x-130-cm-gra\/","title":{"rendered":"SONGMICS kl\u00e4mmarkis 150 x 130 cm gr\u00e5"},"content":{"rendered":"<p>Enkel och snabb att montera Solskyddet levereras f\u00e4rdigmonterat till din bostad. Allt du beh\u00f6ver g\u00f6ra \u00e4r att montera stativet och justera h\u00f6jden p\u00e5 stativr\u00f6ren och markisen s\u00e5 att r\u00f6ren sitter fast mellan golv och tak. F\u00f6r detta kr\u00e4vs helst tv\u00e5 personer. Perfekt f\u00f6r hyresl\u00e4genheter Inga skruvar beh\u00f6vs f\u00f6r att montera denna kl\u00e4mmarkis. D\u00e4rf\u00f6r \u00e4r denna typ av solskydd s\u00e4rskilt l\u00e4mplig f\u00f6r hyresl\u00e4genheter, eftersom det inte uppst\u00e5r n\u00e5gon diskussion med hyresv\u00e4rden, som kanske inte vill ha n\u00e5gra permanenta installationer p\u00e5 sin egendom. Stabil och snygg Denna markis \u00e4r inte bara praktisk, utan ocks\u00e5 stabil och v\u00e4derbest\u00e4ndig. J\u00e4rnr\u00f6ren bildar en enhet med taket och golvet p\u00e5 din balkong, vilket skapar en robust solskyddsram. Markistyg \u00e4r f\u00f6rsett med en PU-bel\u00e4ggning, s\u00e5 att l\u00e4tt regn inte kan skada det. Produktdetaljer: &#8211; F\u00e4rg: Gr\u00e5 &#8211; Material: Aluminium (\u00d8 38 mm tygvals), j\u00e4rnram med pulverlackering, 280 g\/m\u00b2 polyester med PU-bel\u00e4ggning (markistyg) &#8211; Storlek: 150 x 130 cm (L x B) &#8211; H\u00f6jd: 2-3 m &#8211; Vikt: 9 kg Leveransomfattning:- 1 x kl\u00e4mmarkis med vev &#8211; 1 x bruksanvisning SONGICs anvisningar: &#8211; Monteringen b\u00f6r utf\u00f6ras av 2 personer. Kontrollera efter monteringen att stativr\u00f6ren sitter ordentligt fast. &#8211; Anv\u00e4nd inte produkten vid stark vind, regn eller sn\u00f6fall. F\u00e4ll in markisen omedelbart vid v\u00e4deromslag, eftersom det annars kan uppst\u00e5 skador. &#8211; Vrid inte vidare p\u00e5 veven efter att markisduken har f\u00e4llts ut helt. &#8211; Duken ska reng\u00f6ras med en mjuk trasa fuktad med vatten eller milt reng\u00f6ringsmedel.<\/p>\n","protected":false},"excerpt":{"rendered":"<p>SONGMICS kl\u00e4mmarkis, 150 x 130 cm, upprullbar balkongmarkis, solskydd, markis med stativ, justerbar h\u00f6jd 2-3 m, gr\u00e5 GSA153G<\/p>\n","protected":false},"featured_media":40305,"comment_status":"open","ping_status":"closed","template":"","meta":[],"product_brand":[],"product_cat":[33],"product_tag":[],"class_list":{"0":"post-11980","1":"product","2":"type-product","3":"status-publish","4":"has-post-thumbnail","6":"product_cat-okategoriserad","8":"first","9":"instock","10":"shipping-taxable","11":"purchasable","12":"product-type-simple"},"_links":{"self":[{"href":"https:\/\/nordicmart.andreevmaster.com\/sv\/wp-json\/wp\/v2\/product\/11980","targetHints":{"allow":["GET"]}}],"collection":[{"href":"https:\/\/nordicmart.andreevmaster.com\/sv\/wp-json\/wp\/v2\/product"}],"about":[{"href":"https:\/\/nordicmart.andreevmaster.com\/sv\/wp-json\/wp\/v2\/types\/product"}],"replies":[{"embeddable":true,"href":"https:\/\/nordicmart.andreevmaster.com\/sv\/wp-json\/wp\/v2\/comments?post=11980"}],"wp:featuredmedia":[{"embeddable":true,"href":"https:\/\/nordicmart.andreevmaster.com\/sv\/wp-json\/wp\/v2\/media\/40305"}],"wp:attachment":[{"href":"https:\/\/nordicmart.andreevmaster.com\/sv\/wp-json\/wp\/v2\/media?parent=11980"}],"wp:term":[{"taxonomy":"product_brand","embeddable":true,"href":"https:\/\/nordicmart.andreevmaster.com\/sv\/wp-json\/wp\/v2\/product_brand?post=11980"},{"taxonomy":"product_cat","embeddable":true,"href":"https:\/\/nordicmart.andreevmaster.com\/sv\/wp-json\/wp\/v2\/product_cat?post=11980"},{"taxonomy":"product_tag","embeddable":true,"href":"https:\/\/nordicmart.andreevmaster.com\/sv\/wp-json\/wp\/v2\/product_tag?post=11980"}],"curies":[{"name":"wp","href":"https:\/\/api.w.org\/{rel}","templated":true}]}}