{"id":11979,"date":"2026-02-27T00:12:24","date_gmt":"2026-02-27T00:12:24","guid":{"rendered":"https:\/\/nordicmart.andreevmaster.com\/product\/songmics-vertikal-markis-14-x-25-m-antracit\/"},"modified":"2026-02-27T08:06:59","modified_gmt":"2026-02-27T08:06:59","slug":"songmics-vertikal-markis-14-x-25-m-antracit","status":"publish","type":"product","link":"https:\/\/nordicmart.andreevmaster.com\/sv\/produkt\/songmics-vertikal-markis-14-x-25-m-antracit\/","title":{"rendered":"SONGMICS vertikal markis 1,4 x 2,5 m antracit"},"content":{"rendered":"<p>Den lilla markisen f\u00f6r terrass och balkong Den vertikala markisen monteras p\u00e5 v\u00e4gg eller tak och \u00e4r idealisk f\u00f6r balkonger och terrasser. Den ger mycket bra skydd mot sol och vind och kan \u00e4ven anv\u00e4ndas som insynsskydd. Enkel och flexibel anv\u00e4ndning Den vertikala markisen kan inte bara monteras p\u00e5 v\u00e4gg och tak. Den \u00e4r dessutom stegl\u00f6st justerbar i l\u00e4ngden och kan l\u00e5sas i valfritt l\u00e4ge. Detta g\u00f6r att markisen kan anpassas efter solens g\u00e5ng och ge mer eller mindre skugga och svalka. Enkel montering p\u00e5 v\u00e4gg och tak Den medf\u00f6ljande flerspr\u00e5kiga bruksanvisningen g\u00f6r monteringen mycket enkel. Kassettmarkisen kan monteras b\u00e5de p\u00e5 tak och v\u00e4gg, vilket g\u00f6r den flexibel att anv\u00e4nda \u00e4ven i tr\u00e5nga utrymmen. Markisen kan dras ut till cirka 2,40 m, vilket g\u00f6r den idealisk \u00e4ven f\u00f6r h\u00f6gre balkonger och terrasser. Vattent\u00e4t och blickdicht Markisduken \u00e4r tillverkad av 280 g\/m\u00b2 polyester och har en PU-bel\u00e4ggning som g\u00f6r den vattent\u00e4t. Markisen b\u00f6r dock alltid torkas ordentligt f\u00f6r att f\u00f6rhindra fl\u00e4ckar och m\u00f6gel. Produktdetaljer: &#8211; Material: Aluminium &#8211; Markistyg: 280 g\/m\u00b2 polyester med PU-bel\u00e4ggning Leveransomfattning: &#8211; 1 x vertikal markis &#8211; 1 x bruksanvisning (DE, EN, FR, ES, IT)<\/p>\n","protected":false},"excerpt":{"rendered":"<p>SONGMICS 1,6 x 2,5 m vertikal markis f\u00f6r balkong, terrass, vertikal markis f\u00f6r utomhusbruk, markis f\u00f6r vindskydd, solskydd och insynsskydd, vattent\u00e4t, beige Serien Classic GSA165BE<\/p>\n","protected":false},"featured_media":40304,"comment_status":"open","ping_status":"closed","template":"","meta":[],"product_brand":[],"product_cat":[33],"product_tag":[],"class_list":{"0":"post-11979","1":"product","2":"type-product","3":"status-publish","4":"has-post-thumbnail","6":"product_cat-okategoriserad","8":"first","9":"instock","10":"shipping-taxable","11":"purchasable","12":"product-type-simple"},"_links":{"self":[{"href":"https:\/\/nordicmart.andreevmaster.com\/sv\/wp-json\/wp\/v2\/product\/11979","targetHints":{"allow":["GET"]}}],"collection":[{"href":"https:\/\/nordicmart.andreevmaster.com\/sv\/wp-json\/wp\/v2\/product"}],"about":[{"href":"https:\/\/nordicmart.andreevmaster.com\/sv\/wp-json\/wp\/v2\/types\/product"}],"replies":[{"embeddable":true,"href":"https:\/\/nordicmart.andreevmaster.com\/sv\/wp-json\/wp\/v2\/comments?post=11979"}],"wp:featuredmedia":[{"embeddable":true,"href":"https:\/\/nordicmart.andreevmaster.com\/sv\/wp-json\/wp\/v2\/media\/40304"}],"wp:attachment":[{"href":"https:\/\/nordicmart.andreevmaster.com\/sv\/wp-json\/wp\/v2\/media?parent=11979"}],"wp:term":[{"taxonomy":"product_brand","embeddable":true,"href":"https:\/\/nordicmart.andreevmaster.com\/sv\/wp-json\/wp\/v2\/product_brand?post=11979"},{"taxonomy":"product_cat","embeddable":true,"href":"https:\/\/nordicmart.andreevmaster.com\/sv\/wp-json\/wp\/v2\/product_cat?post=11979"},{"taxonomy":"product_tag","embeddable":true,"href":"https:\/\/nordicmart.andreevmaster.com\/sv\/wp-json\/wp\/v2\/product_tag?post=11979"}],"curies":[{"name":"wp","href":"https:\/\/api.w.org\/{rel}","templated":true}]}}