{"id":11976,"date":"2026-02-27T00:12:23","date_gmt":"2026-02-27T00:12:23","guid":{"rendered":"https:\/\/nordicmart.andreevmaster.com\/product\/songmics-sidomarkis-med-rostfri-stalkapa-och-utdragbar\/"},"modified":"2026-02-27T08:06:58","modified_gmt":"2026-02-27T08:06:58","slug":"songmics-sidomarkis-med-rostfri-stalkapa-och-utdragbar","status":"publish","type":"product","link":"https:\/\/nordicmart.andreevmaster.com\/sv\/produkt\/songmics-sidomarkis-med-rostfri-stalkapa-och-utdragbar\/","title":{"rendered":"SONGMICS sidomarkis med rostfri st\u00e5lk\u00e5pa och utdragbar"},"content":{"rendered":"<p>SONGMICS sidomarkis med st\u00e5lbox, rostbest\u00e4ndig, utdragbar, 140 x 300 cm, insynsskydd, solskydd, ogenomskinlig, sidorulle, f\u00f6r balkong, terrass, tr\u00e4dg\u00e5rd, antracit<br \/>\nF\u00e4rg: Ljusgr\u00e5<br \/>\nMaterial: Pulverlackerat st\u00e5l, polyester (220 g\/m\u00b2), PU-bel\u00e4ggning<br \/>\nM\u00e5tt: 140 x 300 cm (H x L)<br \/>\nVikt: 6,4 kg<\/p>\n","protected":false},"excerpt":{"rendered":"<p>SONGMICS sidomarkis med st\u00e5lbox, rostbest\u00e4ndig, utdragbar, 140 x 300 cm, insynsskydd, solskydd, ogenomskinlig, sidorulle, f\u00f6r balkong, terrass, tr\u00e4dg\u00e5rd, antracit<\/p>\n","protected":false},"featured_media":40301,"comment_status":"open","ping_status":"closed","template":"","meta":[],"product_brand":[],"product_cat":[33],"product_tag":[],"class_list":{"0":"post-11976","1":"product","2":"type-product","3":"status-publish","4":"has-post-thumbnail","6":"product_cat-okategoriserad","8":"first","9":"instock","10":"shipping-taxable","11":"purchasable","12":"product-type-simple"},"_links":{"self":[{"href":"https:\/\/nordicmart.andreevmaster.com\/sv\/wp-json\/wp\/v2\/product\/11976","targetHints":{"allow":["GET"]}}],"collection":[{"href":"https:\/\/nordicmart.andreevmaster.com\/sv\/wp-json\/wp\/v2\/product"}],"about":[{"href":"https:\/\/nordicmart.andreevmaster.com\/sv\/wp-json\/wp\/v2\/types\/product"}],"replies":[{"embeddable":true,"href":"https:\/\/nordicmart.andreevmaster.com\/sv\/wp-json\/wp\/v2\/comments?post=11976"}],"wp:featuredmedia":[{"embeddable":true,"href":"https:\/\/nordicmart.andreevmaster.com\/sv\/wp-json\/wp\/v2\/media\/40301"}],"wp:attachment":[{"href":"https:\/\/nordicmart.andreevmaster.com\/sv\/wp-json\/wp\/v2\/media?parent=11976"}],"wp:term":[{"taxonomy":"product_brand","embeddable":true,"href":"https:\/\/nordicmart.andreevmaster.com\/sv\/wp-json\/wp\/v2\/product_brand?post=11976"},{"taxonomy":"product_cat","embeddable":true,"href":"https:\/\/nordicmart.andreevmaster.com\/sv\/wp-json\/wp\/v2\/product_cat?post=11976"},{"taxonomy":"product_tag","embeddable":true,"href":"https:\/\/nordicmart.andreevmaster.com\/sv\/wp-json\/wp\/v2\/product_tag?post=11976"}],"curies":[{"name":"wp","href":"https:\/\/api.w.org\/{rel}","templated":true}]}}