{"id":11973,"date":"2026-02-27T00:12:23","date_gmt":"2026-02-27T00:12:23","guid":{"rendered":"https:\/\/nordicmart.andreevmaster.com\/product\/songmics-markisankare-for-sidomarkiser-endast-lampliga-for-songmics-dubbla-sidomarkiser-i-aluminium\/"},"modified":"2026-02-27T08:06:58","modified_gmt":"2026-02-27T08:06:58","slug":"songmics-markisankare-for-sidomarkiser-endast-lampliga-for-songmics-dubbla-sidomarkiser-i-aluminium","status":"publish","type":"product","link":"https:\/\/nordicmart.andreevmaster.com\/sv\/produkt\/songmics-markisankare-for-sidomarkiser-endast-lampliga-for-songmics-dubbla-sidomarkiser-i-aluminium\/","title":{"rendered":"SONGMICS markisankare f\u00f6r sidomarkiser, endast l\u00e4mpliga f\u00f6r SONGMICS dubbla sidomarkiser i aluminium"},"content":{"rendered":"<p>S\u00e4ker fasts\u00e4ttning i tr\u00e4dg\u00e5rden Den dubbla sidomarkisen f\u00e4sts fast och s\u00e4kert i tr\u00e4dg\u00e5rdsmarken och gr\u00e4smattan med jordankaret. P\u00e5 s\u00e5 s\u00e4tt kan markisen placeras flexibelt p\u00e5 \u00f6nskad plats utan att man f\u00f6rst beh\u00f6ver gr\u00e4va ett h\u00e5l och gjuta betong. Snabb montering Jordankaret sl\u00e5s enkelt ner i marken. Markisboxen skruvas fast p\u00e5 jordankaret med de medf\u00f6ljande skruvarna, tre skruvar p\u00e5 vardera sida. Skruvarna med brickor ing\u00e5r i leveransen. H\u00f6gkvalitativt material f\u00f6r l\u00e5ng livsl\u00e4ngd Pulverlackerat j\u00e4rn garanterar en l\u00e5ng livsl\u00e4ngd f\u00f6r jordankaret. Det h\u00e5ller fast i marken och rostar inte. Kontrollera \u00e4nd\u00e5 regelbundet att skruvarna sitter ordentligt fast.  Produktdetaljer: Material: Pulverlackerat j\u00e4rn M\u00e5tt: 20,2 x 10,7 x 46 cm (B x D x H) H\u00f6jd: 46 cm Vikt: 2,2 kg F\u00e4rg: Gr\u00e5  Leveransomfattning: 1 x jordspett 6 x skruvar med brickor <\/p>\n","protected":false},"excerpt":{"rendered":"<p>SONGMICS jordankare f\u00f6r sidomarkis jordspik f\u00f6r golvmontering i tr\u00e4dg\u00e5rden, f\u00e4ste f\u00f6r dubbel sidomarkis utan betong, golvhylsa av j\u00e4rn GSA006<\/p>\n","protected":false},"featured_media":40298,"comment_status":"open","ping_status":"closed","template":"","meta":[],"product_brand":[],"product_cat":[33],"product_tag":[],"class_list":{"0":"post-11973","1":"product","2":"type-product","3":"status-publish","4":"has-post-thumbnail","6":"product_cat-okategoriserad","8":"first","9":"instock","10":"shipping-taxable","11":"purchasable","12":"product-type-simple"},"_links":{"self":[{"href":"https:\/\/nordicmart.andreevmaster.com\/sv\/wp-json\/wp\/v2\/product\/11973","targetHints":{"allow":["GET"]}}],"collection":[{"href":"https:\/\/nordicmart.andreevmaster.com\/sv\/wp-json\/wp\/v2\/product"}],"about":[{"href":"https:\/\/nordicmart.andreevmaster.com\/sv\/wp-json\/wp\/v2\/types\/product"}],"replies":[{"embeddable":true,"href":"https:\/\/nordicmart.andreevmaster.com\/sv\/wp-json\/wp\/v2\/comments?post=11973"}],"wp:featuredmedia":[{"embeddable":true,"href":"https:\/\/nordicmart.andreevmaster.com\/sv\/wp-json\/wp\/v2\/media\/40298"}],"wp:attachment":[{"href":"https:\/\/nordicmart.andreevmaster.com\/sv\/wp-json\/wp\/v2\/media?parent=11973"}],"wp:term":[{"taxonomy":"product_brand","embeddable":true,"href":"https:\/\/nordicmart.andreevmaster.com\/sv\/wp-json\/wp\/v2\/product_brand?post=11973"},{"taxonomy":"product_cat","embeddable":true,"href":"https:\/\/nordicmart.andreevmaster.com\/sv\/wp-json\/wp\/v2\/product_cat?post=11973"},{"taxonomy":"product_tag","embeddable":true,"href":"https:\/\/nordicmart.andreevmaster.com\/sv\/wp-json\/wp\/v2\/product_tag?post=11973"}],"curies":[{"name":"wp","href":"https:\/\/api.w.org\/{rel}","templated":true}]}}