{"id":11972,"date":"2026-02-27T00:12:22","date_gmt":"2026-02-27T00:12:22","guid":{"rendered":"https:\/\/nordicmart.andreevmaster.com\/product\/songmics-vaggfaste-for-sidomarkis-endast-lampligt-for-songmics-aluminium-sidomarkiser\/"},"modified":"2026-02-27T08:06:57","modified_gmt":"2026-02-27T08:06:57","slug":"songmics-vaggfaste-for-sidomarkis-endast-lampligt-for-songmics-aluminium-sidomarkiser","status":"publish","type":"product","link":"https:\/\/nordicmart.andreevmaster.com\/sv\/produkt\/songmics-vaggfaste-for-sidomarkis-endast-lampligt-for-songmics-aluminium-sidomarkiser\/","title":{"rendered":"SONGMICS v\u00e4ggf\u00e4ste f\u00f6r sidomarkis, endast l\u00e4mpligt f\u00f6r SONGMICS aluminium-sidomarkiser"},"content":{"rendered":"<p>Perfekt komplement till SONGMICS sidomarkiser V\u00e4ggf\u00e4stet m\u00f6jligg\u00f6r flexibel montering av din sidomarkis. Detta ger dig \u00e4nnu st\u00f6rre frihet vid monteringen, eftersom du kan montera sidomarkisen s\u00e5 att den ansluter till en v\u00e4gg utan att beh\u00f6va montera en stolpe.Passar SONGMICS sidomarkiser i aluminium Oavsett vilken av SONGMICS h\u00f6gkvalitativa och vackra sidomarkiser i aluminium du har valt att k\u00f6pa, passar v\u00e4ggf\u00e4stet perfekt. Enkel montering V\u00e4ggf\u00e4stet monteras enkelt p\u00e5 en v\u00e4gg. De skruvar och pluggar som beh\u00f6vs f\u00f6r ett s\u00e4kert och fast f\u00e4ste ing\u00e5r naturligtvis i leveransen. Anpassa h\u00f6jden p\u00e5 v\u00e4ggf\u00e4stet efter h\u00f6jden p\u00e5 handtaget p\u00e5 sidomarkisen. H\u00f6gkvalitativt och robust V\u00e4ggf\u00e4stet \u00e4r tillverkat av robust PA66-plast och h\u00e5ller sidomarkisen stadigt och s\u00e4kert p\u00e5 plats. Kontrollera skruvarna regelbundet. Produktdetaljer: F\u00e4rg: gr\u00e5 Material: PA66-plast Produktm\u00e5tt: 9 x 8 x 12,8 cm Vikt: 0,3 kg Leveransomfattning: 1 x v\u00e4ggf\u00e4ste 4 x skruvar med v\u00e4ggdynor SONGMICS Anm\u00e4rkningar:Denna produkt \u00e4r inte l\u00e4mplig f\u00f6r SONGMICS sidomarkiser med j\u00e4rnstativ. Passar f\u00f6r: GSA160E, GSA160G, GSA180E, GSA180G, GSA200E, GSA200G, GSA185E, GSA185G, GSA185G01,GSA205E,GSA205G,GSA205G01,GSA164G01,GSA184E01,GSA184G,GSA204E01,GSA204G01<\/p>\n","protected":false},"excerpt":{"rendered":"<p>SONGMICS V\u00e4ggf\u00e4ste Sidomarkis, v\u00e4ggf\u00e4ste f\u00f6r utdragsfixering, sidomarkiser GSA005<\/p>\n","protected":false},"featured_media":40297,"comment_status":"open","ping_status":"closed","template":"","meta":[],"product_brand":[],"product_cat":[33],"product_tag":[],"class_list":{"0":"post-11972","1":"product","2":"type-product","3":"status-publish","4":"has-post-thumbnail","6":"product_cat-okategoriserad","8":"first","9":"instock","10":"shipping-taxable","11":"purchasable","12":"product-type-simple"},"_links":{"self":[{"href":"https:\/\/nordicmart.andreevmaster.com\/sv\/wp-json\/wp\/v2\/product\/11972","targetHints":{"allow":["GET"]}}],"collection":[{"href":"https:\/\/nordicmart.andreevmaster.com\/sv\/wp-json\/wp\/v2\/product"}],"about":[{"href":"https:\/\/nordicmart.andreevmaster.com\/sv\/wp-json\/wp\/v2\/types\/product"}],"replies":[{"embeddable":true,"href":"https:\/\/nordicmart.andreevmaster.com\/sv\/wp-json\/wp\/v2\/comments?post=11972"}],"wp:featuredmedia":[{"embeddable":true,"href":"https:\/\/nordicmart.andreevmaster.com\/sv\/wp-json\/wp\/v2\/media\/40297"}],"wp:attachment":[{"href":"https:\/\/nordicmart.andreevmaster.com\/sv\/wp-json\/wp\/v2\/media?parent=11972"}],"wp:term":[{"taxonomy":"product_brand","embeddable":true,"href":"https:\/\/nordicmart.andreevmaster.com\/sv\/wp-json\/wp\/v2\/product_brand?post=11972"},{"taxonomy":"product_cat","embeddable":true,"href":"https:\/\/nordicmart.andreevmaster.com\/sv\/wp-json\/wp\/v2\/product_cat?post=11972"},{"taxonomy":"product_tag","embeddable":true,"href":"https:\/\/nordicmart.andreevmaster.com\/sv\/wp-json\/wp\/v2\/product_tag?post=11972"}],"curies":[{"name":"wp","href":"https:\/\/api.w.org\/{rel}","templated":true}]}}