{"id":11970,"date":"2026-02-27T00:12:22","date_gmt":"2026-02-27T00:12:22","guid":{"rendered":"https:\/\/nordicmart.andreevmaster.com\/product\/songmics-faste-for-markisbox-endast-for-songmics-dubbla-sidogardiner-av-aluminium\/"},"modified":"2026-02-27T08:06:57","modified_gmt":"2026-02-27T08:06:57","slug":"songmics-faste-for-markisbox-endast-for-songmics-dubbla-sidogardiner-av-aluminium","status":"publish","type":"product","link":"https:\/\/nordicmart.andreevmaster.com\/sv\/produkt\/songmics-faste-for-markisbox-endast-for-songmics-dubbla-sidogardiner-av-aluminium\/","title":{"rendered":"SONGMICS f\u00e4ste f\u00f6r markisbox, endast f\u00f6r SONGMICS dubbla sidogardiner av aluminium"},"content":{"rendered":"<p>Vi f\u00e5r ofta fr\u00e5gan om en dubbel sidomarkis kan tas bort efter installationen. Med denna bottenplatta \u00e4r det faktiskt m\u00f6jligt! Skjut bara in den nedre delen av markisboxen i bottenf\u00e4stet n\u00e4r du vill skydda dig mot sol, vind eller nyfikna blickar. Dra ut boxen igen n\u00e4r du beh\u00f6ver lite mer utrymme p\u00e5 din terrass. Produktdetaljer: &#8211; F\u00e4rg: Gr\u00e5 &#8211; Material: Pulverlackerat j\u00e4rn &#8211; Storlek: 21,5 x 12,8 x 1,3 cm (L x B x H) &#8211; Vikt: 0,7 kg Leveransomfattning: &#8211; 1 x golvf\u00e4ste f\u00f6r markisbox &#8211; 1 x beh\u00e5llare med skruvar<\/p>\n","protected":false},"excerpt":{"rendered":"<p>SONGMICS Golvf\u00e4ste Golvf\u00e4ste f\u00f6r markisbox Markiskassett f\u00f6r dubbel sidomarkis Golvf\u00e4ste GSA003<\/p>\n","protected":false},"featured_media":40295,"comment_status":"open","ping_status":"closed","template":"","meta":[],"product_brand":[],"product_cat":[33],"product_tag":[],"class_list":{"0":"post-11970","1":"product","2":"type-product","3":"status-publish","4":"has-post-thumbnail","6":"product_cat-okategoriserad","8":"first","9":"instock","10":"shipping-taxable","11":"purchasable","12":"product-type-simple"},"_links":{"self":[{"href":"https:\/\/nordicmart.andreevmaster.com\/sv\/wp-json\/wp\/v2\/product\/11970","targetHints":{"allow":["GET"]}}],"collection":[{"href":"https:\/\/nordicmart.andreevmaster.com\/sv\/wp-json\/wp\/v2\/product"}],"about":[{"href":"https:\/\/nordicmart.andreevmaster.com\/sv\/wp-json\/wp\/v2\/types\/product"}],"replies":[{"embeddable":true,"href":"https:\/\/nordicmart.andreevmaster.com\/sv\/wp-json\/wp\/v2\/comments?post=11970"}],"wp:featuredmedia":[{"embeddable":true,"href":"https:\/\/nordicmart.andreevmaster.com\/sv\/wp-json\/wp\/v2\/media\/40295"}],"wp:attachment":[{"href":"https:\/\/nordicmart.andreevmaster.com\/sv\/wp-json\/wp\/v2\/media?parent=11970"}],"wp:term":[{"taxonomy":"product_brand","embeddable":true,"href":"https:\/\/nordicmart.andreevmaster.com\/sv\/wp-json\/wp\/v2\/product_brand?post=11970"},{"taxonomy":"product_cat","embeddable":true,"href":"https:\/\/nordicmart.andreevmaster.com\/sv\/wp-json\/wp\/v2\/product_cat?post=11970"},{"taxonomy":"product_tag","embeddable":true,"href":"https:\/\/nordicmart.andreevmaster.com\/sv\/wp-json\/wp\/v2\/product_tag?post=11970"}],"curies":[{"name":"wp","href":"https:\/\/api.w.org\/{rel}","templated":true}]}}