{"id":11967,"date":"2026-02-27T00:12:21","date_gmt":"2026-02-27T00:12:21","guid":{"rendered":"https:\/\/nordicmart.andreevmaster.com\/product\/songmics-jordspik-for-sidomarkis-endast-lamplig-for-songmics-aluminium-sidomarkiser\/"},"modified":"2026-02-27T08:06:57","modified_gmt":"2026-02-27T08:06:57","slug":"songmics-jordspik-for-sidomarkis-endast-lamplig-for-songmics-aluminium-sidomarkiser","status":"publish","type":"product","link":"https:\/\/nordicmart.andreevmaster.com\/sv\/produkt\/songmics-jordspik-for-sidomarkis-endast-lamplig-for-songmics-aluminium-sidomarkiser\/","title":{"rendered":"SONGMICS jordspik f\u00f6r sidomarkis, endast l\u00e4mplig f\u00f6r SONGMICS aluminium-sidomarkiser"},"content":{"rendered":"<p>Vill du tillbringa n\u00e5gra ost\u00f6rda dagar i tr\u00e4dg\u00e5rden med din familj? D\u00e5 \u00e4r denna jordspik, som \u00e4r l\u00e4mplig f\u00f6r tr\u00e4dg\u00e5rdsmark, ett riktigt st\u00f6d f\u00f6r stolpen till en sidomarkis fr\u00e5n SONGMICS. F\u00f6r att f\u00e4sta jordankaret beh\u00f6ver du inte leta efter en fast undergrund; samla bara familjen och v\u00e4nnerna och starta en fest i friska luften! Produktdetaljer: &#8211; F\u00e4rg: Gr\u00e5 &#8211; Material: Pulverlackerat j\u00e4rn &#8211; Storlek: 11,5 x 11,5 x 46 cm (L x B x H) &#8211; Vikt: 2,1 kg Leveransomfattning: &#8211; 1 x jordspik f\u00f6r stolpar till sidomarkiser &#8211; 1 x beh\u00e5llare med skruvar<\/p>\n","protected":false},"excerpt":{"rendered":"<p>SONGMICS tillbeh\u00f6r Jordankare Jordhylsa Sl\u00e5 i hylsa f\u00f6r sidomarkis GSA001<\/p>\n","protected":false},"featured_media":40292,"comment_status":"open","ping_status":"closed","template":"","meta":[],"product_brand":[],"product_cat":[33],"product_tag":[],"class_list":{"0":"post-11967","1":"product","2":"type-product","3":"status-publish","4":"has-post-thumbnail","6":"product_cat-okategoriserad","8":"first","9":"instock","10":"shipping-taxable","11":"purchasable","12":"product-type-simple"},"_links":{"self":[{"href":"https:\/\/nordicmart.andreevmaster.com\/sv\/wp-json\/wp\/v2\/product\/11967","targetHints":{"allow":["GET"]}}],"collection":[{"href":"https:\/\/nordicmart.andreevmaster.com\/sv\/wp-json\/wp\/v2\/product"}],"about":[{"href":"https:\/\/nordicmart.andreevmaster.com\/sv\/wp-json\/wp\/v2\/types\/product"}],"replies":[{"embeddable":true,"href":"https:\/\/nordicmart.andreevmaster.com\/sv\/wp-json\/wp\/v2\/comments?post=11967"}],"wp:featuredmedia":[{"embeddable":true,"href":"https:\/\/nordicmart.andreevmaster.com\/sv\/wp-json\/wp\/v2\/media\/40292"}],"wp:attachment":[{"href":"https:\/\/nordicmart.andreevmaster.com\/sv\/wp-json\/wp\/v2\/media?parent=11967"}],"wp:term":[{"taxonomy":"product_brand","embeddable":true,"href":"https:\/\/nordicmart.andreevmaster.com\/sv\/wp-json\/wp\/v2\/product_brand?post=11967"},{"taxonomy":"product_cat","embeddable":true,"href":"https:\/\/nordicmart.andreevmaster.com\/sv\/wp-json\/wp\/v2\/product_cat?post=11967"},{"taxonomy":"product_tag","embeddable":true,"href":"https:\/\/nordicmart.andreevmaster.com\/sv\/wp-json\/wp\/v2\/product_tag?post=11967"}],"curies":[{"name":"wp","href":"https:\/\/api.w.org\/{rel}","templated":true}]}}