{"id":11965,"date":"2026-02-27T00:12:21","date_gmt":"2026-02-27T00:12:21","guid":{"rendered":"https:\/\/nordicmart.andreevmaster.com\/product\/markise-med-leddelt-arm-350-cm-2\/"},"modified":"2026-02-27T08:06:56","modified_gmt":"2026-02-27T08:06:56","slug":"markise-med-leddelt-arm-350-cm-2","status":"publish","type":"product","link":"https:\/\/nordicmart.andreevmaster.com\/sv\/produkt\/markise-med-leddelt-arm-350-cm-2\/","title":{"rendered":"Markise med leddelt arm 350 cm"},"content":{"rendered":"<p>Stilfuld H\u00f8j kvalitet StabilN\u00e5r du afgiver din bestilling, skal du s\u00f8rge for at angive et telefonnummer, hvor du kan blive ringet op i l\u00f8bet af dagen. Om transportf\u00f6retaget inte kan n\u00e5 dig p\u00e5 det nummer du angett och\/eller varorna returneras till oss, kommer du att debiteras extra kostnader, eftersom transportf\u00f6retaget tar ut en extra avgift f\u00f6r felaktiga telefonnummer och f\u00f6r returnerade paket (som inte kan levereras).Denna hopf\u00e4llbara markis \u00e4r ett perfekt val om du beh\u00f6ver en skuggig plats p\u00e5 terrassen, s\u00e4rskilt om du vill njuta av en avkopplande stund med din familj eller dina v\u00e4nner p\u00e5 sommaren. Ni kan grilla eller festa tillsammans i lugn och ro. Dessa markismodeller \u00e4r perfekta som solskydd f\u00f6r s\u00e5dana aktiviteter och k\u00e4nnetecknas av sin s\u00e4rskilt h\u00f6ga stabilitet. Dessa markiser \u00e4r idealiska f\u00f6r montering p\u00e5 en v\u00e4gg. En SONGMICS f\u00e4llbar markis k\u00e4nnetecknas ocks\u00e5 av sin h\u00e5llbarhet. Alla material m\u00e5ste uppfylla de h\u00f6ga kraven p\u00e5 kvalitet, h\u00e5llbarhet och design. F\u00e4llbar markis \u2013 en av de mest popul\u00e4ra solskydden p\u00e5 marknaden Markisen levereras f\u00e4rdigmonterad till dig och m\u00e5ste nu f\u00e4stas p\u00e5 din betonghusv\u00e4gg. Det kr\u00e4vs flera personer, eftersom produkten v\u00e4ger 22,8 kg. Om du redan har viss manuell skicklighet g\u00e5r installationen snabbt och enkelt. Annars kan du anlita en professionell hantverkare som installerar markisen \u00e5t dig p\u00e5 kort tid. OBS: Innan du best\u00e4ller b\u00f6r du kontrollera att storleken p\u00e5 denna produkt motsvarar dina personliga krav och att den \u00e4r l\u00e4mplig f\u00f6r faktisk anv\u00e4ndning p\u00e5 din altan eller terrass. Anv\u00e4nd inte murbruk eller en ih\u00e5lig v\u00e4gg som monteringsyta. Detta material ger inte det st\u00f6d som kr\u00e4vs f\u00f6r att f\u00e4sta markisen.<\/p>\n","protected":false},"excerpt":{"rendered":"<p>Stilfuld H\u00f8j kvalitet StabilN\u00e5r du afgiver din bestilling, skal du s\u00f8rge for at angive et telefonnummer, hvor du kan blive ringet op i l\u00f8bet af dagen. Om transportf\u00f6retaget inte kan n\u00e5 dig p\u00e5 det nummer du angett och\/eller varorna returneras till oss, kommer du att debiteras extra kostnader, eftersom transportf\u00f6retaget tar ut en extra avgift [&hellip;]<\/p>\n","protected":false},"featured_media":0,"comment_status":"open","ping_status":"closed","template":"","meta":[],"product_brand":[],"product_cat":[33],"product_tag":[],"class_list":{"0":"post-11965","1":"product","2":"type-product","3":"status-publish","5":"product_cat-okategoriserad","7":"first","8":"instock","9":"shipping-taxable","10":"purchasable","11":"product-type-simple"},"_links":{"self":[{"href":"https:\/\/nordicmart.andreevmaster.com\/sv\/wp-json\/wp\/v2\/product\/11965","targetHints":{"allow":["GET"]}}],"collection":[{"href":"https:\/\/nordicmart.andreevmaster.com\/sv\/wp-json\/wp\/v2\/product"}],"about":[{"href":"https:\/\/nordicmart.andreevmaster.com\/sv\/wp-json\/wp\/v2\/types\/product"}],"replies":[{"embeddable":true,"href":"https:\/\/nordicmart.andreevmaster.com\/sv\/wp-json\/wp\/v2\/comments?post=11965"}],"wp:attachment":[{"href":"https:\/\/nordicmart.andreevmaster.com\/sv\/wp-json\/wp\/v2\/media?parent=11965"}],"wp:term":[{"taxonomy":"product_brand","embeddable":true,"href":"https:\/\/nordicmart.andreevmaster.com\/sv\/wp-json\/wp\/v2\/product_brand?post=11965"},{"taxonomy":"product_cat","embeddable":true,"href":"https:\/\/nordicmart.andreevmaster.com\/sv\/wp-json\/wp\/v2\/product_cat?post=11965"},{"taxonomy":"product_tag","embeddable":true,"href":"https:\/\/nordicmart.andreevmaster.com\/sv\/wp-json\/wp\/v2\/product_tag?post=11965"}],"curies":[{"name":"wp","href":"https:\/\/api.w.org\/{rel}","templated":true}]}}