{"id":11964,"date":"2026-02-27T00:12:21","date_gmt":"2026-02-27T00:12:21","guid":{"rendered":"https:\/\/nordicmart.andreevmaster.com\/product\/songmics-parasoll-200-cm-solskydd\/"},"modified":"2026-02-27T08:06:56","modified_gmt":"2026-02-27T08:06:56","slug":"songmics-parasoll-200-cm-solskydd","status":"publish","type":"product","link":"https:\/\/nordicmart.andreevmaster.com\/sv\/produkt\/songmics-parasoll-200-cm-solskydd\/","title":{"rendered":"SONGMICS parasoll, 200 cm, solskydd"},"content":{"rendered":"<p>Njut av det vackra v\u00e4dret i skuggan! Utomhuss\u00e4songen har b\u00f6rjat och det \u00e4r dags att ta \u00f6ver tr\u00e4dg\u00e5rden, terrassen eller stranden! Men var f\u00f6rsiktig! T\u00e4nk p\u00e5 att ha ett adekvat solskydd! N\u00e4r du \u00e4ntligen \u00e5tertar din utomhusmilj\u00f6 efter l\u00e5nga, kalla vinterdagar och bjuder in dina v\u00e4nner p\u00e5 grillfest, \u00e4r det perfekta tillf\u00e4llet f\u00f6r att anv\u00e4nda din nya parasoll fr\u00e5n SONGMICS! Ett m\u00e5ste f\u00f6r sommaren Denna parasoll kan vikas \u00e5t v\u00e4nster och h\u00f6ger. S\u00e5 kan du anpassa den efter tid p\u00e5 dagen och ljusets infallsvinkel. Parasollets diameter \u00e4r 1,8 m och h\u00f6jden 2,3 m. Det finns allts\u00e5 plats f\u00f6r 1 till 2 personer under solskyddet. Parasollets mast \u00e4r tillverkad av rostfritt st\u00e5l. Dessutom erbjuder skyddstyget av polyester ett utm\u00e4rkt UV-skydd upp till UPF 50+. Produktdetaljer: F\u00e4rg: Beige Material: Paraplymast av pulverlackerat st\u00e5l, 160 g\/m\u00b2 polyestertyg med PA-bel\u00e4ggning, paraplyribbor av glasfiber L\u00e4ngd p\u00e5 v\u00e4lvningen: 2,2 m Horisontell diameter: 2 m Vikt: 2 kg Leveransomfattning: 1 x parasoll 1 x transportv\u00e4ska 1 x s\u00e4kerhetsl\u00e5s SONGICs anvisningar:Parasollfot ing\u00e5r inte. \u00d6ppna inte parasollen med v\u00e5ld, utan f\u00f6rsiktigt och l\u00e5ngsamt. St\u00e4ng parasollen p\u00e5 natten, vid stark vind eller regnigt v\u00e4der f\u00f6r att undvika skador.Skydda paraplyet med ett \u00f6verdrag (ing\u00e5r ej i leveransen) f\u00f6r att s\u00e4kerst\u00e4lla en l\u00e4ngre livsl\u00e4ngd. St\u00e4ng parasollen l\u00e5ngsamt f\u00f6r att undvika att fingrarna kl\u00e4ms.<\/p>\n","protected":false},"excerpt":{"rendered":"<p>Parasoll 160 cm, solskydd, UPF 50+, strandparasoll, b\u00f6jbart 30\u00b0 p\u00e5 b\u00e5da sidor, h\u00f6jdjusterbart, med b\u00e4rv\u00e4ska, utan stativ, gr\u00e5tt<\/p>\n","protected":false},"featured_media":40290,"comment_status":"open","ping_status":"closed","template":"","meta":[],"product_brand":[],"product_cat":[33],"product_tag":[],"class_list":{"0":"post-11964","1":"product","2":"type-product","3":"status-publish","4":"has-post-thumbnail","6":"product_cat-okategoriserad","8":"first","9":"instock","10":"shipping-taxable","11":"purchasable","12":"product-type-simple"},"_links":{"self":[{"href":"https:\/\/nordicmart.andreevmaster.com\/sv\/wp-json\/wp\/v2\/product\/11964","targetHints":{"allow":["GET"]}}],"collection":[{"href":"https:\/\/nordicmart.andreevmaster.com\/sv\/wp-json\/wp\/v2\/product"}],"about":[{"href":"https:\/\/nordicmart.andreevmaster.com\/sv\/wp-json\/wp\/v2\/types\/product"}],"replies":[{"embeddable":true,"href":"https:\/\/nordicmart.andreevmaster.com\/sv\/wp-json\/wp\/v2\/comments?post=11964"}],"wp:featuredmedia":[{"embeddable":true,"href":"https:\/\/nordicmart.andreevmaster.com\/sv\/wp-json\/wp\/v2\/media\/40290"}],"wp:attachment":[{"href":"https:\/\/nordicmart.andreevmaster.com\/sv\/wp-json\/wp\/v2\/media?parent=11964"}],"wp:term":[{"taxonomy":"product_brand","embeddable":true,"href":"https:\/\/nordicmart.andreevmaster.com\/sv\/wp-json\/wp\/v2\/product_brand?post=11964"},{"taxonomy":"product_cat","embeddable":true,"href":"https:\/\/nordicmart.andreevmaster.com\/sv\/wp-json\/wp\/v2\/product_cat?post=11964"},{"taxonomy":"product_tag","embeddable":true,"href":"https:\/\/nordicmart.andreevmaster.com\/sv\/wp-json\/wp\/v2\/product_tag?post=11964"}],"curies":[{"name":"wp","href":"https:\/\/api.w.org\/{rel}","templated":true}]}}