{"id":11963,"date":"2026-02-27T00:12:21","date_gmt":"2026-02-27T00:12:21","guid":{"rendered":"https:\/\/nordicmart.andreevmaster.com\/product\/parasoll-200-cm-parasoll\/"},"modified":"2026-02-27T08:06:56","modified_gmt":"2026-02-27T08:06:56","slug":"parasoll-200-cm-parasoll","status":"publish","type":"product","link":"https:\/\/nordicmart.andreevmaster.com\/sv\/produkt\/parasoll-200-cm-parasoll\/","title":{"rendered":"Parasoll, 200 cm, parasoll"},"content":{"rendered":"<p>Njut av det vackra v\u00e4dret i skuggan! Utomhuss\u00e4songen har b\u00f6rjat och det \u00e4r dags att g\u00e5 ut i tr\u00e4dg\u00e5rden, p\u00e5 terrassen eller till stranden! Men var f\u00f6rsiktig! Gl\u00f6m inte att skydda dig mot solen! N\u00e4r du \u00e4ntligen \u00e5tertar din utomhusmilj\u00f6 efter l\u00e5nga, kalla vinterdagar och bjuder in dina v\u00e4nner p\u00e5 grillfest \u00e4r det perfekt l\u00e4ge att anv\u00e4nda din nya parasoll fr\u00e5n SONGMICS! Sommarens m\u00e5ste-ha Denna parasoll kan vikas \u00e5t v\u00e4nster och h\u00f6ger. P\u00e5 s\u00e5 s\u00e4tt kan du justera den efter tid p\u00e5 dygnet och ljusets infallsvinkel. Parasollets diameter \u00e4r 1,8 meter och h\u00f6jden 2,3 meter. Parasollet rymmer allts\u00e5 1-2 personer. Parasollets st\u00e5ng \u00e4r tillverkad av rostfritt st\u00e5l. Polyesterskyddstyget ger ocks\u00e5 utm\u00e4rkt UV-skydd upp till UPF 50+. Produktinformation: F\u00e4rg: Beige Material: Material: Pulverlackerad st\u00e5lst\u00e5ng, 160 g\/m\u00b2 polyestertyg med PA-bel\u00e4ggning, glasfiberf\u00f6rst\u00e4rkta sidostycken B\u00e5gl\u00e4ngd: Vikt: 2 kgLeveransomfattning:1 x parasoll1 x transportv\u00e4ska1 x s\u00e4kerhetsl\u00e5sSONGMICS Anm\u00e4rkningar:Parasollets stativ ing\u00e5r inte i leveransen.\u00d6ppna inte parasollet med v\u00e5ld, utan f\u00f6rsiktigt och l\u00e5ngsamt.St\u00e4ng solskyddet p\u00e5 natten, vid stark vind eller regnigt v\u00e4der f\u00f6r att undvika skador. Skydda solskyddet med ett skydd (ing\u00e5r inte i leveransen) f\u00f6r att f\u00f6rl\u00e4nga dess livsl\u00e4ngd. St\u00e4ng solskyddet l\u00e5ngsamt f\u00f6r att undvika att kl\u00e4mma fingrarna.<\/p>\n","protected":false},"excerpt":{"rendered":"<p>Njut av det vackra v\u00e4dret i skuggan! Utomhuss\u00e4songen har b\u00f6rjat och det \u00e4r dags att g\u00e5 ut i tr\u00e4dg\u00e5rden, p\u00e5 terrassen eller till stranden! Men var f\u00f6rsiktig! Gl\u00f6m inte att skydda dig mot solen! N\u00e4r du \u00e4ntligen \u00e5tertar din utomhusmilj\u00f6 efter l\u00e5nga, kalla vinterdagar och bjuder in dina v\u00e4nner p\u00e5 grillfest \u00e4r det perfekt l\u00e4ge [&hellip;]<\/p>\n","protected":false},"featured_media":0,"comment_status":"open","ping_status":"closed","template":"","meta":[],"product_brand":[],"product_cat":[33],"product_tag":[],"class_list":{"0":"post-11963","1":"product","2":"type-product","3":"status-publish","5":"product_cat-okategoriserad","7":"first","8":"instock","9":"shipping-taxable","10":"product-type-simple"},"_links":{"self":[{"href":"https:\/\/nordicmart.andreevmaster.com\/sv\/wp-json\/wp\/v2\/product\/11963","targetHints":{"allow":["GET"]}}],"collection":[{"href":"https:\/\/nordicmart.andreevmaster.com\/sv\/wp-json\/wp\/v2\/product"}],"about":[{"href":"https:\/\/nordicmart.andreevmaster.com\/sv\/wp-json\/wp\/v2\/types\/product"}],"replies":[{"embeddable":true,"href":"https:\/\/nordicmart.andreevmaster.com\/sv\/wp-json\/wp\/v2\/comments?post=11963"}],"wp:attachment":[{"href":"https:\/\/nordicmart.andreevmaster.com\/sv\/wp-json\/wp\/v2\/media?parent=11963"}],"wp:term":[{"taxonomy":"product_brand","embeddable":true,"href":"https:\/\/nordicmart.andreevmaster.com\/sv\/wp-json\/wp\/v2\/product_brand?post=11963"},{"taxonomy":"product_cat","embeddable":true,"href":"https:\/\/nordicmart.andreevmaster.com\/sv\/wp-json\/wp\/v2\/product_cat?post=11963"},{"taxonomy":"product_tag","embeddable":true,"href":"https:\/\/nordicmart.andreevmaster.com\/sv\/wp-json\/wp\/v2\/product_tag?post=11963"}],"curies":[{"name":"wp","href":"https:\/\/api.w.org\/{rel}","templated":true}]}}