{"id":11961,"date":"2026-02-27T00:12:20","date_gmt":"2026-02-27T00:12:20","guid":{"rendered":"https:\/\/nordicmart.andreevmaster.com\/product\/parasoll-160-cm-solskydd-upf-50\/"},"modified":"2026-02-27T08:06:56","modified_gmt":"2026-02-27T08:06:56","slug":"parasoll-160-cm-solskydd-upf-50","status":"publish","type":"product","link":"https:\/\/nordicmart.andreevmaster.com\/sv\/produkt\/parasoll-160-cm-solskydd-upf-50\/","title":{"rendered":"Parasoll 160 cm, solskydd, UPF 50+."},"content":{"rendered":"<p>Njut av det vackra v\u00e4dret i skuggan! Utomhuss\u00e4songen har b\u00f6rjat och det \u00e4r dags att g\u00e5 ut i tr\u00e4dg\u00e5rden, p\u00e5 terrassen eller till stranden! Men var f\u00f6rsiktig! Gl\u00f6m inte att anv\u00e4nda tillr\u00e4ckligt med solskydd! N\u00e4r du \u00e4ntligen \u00e5tertar utomhusutrymmet efter l\u00e5nga, kalla vinterdagar och bjuder in dina v\u00e4nner p\u00e5 grillfest \u00e4r det perfekt l\u00e4ge att anv\u00e4nda din nya parasoll fr\u00e5n SONGMIC! Sommarens m\u00e5ste-ha Denna parasoll kan vikas \u00e5t v\u00e4nster och h\u00f6ger. P\u00e5 s\u00e5 s\u00e4tt kan du justera den efter tid p\u00e5 dygnet och ljusets infallsvinkel. Parasollets diameter \u00e4r 1,6 meter och h\u00f6jden 2,1 meter. Under parasollen f\u00e5r det allts\u00e5 plats 1-2 personer. \u00c4ven parasollets st\u00e5ng \u00e4r tillverkad av rostfritt st\u00e5l. Parasollets tyg \u00e4r tillverkat av polyester och erbjuder ocks\u00e5 utm\u00e4rkt UV-skydd upp till UPF 50+. Produktinformation: &#8211; F\u00e4rg: Beige &#8211; Material: Gul: Pulverlackerat st\u00e5l, 160 g\/m\u00b2 polyester, glasfiber &#8211; H\u00f6jd: 2,1 m &#8211; B\u00e5gl\u00e4ngd: 1,8 m &#8211; \u00d8 parasoll: 1,6 m &#8211; \u00d8 parasollst\u00e5ng: 22\/25 mm, v\u00e4ggtjocklek: 0,5 mm &#8211; Vikt: 1,6 kg Leveransomfattning: &#8211; 1 x parasoll &#8211; 1 x b\u00e4rv\u00e4ska SONGMICS Anm\u00e4rkningar: &#8211; Parasollstativ ing\u00e5r inte i leveransen. St\u00e4ng parasollet p\u00e5 natten och vid stark vind.- Denna parasoll rekommenderas inte f\u00f6r anv\u00e4ndning i regnigt v\u00e4der.<\/p>\n","protected":false},"excerpt":{"rendered":"<p>Njut av det vackra v\u00e4dret i skuggan! Utomhuss\u00e4songen har b\u00f6rjat och det \u00e4r dags att g\u00e5 ut i tr\u00e4dg\u00e5rden, p\u00e5 terrassen eller till stranden! Men var f\u00f6rsiktig! Gl\u00f6m inte att anv\u00e4nda tillr\u00e4ckligt med solskydd! N\u00e4r du \u00e4ntligen \u00e5tertar utomhusutrymmet efter l\u00e5nga, kalla vinterdagar och bjuder in dina v\u00e4nner p\u00e5 grillfest \u00e4r det perfekt l\u00e4ge att [&hellip;]<\/p>\n","protected":false},"featured_media":0,"comment_status":"open","ping_status":"closed","template":"","meta":[],"product_brand":[],"product_cat":[33],"product_tag":[],"class_list":{"0":"post-11961","1":"product","2":"type-product","3":"status-publish","5":"product_cat-okategoriserad","7":"first","8":"instock","9":"shipping-taxable","10":"product-type-simple"},"_links":{"self":[{"href":"https:\/\/nordicmart.andreevmaster.com\/sv\/wp-json\/wp\/v2\/product\/11961","targetHints":{"allow":["GET"]}}],"collection":[{"href":"https:\/\/nordicmart.andreevmaster.com\/sv\/wp-json\/wp\/v2\/product"}],"about":[{"href":"https:\/\/nordicmart.andreevmaster.com\/sv\/wp-json\/wp\/v2\/types\/product"}],"replies":[{"embeddable":true,"href":"https:\/\/nordicmart.andreevmaster.com\/sv\/wp-json\/wp\/v2\/comments?post=11961"}],"wp:attachment":[{"href":"https:\/\/nordicmart.andreevmaster.com\/sv\/wp-json\/wp\/v2\/media?parent=11961"}],"wp:term":[{"taxonomy":"product_brand","embeddable":true,"href":"https:\/\/nordicmart.andreevmaster.com\/sv\/wp-json\/wp\/v2\/product_brand?post=11961"},{"taxonomy":"product_cat","embeddable":true,"href":"https:\/\/nordicmart.andreevmaster.com\/sv\/wp-json\/wp\/v2\/product_cat?post=11961"},{"taxonomy":"product_tag","embeddable":true,"href":"https:\/\/nordicmart.andreevmaster.com\/sv\/wp-json\/wp\/v2\/product_tag?post=11961"}],"curies":[{"name":"wp","href":"https:\/\/api.w.org\/{rel}","templated":true}]}}