{"id":11956,"date":"2026-02-27T00:12:19","date_gmt":"2026-02-27T00:12:19","guid":{"rendered":"https:\/\/nordicmart.andreevmaster.com\/product\/solparasoll-300-cm-upf-50-solparasoll-strandparasoll\/"},"modified":"2026-02-27T08:06:55","modified_gmt":"2026-02-27T08:06:55","slug":"solparasoll-300-cm-upf-50-solparasoll-strandparasoll","status":"publish","type":"product","link":"https:\/\/nordicmart.andreevmaster.com\/sv\/produkt\/solparasoll-300-cm-upf-50-solparasoll-strandparasoll\/","title":{"rendered":"Solparasoll 300 cm, UPF 50+, solparasoll, strandparasoll"},"content":{"rendered":"<p>Njut av det vackra v\u00e4dret i skuggan! Utomhuss\u00e4songen har b\u00f6rjat och det \u00e4r dags att g\u00e5 ut i tr\u00e4dg\u00e5rden, p\u00e5 terrassen eller till stranden! Men var f\u00f6rsiktig! Gl\u00f6m inte att skydda dig mot solen! N\u00e4r du \u00e4ntligen \u00e5tertar utomhusutrymmet efter l\u00e5nga, kalla vinterdagar och bjuder in dina v\u00e4nner p\u00e5 grillfest \u00e4r det perfekt l\u00e4ge att anv\u00e4nda din nya parasoll fr\u00e5n SONGMICS! Sommarens m\u00e5ste-ha Denna parasoll kan vikas \u00e5t v\u00e4nster och h\u00f6ger. P\u00e5 s\u00e5 s\u00e4tt kan du justera den efter tid p\u00e5 dygnet och ljusets infallsvinkel. Parasollets diameter \u00e4r 3 meter och h\u00f6jden 2,4 meter. Under parasollen f\u00e5r det allts\u00e5 plats 4-6 personer. \u00c4ven parasollets st\u00e5ng \u00e4r tillverkad av rostfritt st\u00e5l. Stabilt och h\u00e5llbart skyddstyg UV-skyddstyg (UPF 50+) \u00e4r tillverkat av 100 % polyester, det \u00e4r vattenavvisande och f\u00e4rgbest\u00e4ndigt. Det har ocks\u00e5 flera ventilations\u00f6ppningar. Tack vare detta t\u00e5l tr\u00e4dg\u00e5rdsparaplyet b\u00e4ttre vind. Skyddstyget \u00e4r ocks\u00e5 avtagbart och kan tv\u00e4ttas f\u00f6r hand. Produktinformation: &#8211; F\u00e4rg: gr\u00e5 &#8211; Material: pulverlackerat st\u00e5l, 180 g\/m\u00b2 polyester &#8211; H\u00f6jd: 2,4 m &#8211; \u00d8 solparaply: 3 m &#8211; \u00d8 solparaplytillsats: 36\/38 mm, v\u00e4ggtjocklek: 1 mm- Vikt: 6,2 kgLeveransomfattning:- 1 x parasollSONGMICS Anm\u00e4rkningar:- Parasollets stativ ing\u00e5r inte i leveransen.- St\u00e4ng solskyddet p\u00e5 natten och vid stark vind. &#8211; Detta solskydd rekommenderas inte f\u00f6r anv\u00e4ndning i regnigt v\u00e4der.<\/p>\n","protected":false},"excerpt":{"rendered":"<p>Njut av det vackra v\u00e4dret i skuggan! Utomhuss\u00e4songen har b\u00f6rjat och det \u00e4r dags att g\u00e5 ut i tr\u00e4dg\u00e5rden, p\u00e5 terrassen eller till stranden! Men var f\u00f6rsiktig! Gl\u00f6m inte att skydda dig mot solen! N\u00e4r du \u00e4ntligen \u00e5tertar utomhusutrymmet efter l\u00e5nga, kalla vinterdagar och bjuder in dina v\u00e4nner p\u00e5 grillfest \u00e4r det perfekt l\u00e4ge att [&hellip;]<\/p>\n","protected":false},"featured_media":0,"comment_status":"open","ping_status":"closed","template":"","meta":[],"product_brand":[],"product_cat":[33],"product_tag":[],"class_list":{"0":"post-11956","1":"product","2":"type-product","3":"status-publish","5":"product_cat-okategoriserad","7":"first","8":"instock","9":"shipping-taxable","10":"product-type-simple"},"_links":{"self":[{"href":"https:\/\/nordicmart.andreevmaster.com\/sv\/wp-json\/wp\/v2\/product\/11956","targetHints":{"allow":["GET"]}}],"collection":[{"href":"https:\/\/nordicmart.andreevmaster.com\/sv\/wp-json\/wp\/v2\/product"}],"about":[{"href":"https:\/\/nordicmart.andreevmaster.com\/sv\/wp-json\/wp\/v2\/types\/product"}],"replies":[{"embeddable":true,"href":"https:\/\/nordicmart.andreevmaster.com\/sv\/wp-json\/wp\/v2\/comments?post=11956"}],"wp:attachment":[{"href":"https:\/\/nordicmart.andreevmaster.com\/sv\/wp-json\/wp\/v2\/media?parent=11956"}],"wp:term":[{"taxonomy":"product_brand","embeddable":true,"href":"https:\/\/nordicmart.andreevmaster.com\/sv\/wp-json\/wp\/v2\/product_brand?post=11956"},{"taxonomy":"product_cat","embeddable":true,"href":"https:\/\/nordicmart.andreevmaster.com\/sv\/wp-json\/wp\/v2\/product_cat?post=11956"},{"taxonomy":"product_tag","embeddable":true,"href":"https:\/\/nordicmart.andreevmaster.com\/sv\/wp-json\/wp\/v2\/product_tag?post=11956"}],"curies":[{"name":"wp","href":"https:\/\/api.w.org\/{rel}","templated":true}]}}