{"id":11955,"date":"2026-02-27T00:12:19","date_gmt":"2026-02-27T00:12:19","guid":{"rendered":"https:\/\/nordicmart.andreevmaster.com\/product\/songmics-parasoll-200-x-125-cm-balkongparasoll-upf-50-solskydd\/"},"modified":"2026-02-27T08:06:55","modified_gmt":"2026-02-27T08:06:55","slug":"songmics-parasoll-200-x-125-cm-balkongparasoll-upf-50-solskydd","status":"publish","type":"product","link":"https:\/\/nordicmart.andreevmaster.com\/sv\/produkt\/songmics-parasoll-200-x-125-cm-balkongparasoll-upf-50-solskydd\/","title":{"rendered":"SONGMICS parasoll 200 x 125 cm, balkongparasoll UPF 50+, solskydd"},"content":{"rendered":"<p>Njut av det vackra v\u00e4dret i skuggan!  Utes\u00e4songen har b\u00f6rjat och det \u00e4r dags att ta \u00f6ver tr\u00e4dg\u00e5rden, terrassen eller stranden! Men var f\u00f6rsiktig! T\u00e4nk p\u00e5 att anv\u00e4nda ett adekvat solskydd! N\u00e4r du \u00e4ntligen \u00e5tertar ditt utomhusomr\u00e5de efter l\u00e5nga, kalla vinterdagar och bjuder in dina v\u00e4nner p\u00e5 grillfest, \u00e4r det perfekta tillf\u00e4llet att anv\u00e4nda din nya parasoll fr\u00e5n SONGMICS! Ett m\u00e5ste f\u00f6r sommaren  Parasollets mast \u00e4r tillverkad av rostfritt st\u00e5l. Skyddstyget \u00e4r tillverkat av polyester och erbjuder utm\u00e4rkt UV-skydd upp till UPF 50+. Dessutom ing\u00e5r en praktisk b\u00e4rv\u00e4ska i leveransen, s\u00e5 att du enkelt kan ta med dig strandparasollet vart du \u00e4n g\u00e5r. Produktdetaljer: &#8211; F\u00e4rg: Gr\u00e5 &#8211; Material: Pulverlackerat st\u00e5l, 160 g\/m\u00b2 polyester &#8211; H\u00f6jd: 2,4 m &#8211; Storlek p\u00e5 parasollduk: 2 x 1,25 m (L x B) &#8211; \u00d8 Parasollmast: 28\/32 mm, v\u00e4ggtjocklek: 0,6 mm &#8211; Vikt: 2,8 kg Leveransomfattning:- 1 x parasoll &#8211; 1 x b\u00e4rv\u00e4ska SONGICs anvisningar: &#8211; Parasollfot ing\u00e5r inte. &#8211; St\u00e4ng parasollet p\u00e5 natten och vid stark vind. &#8211; Det rekommenderas inte att anv\u00e4nda parasollet vid regnigt v\u00e4der.<\/p>\n","protected":false},"excerpt":{"rendered":"<p>Parasoll 180 x 125 cm, balkongparasoll UPF 50+, solskydd, kan b\u00f6jas 30\u00b0 p\u00e5 b\u00e5da sidor, h\u00f6jdjusterbar, med f\u00f6rvaringsv\u00e4ska, utan stativ, gr\u00e5<\/p>\n","protected":false},"featured_media":40284,"comment_status":"open","ping_status":"closed","template":"","meta":[],"product_brand":[],"product_cat":[33],"product_tag":[],"class_list":{"0":"post-11955","1":"product","2":"type-product","3":"status-publish","4":"has-post-thumbnail","6":"product_cat-okategoriserad","8":"first","9":"instock","10":"shipping-taxable","11":"purchasable","12":"product-type-simple"},"_links":{"self":[{"href":"https:\/\/nordicmart.andreevmaster.com\/sv\/wp-json\/wp\/v2\/product\/11955","targetHints":{"allow":["GET"]}}],"collection":[{"href":"https:\/\/nordicmart.andreevmaster.com\/sv\/wp-json\/wp\/v2\/product"}],"about":[{"href":"https:\/\/nordicmart.andreevmaster.com\/sv\/wp-json\/wp\/v2\/types\/product"}],"replies":[{"embeddable":true,"href":"https:\/\/nordicmart.andreevmaster.com\/sv\/wp-json\/wp\/v2\/comments?post=11955"}],"wp:featuredmedia":[{"embeddable":true,"href":"https:\/\/nordicmart.andreevmaster.com\/sv\/wp-json\/wp\/v2\/media\/40284"}],"wp:attachment":[{"href":"https:\/\/nordicmart.andreevmaster.com\/sv\/wp-json\/wp\/v2\/media?parent=11955"}],"wp:term":[{"taxonomy":"product_brand","embeddable":true,"href":"https:\/\/nordicmart.andreevmaster.com\/sv\/wp-json\/wp\/v2\/product_brand?post=11955"},{"taxonomy":"product_cat","embeddable":true,"href":"https:\/\/nordicmart.andreevmaster.com\/sv\/wp-json\/wp\/v2\/product_cat?post=11955"},{"taxonomy":"product_tag","embeddable":true,"href":"https:\/\/nordicmart.andreevmaster.com\/sv\/wp-json\/wp\/v2\/product_tag?post=11955"}],"curies":[{"name":"wp","href":"https:\/\/api.w.org\/{rel}","templated":true}]}}