{"id":11952,"date":"2026-02-27T00:12:18","date_gmt":"2026-02-27T00:12:18","guid":{"rendered":"https:\/\/nordicmart.andreevmaster.com\/product\/songmics-parasoll-med-led-solbelysning-takparasoll-300-cm-d-32-led-lampor\/"},"modified":"2026-02-27T08:06:54","modified_gmt":"2026-02-27T08:06:54","slug":"songmics-parasoll-med-led-solbelysning-takparasoll-300-cm-d-32-led-lampor","status":"publish","type":"product","link":"https:\/\/nordicmart.andreevmaster.com\/sv\/produkt\/songmics-parasoll-med-led-solbelysning-takparasoll-300-cm-d-32-led-lampor\/","title":{"rendered":"SONGMICS parasoll med LED-solbelysning, takparasoll 300 cm d, 32 LED-lampor"},"content":{"rendered":"<p>Parasoll med LED-solbelysning, takparasoll 300 cm d, 32 LED-lampor, med stativ, UPF 50+, med vev, taupe<br \/>\nProduktdetaljer:<br \/>\n&#8211; F\u00e4rg: Taupe<br \/>\n&#8211; Material: Paraplyst\u00e5ng av metall, 180 g\/m\u00b2 polyestertyg<br \/>\n&#8211; Paraplyets diameter: 300 cm<br \/>\n&#8211; H\u00f6jd: 245 cm<br \/>\n&#8211; Diameter p\u00e5 paraplyst\u00e5ng: 48 mm<br \/>\n&#8211; Stativets l\u00e4ngd: 88 cm<br \/>\n&#8211; Vikt: 13,8 kg<\/p>\n<p>Leveransomfattning:<br \/>\n&#8211; 1 x parasoll<br \/>\n&#8211; 1 x solpanel f\u00f6r LED-belysning<br \/>\n&#8211; 1 x stativ<br \/>\n&#8211; 1 x bruksanvisning<\/p>\n<p>Anm\u00e4rkningar:<br \/>\n&#8211; F\u00f6r att kunna anv\u00e4nda LED-belysningen ansluter du kontakten, som \u00e4r dold i den \u00f6vre delen av sk\u00e4rmen, till solpanelen och uts\u00e4tter den f\u00f6r direkt solljus i 8 timmar f\u00f6r att ladda den. Efter anv\u00e4ndning st\u00e4nger du av belysningen med str\u00f6mbrytaren.<br \/>\n&#8211; Placera tunga f\u00f6rem\u00e5l (70\u201390 kg; ing\u00e5r ej i leveransen) p\u00e5 foten f\u00f6r att s\u00e4kerst\u00e4lla parasollets stabilitet.<br \/>\n&#8211; Luta inte balkongparasollen vid vind eller regnigt v\u00e4der f\u00f6r att undvika skador p\u00e5 l\u00e5smekanismen.<br \/>\n&#8211; St\u00e4ng parasollen n\u00e4r det inte anv\u00e4nds, vid stark vind eller regnigt v\u00e4der f\u00f6r att undvika skador.<br \/>\n&#8211; Skydda paraplyet med ett skydds\u00f6verdrag (ing\u00e5r ej i leveransen) f\u00f6r att s\u00e4kerst\u00e4lla en l\u00e4ngre livsl\u00e4ngd.<br \/>\n&#8211; Torka av parasollduken dagligen med en mjuk trasa fuktad med ett neutralt reng\u00f6ringsmedel. F\u00f6rvara parasollen n\u00e4r den inte anv\u00e4nds f\u00f6rst n\u00e4r parasollduken \u00e4r helt torr.<\/p>\n","protected":false},"excerpt":{"rendered":"<p>Parasoll med LED-solbelysning, takparasoll 300 cm d, 32 LED-lampor, med stativ, UPF 50+, med vev, taupe<\/p>\n","protected":false},"featured_media":40281,"comment_status":"open","ping_status":"closed","template":"","meta":[],"product_brand":[],"product_cat":[33],"product_tag":[],"class_list":{"0":"post-11952","1":"product","2":"type-product","3":"status-publish","4":"has-post-thumbnail","6":"product_cat-okategoriserad","8":"first","9":"instock","10":"shipping-taxable","11":"purchasable","12":"product-type-simple"},"_links":{"self":[{"href":"https:\/\/nordicmart.andreevmaster.com\/sv\/wp-json\/wp\/v2\/product\/11952","targetHints":{"allow":["GET"]}}],"collection":[{"href":"https:\/\/nordicmart.andreevmaster.com\/sv\/wp-json\/wp\/v2\/product"}],"about":[{"href":"https:\/\/nordicmart.andreevmaster.com\/sv\/wp-json\/wp\/v2\/types\/product"}],"replies":[{"embeddable":true,"href":"https:\/\/nordicmart.andreevmaster.com\/sv\/wp-json\/wp\/v2\/comments?post=11952"}],"wp:featuredmedia":[{"embeddable":true,"href":"https:\/\/nordicmart.andreevmaster.com\/sv\/wp-json\/wp\/v2\/media\/40281"}],"wp:attachment":[{"href":"https:\/\/nordicmart.andreevmaster.com\/sv\/wp-json\/wp\/v2\/media?parent=11952"}],"wp:term":[{"taxonomy":"product_brand","embeddable":true,"href":"https:\/\/nordicmart.andreevmaster.com\/sv\/wp-json\/wp\/v2\/product_brand?post=11952"},{"taxonomy":"product_cat","embeddable":true,"href":"https:\/\/nordicmart.andreevmaster.com\/sv\/wp-json\/wp\/v2\/product_cat?post=11952"},{"taxonomy":"product_tag","embeddable":true,"href":"https:\/\/nordicmart.andreevmaster.com\/sv\/wp-json\/wp\/v2\/product_tag?post=11952"}],"curies":[{"name":"wp","href":"https:\/\/api.w.org\/{rel}","templated":true}]}}