{"id":11951,"date":"2026-02-27T00:12:18","date_gmt":"2026-02-27T00:12:18","guid":{"rendered":"https:\/\/nordicmart.andreevmaster.com\/product\/songmics-parasoll-takparasoll-300-cm-d-med-stativ\/"},"modified":"2026-02-27T08:06:54","modified_gmt":"2026-02-27T08:06:54","slug":"songmics-parasoll-takparasoll-300-cm-d-med-stativ","status":"publish","type":"product","link":"https:\/\/nordicmart.andreevmaster.com\/sv\/produkt\/songmics-parasoll-takparasoll-300-cm-d-med-stativ\/","title":{"rendered":"SONGMICS parasoll, takparasoll 300 cm d, med stativ"},"content":{"rendered":"<p>Parasoll, takparasoll 300 cm d, med stativ, solskydd balkong, balkongparasoll, UV-skydd UPF 50+, med vev f\u00f6r \u00f6ppning och st\u00e4ngning, gr\u00e5<br \/>\nProduktdetaljer:<br \/>\n&#8211; F\u00e4rg: Gr\u00e5<br \/>\n&#8211; Material: Metallst\u00e5ng, sk\u00e4rmduk av 180 g\/m\u00b2 polyester<br \/>\n&#8211; Paraplyets diameter: 300 cm<br \/>\n&#8211; H\u00f6jd: 245 cm<br \/>\n&#8211; Diameter p\u00e5 paraplyst\u00e5ng: 48 mm<br \/>\n&#8211; Stativets l\u00e4ngd: 88 cm<br \/>\n&#8211; Vikt: 13,5 kg<\/p>\n<p>Leveransomfattning:<br \/>\n&#8211; 1 x parasoll<br \/>\n&#8211; 1 x stativ<br \/>\n&#8211; 1 x bruksanvisning<\/p>\n<p>Anvisningar:<br \/>\n&#8211; Placera tunga f\u00f6rem\u00e5l (70\u201390 kg; ing\u00e5r ej i leveransen) p\u00e5 foten f\u00f6r att s\u00e4kerst\u00e4lla parasollets stabilitet.<br \/>\n&#8211; Luta inte balkongparasollen vid vind eller regn f\u00f6r att undvika skador p\u00e5 l\u00e5smekanismen.<br \/>\n&#8211; St\u00e4ng parasollen n\u00e4r det inte anv\u00e4nds, vid stark vind eller regnigt v\u00e4der f\u00f6r att undvika skador.<br \/>\n&#8211; Skydda paraplyet med ett skydds\u00f6verdrag (ing\u00e5r ej i leveransen) f\u00f6r att s\u00e4kerst\u00e4lla en l\u00e4ngre livsl\u00e4ngd.<br \/>\n&#8211; Torka av parasollduken dagligen med en mjuk trasa fuktad med ett neutralt reng\u00f6ringsmedel. F\u00f6rvara parasollen n\u00e4r den inte anv\u00e4nds f\u00f6rst n\u00e4r parasollduken \u00e4r helt torr.<\/p>\n","protected":false},"excerpt":{"rendered":"<p>Parasoll, takparasoll 300 cm d, med stativ, solskydd balkong, balkongparasoll, UV-skydd UPF 50+, med vev f\u00f6r \u00f6ppning och st\u00e4ngning, gr\u00e5<\/p>\n","protected":false},"featured_media":40280,"comment_status":"open","ping_status":"closed","template":"","meta":[],"product_brand":[],"product_cat":[33],"product_tag":[],"class_list":{"0":"post-11951","1":"product","2":"type-product","3":"status-publish","4":"has-post-thumbnail","6":"product_cat-okategoriserad","8":"first","9":"instock","10":"shipping-taxable","11":"purchasable","12":"product-type-simple"},"_links":{"self":[{"href":"https:\/\/nordicmart.andreevmaster.com\/sv\/wp-json\/wp\/v2\/product\/11951","targetHints":{"allow":["GET"]}}],"collection":[{"href":"https:\/\/nordicmart.andreevmaster.com\/sv\/wp-json\/wp\/v2\/product"}],"about":[{"href":"https:\/\/nordicmart.andreevmaster.com\/sv\/wp-json\/wp\/v2\/types\/product"}],"replies":[{"embeddable":true,"href":"https:\/\/nordicmart.andreevmaster.com\/sv\/wp-json\/wp\/v2\/comments?post=11951"}],"wp:featuredmedia":[{"embeddable":true,"href":"https:\/\/nordicmart.andreevmaster.com\/sv\/wp-json\/wp\/v2\/media\/40280"}],"wp:attachment":[{"href":"https:\/\/nordicmart.andreevmaster.com\/sv\/wp-json\/wp\/v2\/media?parent=11951"}],"wp:term":[{"taxonomy":"product_brand","embeddable":true,"href":"https:\/\/nordicmart.andreevmaster.com\/sv\/wp-json\/wp\/v2\/product_brand?post=11951"},{"taxonomy":"product_cat","embeddable":true,"href":"https:\/\/nordicmart.andreevmaster.com\/sv\/wp-json\/wp\/v2\/product_cat?post=11951"},{"taxonomy":"product_tag","embeddable":true,"href":"https:\/\/nordicmart.andreevmaster.com\/sv\/wp-json\/wp\/v2\/product_tag?post=11951"}],"curies":[{"name":"wp","href":"https:\/\/api.w.org\/{rel}","templated":true}]}}