{"id":11949,"date":"2026-02-27T00:12:18","date_gmt":"2026-02-27T00:12:18","guid":{"rendered":"https:\/\/nordicmart.andreevmaster.com\/product\/songmics-parasoll-160-cm-solskydd-upf-50\/"},"modified":"2026-02-27T08:06:54","modified_gmt":"2026-02-27T08:06:54","slug":"songmics-parasoll-160-cm-solskydd-upf-50","status":"publish","type":"product","link":"https:\/\/nordicmart.andreevmaster.com\/sv\/produkt\/songmics-parasoll-160-cm-solskydd-upf-50\/","title":{"rendered":"SONGMICS parasoll 160 cm, solskydd, UPF 50+"},"content":{"rendered":"<p>F\u00f6r en of\u00f6rgl\u00f6mlig sommar: Varm sol, bl\u00e5 himmel, frisk luft, nu saknas bara ett vackert parasoll f\u00f6r att g\u00f6ra din fantastiska semester komplett. Unna dig d\u00e4rf\u00f6r denna parasoll fr\u00e5n SONGMICS! Tack vare det PA-belagda parasolltyget erbjuder den ett utm\u00e4rkt UV-skydd upp till UPF 50+, s\u00e5 du beh\u00f6ver inte oroa dig f\u00f6r att starkt solljus skadar dina \u00f6gon och g\u00f6r din hud r\u00f6d. Tack vare den eleganta f\u00e4rgen kommer denna parasoll att bli ett blickf\u00e5ng p\u00e5 stranden! En f\u00f6ljeslagare f\u00f6r m\u00e5nga \u00e5r! Robusta paraplyribbor av glasfiber, en h\u00f6gkvalitativ vikmekanism av zinklegering, en praktisk s\u00e4kerhetssp\u00e4rr f\u00f6r att f\u00f6rhindra att paraplyet st\u00e4ngs pl\u00f6tsligt, vad mer? Vi tillhandah\u00e5ller en transportv\u00e4ska s\u00e5 att du kan f\u00f6rvara paraplyet p\u00e5 ett utrymmesbesparande s\u00e4tt och ta med det \u00f6verallt. En trogen resekompanjon f\u00f6r dig! Produktdetaljer: F\u00e4rg: Gr\u00e5 Material: Parasollst\u00e5ng av pulverlackerat st\u00e5l, 160 g\/m\u00b2 polyesterduk med PA-bel\u00e4ggning, parasollribbor av glasfiber L\u00e4ngd p\u00e5 v\u00e4lvningen: 1,8 m Horisontell diameter: 1,6 m Vikt: 1,5 kg Leveransomfattning: 1 x parasoll 1 x transportv\u00e4ska 1 x s\u00e4kerhetsl\u00e5s SONGICs anvisningar:Parasollfot ing\u00e5r inte i leveransen. \u00d6ppna inte parasollen med v\u00e5ld, utan f\u00f6rsiktigt och l\u00e5ngsamt. St\u00e4ng parasollen p\u00e5 natten, vid stark vind eller regnigt v\u00e4der f\u00f6r att undvika skador.Skydda paraplyet med ett \u00f6verdrag (ing\u00e5r ej i leveransen) f\u00f6r att s\u00e4kerst\u00e4lla en l\u00e4ngre livsl\u00e4ngd. St\u00e4ng parasollen l\u00e5ngsamt f\u00f6r att undvika att fingrarna kl\u00e4ms.<\/p>\n","protected":false},"excerpt":{"rendered":"<p>Parasoll 160 cm, solskydd, UPF 50+, strandparasoll, b\u00f6jbart 30\u00b0 p\u00e5 b\u00e5da sidor, h\u00f6jdjusterbart, med b\u00e4rv\u00e4ska, utan stativ, gr\u00e5tt<\/p>\n","protected":false},"featured_media":40278,"comment_status":"open","ping_status":"closed","template":"","meta":[],"product_brand":[],"product_cat":[33],"product_tag":[],"class_list":{"0":"post-11949","1":"product","2":"type-product","3":"status-publish","4":"has-post-thumbnail","6":"product_cat-okategoriserad","8":"first","9":"instock","10":"shipping-taxable","11":"purchasable","12":"product-type-simple"},"_links":{"self":[{"href":"https:\/\/nordicmart.andreevmaster.com\/sv\/wp-json\/wp\/v2\/product\/11949","targetHints":{"allow":["GET"]}}],"collection":[{"href":"https:\/\/nordicmart.andreevmaster.com\/sv\/wp-json\/wp\/v2\/product"}],"about":[{"href":"https:\/\/nordicmart.andreevmaster.com\/sv\/wp-json\/wp\/v2\/types\/product"}],"replies":[{"embeddable":true,"href":"https:\/\/nordicmart.andreevmaster.com\/sv\/wp-json\/wp\/v2\/comments?post=11949"}],"wp:featuredmedia":[{"embeddable":true,"href":"https:\/\/nordicmart.andreevmaster.com\/sv\/wp-json\/wp\/v2\/media\/40278"}],"wp:attachment":[{"href":"https:\/\/nordicmart.andreevmaster.com\/sv\/wp-json\/wp\/v2\/media?parent=11949"}],"wp:term":[{"taxonomy":"product_brand","embeddable":true,"href":"https:\/\/nordicmart.andreevmaster.com\/sv\/wp-json\/wp\/v2\/product_brand?post=11949"},{"taxonomy":"product_cat","embeddable":true,"href":"https:\/\/nordicmart.andreevmaster.com\/sv\/wp-json\/wp\/v2\/product_cat?post=11949"},{"taxonomy":"product_tag","embeddable":true,"href":"https:\/\/nordicmart.andreevmaster.com\/sv\/wp-json\/wp\/v2\/product_tag?post=11949"}],"curies":[{"name":"wp","href":"https:\/\/api.w.org\/{rel}","templated":true}]}}