{"id":11948,"date":"2026-02-27T00:12:17","date_gmt":"2026-02-27T00:12:17","guid":{"rendered":"https:\/\/nordicmart.andreevmaster.com\/product\/songmics-parasoll-200-x-150-cm-rektangulart-balkongparasoll-solskydd-upf-50\/"},"modified":"2026-02-27T08:06:53","modified_gmt":"2026-02-27T08:06:53","slug":"songmics-parasoll-200-x-150-cm-rektangulart-balkongparasoll-solskydd-upf-50","status":"publish","type":"product","link":"https:\/\/nordicmart.andreevmaster.com\/sv\/produkt\/songmics-parasoll-200-x-150-cm-rektangulart-balkongparasoll-solskydd-upf-50\/","title":{"rendered":"SONGMICS parasoll 200 x 150 cm, rektangul\u00e4rt balkongparasoll, solskydd UPF 50+"},"content":{"rendered":"<p>Parasoll 200 x 150 cm, rektangul\u00e4rt balkongparasoll, solskydd UPF 50+, kan b\u00f6jas 30\u00b0 p\u00e5 b\u00e5da sidor, f\u00f6r tr\u00e4dg\u00e5rd, terrass, utan stativ, gr\u00e5tt<br \/>\nProduktdetaljer:<br \/>\n&#8211; F\u00e4rg: Gr\u00e5<br \/>\n&#8211; Material: Ram av st\u00e5l, parasollduk av 180 g\/m\u00b2 polyestertyg<br \/>\n&#8211; Storlek p\u00e5 parasollduken: 200 x 150 cm (L x B)<br \/>\n&#8211; H\u00f6jd i uppr\u00e4tt l\u00e4ge: 220 cm<br \/>\n&#8211; Diameter p\u00e5 paraplyst\u00e5ng: 38 mm<br \/>\n&#8211; Vikt: 4,3 kg<\/p>\n<p>Leveransomfattning:<br \/>\n&#8211; 1 x parasoll<br \/>\n&#8211; 1 x bruksanvisning<\/p>\n<p>Anm\u00e4rkningar:<br \/>\n&#8211; Parasollfot ing\u00e5r inte.<br \/>\n&#8211; St\u00e4ng parasollen vid stark vind eller regnigt v\u00e4der f\u00f6r att undvika skador.<br \/>\n&#8211; \u00d6ppna inte balkongparasollen med v\u00e5ld, utan f\u00f6rsiktigt och l\u00e5ngsamt.<\/p>\n","protected":false},"excerpt":{"rendered":"<p>Parasoll 200 x 150 cm, rektangul\u00e4rt balkongparasoll, solskydd UPF 50+, kan b\u00f6jas 30\u00b0 p\u00e5 b\u00e5da sidor, f\u00f6r tr\u00e4dg\u00e5rd, terrass, utan stativ, gr\u00e5tt<\/p>\n","protected":false},"featured_media":40277,"comment_status":"open","ping_status":"closed","template":"","meta":[],"product_brand":[],"product_cat":[33],"product_tag":[],"class_list":{"0":"post-11948","1":"product","2":"type-product","3":"status-publish","4":"has-post-thumbnail","6":"product_cat-okategoriserad","8":"first","9":"instock","10":"shipping-taxable","11":"purchasable","12":"product-type-simple"},"_links":{"self":[{"href":"https:\/\/nordicmart.andreevmaster.com\/sv\/wp-json\/wp\/v2\/product\/11948","targetHints":{"allow":["GET"]}}],"collection":[{"href":"https:\/\/nordicmart.andreevmaster.com\/sv\/wp-json\/wp\/v2\/product"}],"about":[{"href":"https:\/\/nordicmart.andreevmaster.com\/sv\/wp-json\/wp\/v2\/types\/product"}],"replies":[{"embeddable":true,"href":"https:\/\/nordicmart.andreevmaster.com\/sv\/wp-json\/wp\/v2\/comments?post=11948"}],"wp:featuredmedia":[{"embeddable":true,"href":"https:\/\/nordicmart.andreevmaster.com\/sv\/wp-json\/wp\/v2\/media\/40277"}],"wp:attachment":[{"href":"https:\/\/nordicmart.andreevmaster.com\/sv\/wp-json\/wp\/v2\/media?parent=11948"}],"wp:term":[{"taxonomy":"product_brand","embeddable":true,"href":"https:\/\/nordicmart.andreevmaster.com\/sv\/wp-json\/wp\/v2\/product_brand?post=11948"},{"taxonomy":"product_cat","embeddable":true,"href":"https:\/\/nordicmart.andreevmaster.com\/sv\/wp-json\/wp\/v2\/product_cat?post=11948"},{"taxonomy":"product_tag","embeddable":true,"href":"https:\/\/nordicmart.andreevmaster.com\/sv\/wp-json\/wp\/v2\/product_tag?post=11948"}],"curies":[{"name":"wp","href":"https:\/\/api.w.org\/{rel}","templated":true}]}}