{"id":11946,"date":"2026-02-27T00:12:17","date_gmt":"2026-02-27T00:12:17","guid":{"rendered":"https:\/\/nordicmart.andreevmaster.com\/product\/songmics-parasoll-takparasoll-300-cm\/"},"modified":"2026-02-27T08:06:53","modified_gmt":"2026-02-27T08:06:53","slug":"songmics-parasoll-takparasoll-300-cm","status":"publish","type":"product","link":"https:\/\/nordicmart.andreevmaster.com\/sv\/produkt\/songmics-parasoll-takparasoll-300-cm\/","title":{"rendered":"SONGMICS parasoll, takparasoll, 300 cm"},"content":{"rendered":"<p>Parasoll, takparasoll, 300 cm, 28 solcellslampor, UPF 50+, tr\u00e4dg\u00e5rdsparasoll, 360\u00b0 vridbart, justerbar lutningsvinkel, korsfot, duvgr\u00e5<br \/>\nProduktdetaljer:<br \/>\n&#8211; F\u00e4rg: duvgr\u00e5<br \/>\n&#8211; Material: st\u00e5l, 180 g\/m\u00b2 polyester<br \/>\n&#8211; Storlek p\u00e5 parasollduken: 300 cm d<br \/>\n&#8211; H\u00f6jd: 240 cm<br \/>\n&#8211; Vikt: 15,3 kg<\/p>\n<p>Leveransomfattning:<br \/>\n&#8211; 1 x paraply<br \/>\n&#8211; 1 x korsfot<br \/>\n&#8211; 1 x solpanel<br \/>\n&#8211; 1 x bruksanvisning<\/p>\n<p>SONGMICS Anm\u00e4rkningar:<br \/>\n&#8211; Placera tunga f\u00f6rem\u00e5l som v\u00e4ger mer \u00e4n 80 kg (ing\u00e5r inte i leveransen) p\u00e5 foten f\u00f6r att s\u00e4kerst\u00e4lla att parasollet st\u00e5r stadigt.<br \/>\n&#8211; \u00d6ppna inte parasollen med v\u00e5ld, utan f\u00f6rsiktigt och l\u00e5ngsamt.<br \/>\n&#8211; St\u00e4ng parasollen p\u00e5 natten, vid stark vind eller regnigt v\u00e4der f\u00f6r att undvika skador.<br \/>\n&#8211; F\u00f6r att f\u00f6rl\u00e4nga parasollets livsl\u00e4ngd, f\u00f6rvara det i ett skydd (ing\u00e5r ej i leveransen).<br \/>\n&#8211; Sk\u00e4rmtrasan kan fastna i sk\u00e4rmst\u00e5ngen under transport eller f\u00f6rvaring. Skaka sk\u00e4rmtrasan f\u00f6re anv\u00e4ndning s\u00e5 att sk\u00e4rmen l\u00e4tt kan \u00f6ppnas.<\/p>\n","protected":false},"excerpt":{"rendered":"<p>Parasoll, takparasoll, 300 cm, 28 solcellslampor, UPF 50+, tr\u00e4dg\u00e5rdsparasoll, 360\u00b0 vridbart, justerbar lutningsvinkel, korsfot, duvgr\u00e5<\/p>\n","protected":false},"featured_media":40275,"comment_status":"open","ping_status":"closed","template":"","meta":[],"product_brand":[],"product_cat":[33],"product_tag":[],"class_list":{"0":"post-11946","1":"product","2":"type-product","3":"status-publish","4":"has-post-thumbnail","6":"product_cat-okategoriserad","8":"first","9":"instock","10":"shipping-taxable","11":"purchasable","12":"product-type-simple"},"_links":{"self":[{"href":"https:\/\/nordicmart.andreevmaster.com\/sv\/wp-json\/wp\/v2\/product\/11946","targetHints":{"allow":["GET"]}}],"collection":[{"href":"https:\/\/nordicmart.andreevmaster.com\/sv\/wp-json\/wp\/v2\/product"}],"about":[{"href":"https:\/\/nordicmart.andreevmaster.com\/sv\/wp-json\/wp\/v2\/types\/product"}],"replies":[{"embeddable":true,"href":"https:\/\/nordicmart.andreevmaster.com\/sv\/wp-json\/wp\/v2\/comments?post=11946"}],"wp:featuredmedia":[{"embeddable":true,"href":"https:\/\/nordicmart.andreevmaster.com\/sv\/wp-json\/wp\/v2\/media\/40275"}],"wp:attachment":[{"href":"https:\/\/nordicmart.andreevmaster.com\/sv\/wp-json\/wp\/v2\/media?parent=11946"}],"wp:term":[{"taxonomy":"product_brand","embeddable":true,"href":"https:\/\/nordicmart.andreevmaster.com\/sv\/wp-json\/wp\/v2\/product_brand?post=11946"},{"taxonomy":"product_cat","embeddable":true,"href":"https:\/\/nordicmart.andreevmaster.com\/sv\/wp-json\/wp\/v2\/product_cat?post=11946"},{"taxonomy":"product_tag","embeddable":true,"href":"https:\/\/nordicmart.andreevmaster.com\/sv\/wp-json\/wp\/v2\/product_tag?post=11946"}],"curies":[{"name":"wp","href":"https:\/\/api.w.org\/{rel}","templated":true}]}}