{"id":11945,"date":"2026-02-27T00:12:17","date_gmt":"2026-02-27T00:12:17","guid":{"rendered":"https:\/\/nordicmart.andreevmaster.com\/product\/songmics-parasoll-340-cm-upf-50-strandparasoll\/"},"modified":"2026-02-27T08:06:53","modified_gmt":"2026-02-27T08:06:53","slug":"songmics-parasoll-340-cm-upf-50-strandparasoll","status":"publish","type":"product","link":"https:\/\/nordicmart.andreevmaster.com\/sv\/produkt\/songmics-parasoll-340-cm-upf-50-strandparasoll\/","title":{"rendered":"SONGMICS parasoll 340 cm, UPF 50+, strandparasoll"},"content":{"rendered":"<p>Parasoll 300 cm, UPF 50+, strandparasoll, kan b\u00f6jas 30\u00b0 p\u00e5 b\u00e5da sidor, solskydd, med vev f\u00f6r \u00f6ppning\/st\u00e4ngning, utan stativ, gr\u00e5<br \/>\nProduktdetaljer:<br \/>\n&#8211; F\u00e4rg: Gr\u00e5<br \/>\n&#8211; Material: Paraplymast av metall, 180 g\/m\u00b2 polyestertyg<br \/>\n&#8211; Sk\u00e4rmdukens v\u00e4lvning: 340 cm<br \/>\n&#8211; Horisontell diameter p\u00e5 parasollduken: 327,5 cm<br \/>\n&#8211; Diameter p\u00e5 paraplyst\u00e5ng: 38 mm<br \/>\n&#8211; H\u00f6jd: 246 cm<br \/>\n&#8211; Vikt: 7,6 kg<\/p>\n<p>Leveransomfattning:<br \/>\n&#8211; 1 x parasoll<br \/>\n&#8211; 1 x bruksanvisning<\/p>\n<p>Anm\u00e4rkningar:<br \/>\n&#8211; Parasollfot ing\u00e5r inte.<br \/>\n&#8211; \u00d6ppna inte parasollen med v\u00e5ld, utan f\u00f6rsiktigt och l\u00e5ngsamt.<br \/>\n&#8211; St\u00e4ng parasollen p\u00e5 natten, vid stark vind eller regnigt v\u00e4der f\u00f6r att undvika skador.<br \/>\n&#8211; Skydda paraplyet med ett \u00f6verdrag (ing\u00e5r ej i leveransen) f\u00f6r att s\u00e4kerst\u00e4lla en l\u00e4ngre livsl\u00e4ngd.<\/p>\n","protected":false},"excerpt":{"rendered":"<p>Parasoll 300 cm, UPF 50+, strandparasoll, kan b\u00f6jas 30\u00b0 p\u00e5 b\u00e5da sidor, solskydd, med vev f\u00f6r \u00f6ppning\/st\u00e4ngning, utan stativ, gr\u00e5<\/p>\n","protected":false},"featured_media":40274,"comment_status":"open","ping_status":"closed","template":"","meta":[],"product_brand":[],"product_cat":[33],"product_tag":[],"class_list":{"0":"post-11945","1":"product","2":"type-product","3":"status-publish","4":"has-post-thumbnail","6":"product_cat-okategoriserad","8":"first","9":"instock","10":"shipping-taxable","11":"purchasable","12":"product-type-simple"},"_links":{"self":[{"href":"https:\/\/nordicmart.andreevmaster.com\/sv\/wp-json\/wp\/v2\/product\/11945","targetHints":{"allow":["GET"]}}],"collection":[{"href":"https:\/\/nordicmart.andreevmaster.com\/sv\/wp-json\/wp\/v2\/product"}],"about":[{"href":"https:\/\/nordicmart.andreevmaster.com\/sv\/wp-json\/wp\/v2\/types\/product"}],"replies":[{"embeddable":true,"href":"https:\/\/nordicmart.andreevmaster.com\/sv\/wp-json\/wp\/v2\/comments?post=11945"}],"wp:featuredmedia":[{"embeddable":true,"href":"https:\/\/nordicmart.andreevmaster.com\/sv\/wp-json\/wp\/v2\/media\/40274"}],"wp:attachment":[{"href":"https:\/\/nordicmart.andreevmaster.com\/sv\/wp-json\/wp\/v2\/media?parent=11945"}],"wp:term":[{"taxonomy":"product_brand","embeddable":true,"href":"https:\/\/nordicmart.andreevmaster.com\/sv\/wp-json\/wp\/v2\/product_brand?post=11945"},{"taxonomy":"product_cat","embeddable":true,"href":"https:\/\/nordicmart.andreevmaster.com\/sv\/wp-json\/wp\/v2\/product_cat?post=11945"},{"taxonomy":"product_tag","embeddable":true,"href":"https:\/\/nordicmart.andreevmaster.com\/sv\/wp-json\/wp\/v2\/product_tag?post=11945"}],"curies":[{"name":"wp","href":"https:\/\/api.w.org\/{rel}","templated":true}]}}